{"id":439831,"date":"2022-04-17T12:44:58","date_gmt":"2022-04-17T11:44:58","guid":{"rendered":"https:\/\/www.moskito.cz\/produkt\/sabre-de-samourai-boker-magnum-akito\/"},"modified":"2026-03-02T13:59:46","modified_gmt":"2026-03-02T12:59:46","slug":"sabre-de-samourai-boker-magnum-akito","status":"publish","type":"product","link":"https:\/\/www.moskito.cz\/fr\/produkt\/sabre-de-samourai-boker-magnum-akito\/","title":{"rendered":"Sabre de samoura\u00ef B\u00f6ker Magnum Akito"},"content":{"rendered":"<p>Sabre de samoura\u00ef B\u00f6ker Magnum Akito<\/p>\n<p>Magnum Akito est un v\u00e9ritable sabre fonctionnel. Il convient non seulement aux kata (formes d&rsquo;exercice) ou aux Iaito (exercices de dessin), mais aussi aux tameshigiri (\u00e9preuves de coupe). Pour effectuer des tests de coupe, il faut une lame de tr\u00e8s haute qualit\u00e9, bien aiguis\u00e9e, pour conserver le tranchant. La lame de l&rsquo;Akito est fabriqu\u00e9e en acier au carbone 1045 durci \u00e0 l&rsquo;argile avec un v\u00e9ritable hamon (ligne de trempe). La construction g\u00e9n\u00e9rale est tr\u00e8s robuste. La lame est continue presque jusqu&rsquo;\u00e0 l&rsquo;extr\u00e9mit\u00e9 de la poign\u00e9e et est fix\u00e9e par deux mekugi. Ce sabre fonctionnel est livr\u00e9 avec un magnifique fourreau en bois laqu\u00e9 et les yeux traditionnels (Kurigata et Shito-Dome).      <\/p>\n<p>Longueur totale : 102 cm<br \/>\nLongueur de la lame : 72,5 cm<br \/>\nPoids : 1120 g<br \/>\n\u00c9paisseur de la lame : 7,6 mm<br \/>\nMat\u00e9riau de la lame : acier au carbone 1045<\/p>\n<p>Le Magnum Akito est un v\u00e9ritable sabre fonctionnel. Il convient non seulement aux kata (formes d&rsquo;exercice) ou aux Iaito (exercices de dessin), mais aussi aux tameshigiri (tests de coupe). Pour effectuer des tests de coupe, il faut une lame de tr\u00e8s haute qualit\u00e9, bien aiguis\u00e9e et qui conserve son tranchant. La lame Akito est fabriqu\u00e9e en acier au carbone 1045 durci \u00e0 l&rsquo;argile avec un v\u00e9ritable hamon (ligne de trempe). La structure g\u00e9n\u00e9rale est tr\u00e8s robuste. La lame est continue presque jusqu&rsquo;\u00e0 l&rsquo;extr\u00e9mit\u00e9 de la poign\u00e9e et est fix\u00e9e par deux mekugis. Ce sabre fonctionnel est livr\u00e9 avec un magnifique fourreau en bois laqu\u00e9, ainsi qu&rsquo;avec des yeux traditionnels (Kurigata et Shito-Dome).      <\/p>\n<p>Taper:<br \/>\nFunktionsschwert<br \/>\nLongueur totale:<br \/>\n102,00 cm<br \/>\nLongueur de la lame&nbsp;:<br \/>\n72,50 cm<br \/>\n\u00c9paisseur de la lame&nbsp;:<br \/>\n7,60 mm<br \/>\nPoids:<br \/>\n1120,00 g<br \/>\nMat\u00e9riau de la lame&nbsp;:<br \/>\nAcier au carbone<br \/>\nFabriqu\u00e9 en:<br \/>\nAsie<br \/>\nCouleur:<br \/>\nNoir<br \/>\nCouleur de la lame&nbsp;:<br \/>\nNon couch\u00e9<br \/>\nMat\u00e9riau de la gaine&nbsp;:<br \/>\nBois<br \/>\nNum\u00e9ro d&rsquo;article:<br \/>\n05ZS9126<\/p>\n","protected":false},"excerpt":{"rendered":"<p>Au fil du temps, la fabrique de couteaux <strong>B\u00f6ker<\/strong> est devenue un leader mondial de l&rsquo;innovation et le plus grand fabricant de couteaux de sport, de couteaux tactiques et de couteaux de collection en Europe.<\/p>\n","protected":false},"featured_media":439835,"comment_status":"open","ping_status":"closed","template":"","meta":[],"pwb-brand":[3799],"product_brand":[],"product_cat":[3888,3889],"product_tag":[3754],"class_list":{"0":"post-439831","1":"product","2":"type-product","3":"status-publish","4":"has-post-thumbnail","6":"pwb-brand-boker-fr","7":"product_cat-katanas-et-epees","8":"product_cat-epees-poignards-repliques","9":"product_tag-b2b-fr","11":"first","12":"instock","13":"taxable","14":"shipping-taxable","15":"purchasable","16":"product-type-simple"},"brands":[{"id":3799,"name":"Boker","slug":"boker-fr"}],"_links":{"self":[{"href":"https:\/\/www.moskito.cz\/fr\/wp-json\/wp\/v2\/product\/439831","targetHints":{"allow":["GET"]}}],"collection":[{"href":"https:\/\/www.moskito.cz\/fr\/wp-json\/wp\/v2\/product"}],"about":[{"href":"https:\/\/www.moskito.cz\/fr\/wp-json\/wp\/v2\/types\/product"}],"replies":[{"embeddable":true,"href":"https:\/\/www.moskito.cz\/fr\/wp-json\/wp\/v2\/comments?post=439831"}],"wp:featuredmedia":[{"embeddable":true,"href":"https:\/\/www.moskito.cz\/fr\/wp-json\/wp\/v2\/media\/439835"}],"wp:attachment":[{"href":"https:\/\/www.moskito.cz\/fr\/wp-json\/wp\/v2\/media?parent=439831"}],"wp:term":[{"taxonomy":"pwb-brand","embeddable":true,"href":"https:\/\/www.moskito.cz\/fr\/wp-json\/wp\/v2\/pwb-brand?post=439831"},{"taxonomy":"product_brand","embeddable":true,"href":"https:\/\/www.moskito.cz\/fr\/wp-json\/wp\/v2\/product_brand?post=439831"},{"taxonomy":"product_cat","embeddable":true,"href":"https:\/\/www.moskito.cz\/fr\/wp-json\/wp\/v2\/product_cat?post=439831"},{"taxonomy":"product_tag","embeddable":true,"href":"https:\/\/www.moskito.cz\/fr\/wp-json\/wp\/v2\/product_tag?post=439831"}],"curies":[{"name":"wp","href":"https:\/\/api.w.org\/{rel}","templated":true}]}}