{"id":439853,"date":"2025-05-21T14:20:38","date_gmt":"2025-05-21T13:20:38","guid":{"rendered":"https:\/\/www.moskito.cz\/produkt\/couteau-de-fermeture-crkt-provoke-sand-4041s\/"},"modified":"2026-03-02T13:59:59","modified_gmt":"2026-03-02T12:59:59","slug":"couteau-de-fermeture-crkt-provoke-sand-4041s","status":"publish","type":"product","link":"https:\/\/www.moskito.cz\/fr\/produkt\/couteau-de-fermeture-crkt-provoke-sand-4041s\/","title":{"rendered":"Couteau de fermeture CRKT Provoke Sand 4041S"},"content":{"rendered":"<p data-pm-slice=\"1 1 []\"><strong>CRKT Provoke Sand 4041S &#8211; Karambit r\u00e9volutionnaire avec m\u00e9canisme cin\u00e9matique<\/strong><\/p>\n<p>Couteau de fermeture  <strong>CRKT Provoke Sand 4041S<\/strong>  est un outil tactique sans compromis qui repousse les limites du design et de la fonctionnalit\u00e9. Ce karambit innovant est dot\u00e9 d&rsquo;un m\u00e9canisme <strong>Kinematic\u00ae<\/strong> brevet\u00e9 qui permet d&rsquo;ouvrir le couteau instantan\u00e9ment d&rsquo;un simple mouvement du doigt. Malgr\u00e9 son aspect futuriste, il reste un outil extr\u00eamement pratique pour le transport quotidien et l&rsquo;autod\u00e9fense.  <\/p>\n<div>\n<hr>\n<\/div>\n<h3>Propri\u00e9t\u00e9s cl\u00e9s&nbsp;:<\/h3>\n<ul data-spread=\"false\">\n<li><strong>Longueur totale :<\/strong> 19,4 cm<\/li>\n<li><strong>Longueur de la lame :<\/strong> 6,3 cm<\/li>\n<li><strong>Poids :<\/strong> environ 170 g<\/li>\n<li><strong>Mat\u00e9riau de la lame :<\/strong> 1.4116<\/li>\n<li><strong>Finition de la lame :<\/strong> stonewashed<\/li>\n<li><strong>Mat\u00e9riau du manche :<\/strong> aluminium 6061 T6 avec finition couleur sable<\/li>\n<li><strong>Verrouillage :<\/strong> Kinematic\u00ae.<\/li>\n<li><strong>Concepteur:<\/strong> Joe Caswell<\/li>\n<\/ul>\n<div>\n<hr>\n<\/div>\n<h3>Avantages :<\/h3>\n<ul data-spread=\"false\">\n<li><strong>Conception r\u00e9volutionnaire : le<\/strong> m\u00e9canisme Kinematic\u00ae permet une extension instantan\u00e9e et intuitive de la lame &#8211; id\u00e9al dans les situations de crise.<\/li>\n<li><strong>Conception ergonomique du karambit :<\/strong> la lame incurv\u00e9e et le trou pour les doigts garantissent une bonne prise en main et un excellent contr\u00f4le.<\/li>\n<li><strong>Grande durabilit\u00e9 :<\/strong> la poign\u00e9e en aluminium anodis\u00e9 r\u00e9siste \u00e0 des conditions extr\u00eames.<\/li>\n<li><strong>Vous pouvez le porter en toute s\u00e9curit\u00e9 :<\/strong> Le couteau est \u00e9quip\u00e9 d&rsquo;un verrou de s\u00e9curit\u00e9 pour \u00e9viter toute ouverture accidentelle.<\/li>\n<li><strong>Un style s\u00fbr :<\/strong> Le manche de couleur sable conf\u00e8re au couteau un aspect unique et un caract\u00e8re tactique.<\/li>\n<\/ul>\n<div>\n<hr>\n<\/div>\n<h3>Utilisation et objectif :<\/h3>\n<p>CRKT Provoke Sand 4041S est id\u00e9al pour :<\/p>\n<ul data-spread=\"false\">\n<li><strong>D\u00e9ploiement tactique<\/strong><\/li>\n<li><strong>Autod\u00e9fense<\/strong><\/li>\n<li><strong>Utilisation des services<\/strong> (forces de s\u00e9curit\u00e9, personnel param\u00e9dical)<\/li>\n<li><strong>Les collectionneurs<\/strong> \u00e0 la recherche de m\u00e9canismes uniques<\/li>\n<\/ul>\n<div>\n<hr>\n<\/div>\n<h3>Comparaison avec les concurrents :<\/h3>\n<table>\n<tbody>\n<tr>\n<th>Mod\u00e8le<\/th>\n<th>M\u00e9canisme<\/th>\n<th>Mat\u00e9riau de la lame<\/th>\n<th>Mat\u00e9riau du manche<\/th>\n<th>Poids<\/th>\n<\/tr>\n<tr>\n<td>CRKT Provoke Sand<\/td>\n<td>Kin\u00e9matique<\/td>\n<td>1.4116<\/td>\n<td>Aluminium 6061 T6<\/td>\n<td>~170 g<\/td>\n<\/tr>\n<tr>\n<td>Karambit Fox<\/td>\n<td>Liner Lock<\/td>\n<td>N690Co<\/td>\n<td>G10<\/td>\n<td>~130 g<\/td>\n<\/tr>\n<tr>\n<td>Cold Steel Tiger Claw<\/td>\n<td>Verrouillage Tri-Ad<\/td>\n<td>S35VN<\/td>\n<td>G10<\/td>\n<td>~180 g<\/td>\n<\/tr>\n<\/tbody>\n<\/table>\n<p><strong>L&rsquo;avantage du CRKT Provoke :<\/strong> un m\u00e9canisme inhabituel, extr\u00eamement rapide et s\u00fbr + un design distinctif.<\/p>\n<div>\n<hr>\n<\/div>\n<h3>Raisons d&rsquo;acheter :<\/h3>\n<ul data-spread=\"false\">\n<li>Technologie d&rsquo;ouverture r\u00e9volutionnaire<\/li>\n<li>Un design distinctif pour les amateurs d&rsquo;\u00e9quipement tactique<\/li>\n<li>Poign\u00e9e robuste et durable<\/li>\n<li>S\u00fbr \u00e0 porter et facile \u00e0 utiliser<\/li>\n<li>Un cadeau id\u00e9al pour les amateurs de couteaux innovants<\/li>\n<\/ul>\n<div>\n<hr>\n<\/div>\n<h3>Conclusion:<\/h3>\n<p><strong>Le CRKT Provoke Sand 4041S<\/strong> n&rsquo;est pas un simple carambit &#8211; c&rsquo;est une <strong>merveille d&rsquo;ing\u00e9nierie<\/strong> qui combine l&rsquo;art, la technologie et la praticit\u00e9. Si vous \u00eates \u00e0 la recherche d&rsquo;un couteau qui vous donnera un avantage dans n&rsquo;importe quelle situation, tout en se distinguant des autres et en laissant une impression, vous venez de le trouver. Soyez pr\u00eat. Soyez diff\u00e9rent. Provoquez.    <\/p>\n<p>&nbsp;<\/p>\n","protected":false},"excerpt":{"rendered":"<p><strong>Le CRKT Provoke Sand 4041S n&rsquo;est pas un simple carambit &#8211; c&rsquo;est une merveille d&rsquo;ing\u00e9nierie qui combine l&rsquo;art, la technologie et la praticit\u00e9. Si vous \u00eates \u00e0 la recherche d&rsquo;un couteau qui vous donnera un avantage dans n&rsquo;importe quelle situation, tout en se distinguant des autres et en laissant une impression, vous venez de le trouver. Soyez pr\u00eat. Soyez diff\u00e9rent. Provoquez.    <\/strong><\/p>\n","protected":false},"featured_media":403188,"comment_status":"open","ping_status":"closed","template":"","meta":[],"pwb-brand":[3762],"product_brand":[],"product_cat":[3700,3696],"product_tag":[],"class_list":{"0":"post-439853","1":"product","2":"type-product","3":"status-publish","4":"has-post-thumbnail","6":"pwb-brand-crkt-fr","7":"product_cat-couteaux-de-fermeture","8":"product_cat-des-couteaux","10":"first","11":"instock","12":"taxable","13":"shipping-taxable","14":"purchasable","15":"product-type-simple"},"brands":[{"id":3762,"name":"CRKT","slug":"crkt-fr"}],"_links":{"self":[{"href":"https:\/\/www.moskito.cz\/fr\/wp-json\/wp\/v2\/product\/439853","targetHints":{"allow":["GET"]}}],"collection":[{"href":"https:\/\/www.moskito.cz\/fr\/wp-json\/wp\/v2\/product"}],"about":[{"href":"https:\/\/www.moskito.cz\/fr\/wp-json\/wp\/v2\/types\/product"}],"replies":[{"embeddable":true,"href":"https:\/\/www.moskito.cz\/fr\/wp-json\/wp\/v2\/comments?post=439853"}],"wp:featuredmedia":[{"embeddable":true,"href":"https:\/\/www.moskito.cz\/fr\/wp-json\/wp\/v2\/media\/403188"}],"wp:attachment":[{"href":"https:\/\/www.moskito.cz\/fr\/wp-json\/wp\/v2\/media?parent=439853"}],"wp:term":[{"taxonomy":"pwb-brand","embeddable":true,"href":"https:\/\/www.moskito.cz\/fr\/wp-json\/wp\/v2\/pwb-brand?post=439853"},{"taxonomy":"product_brand","embeddable":true,"href":"https:\/\/www.moskito.cz\/fr\/wp-json\/wp\/v2\/product_brand?post=439853"},{"taxonomy":"product_cat","embeddable":true,"href":"https:\/\/www.moskito.cz\/fr\/wp-json\/wp\/v2\/product_cat?post=439853"},{"taxonomy":"product_tag","embeddable":true,"href":"https:\/\/www.moskito.cz\/fr\/wp-json\/wp\/v2\/product_tag?post=439853"}],"curies":[{"name":"wp","href":"https:\/\/api.w.org\/{rel}","templated":true}]}}