{"id":439860,"date":"2024-09-26T13:01:18","date_gmt":"2024-09-26T12:01:18","guid":{"rendered":"https:\/\/www.moskito.cz\/produkt\/couteau-pliant-boker-plus-wasabi-cocobolo-01bo631\/"},"modified":"2026-03-02T14:00:07","modified_gmt":"2026-03-02T13:00:07","slug":"couteau-pliant-boker-plus-wasabi-cocobolo-01bo631","status":"publish","type":"product","link":"https:\/\/www.moskito.cz\/fr\/produkt\/couteau-pliant-boker-plus-wasabi-cocobolo-01bo631\/","title":{"rendered":"Couteau pliant B\u00f6ker Plus Wasabi Cocobolo 01BO631"},"content":{"rendered":"<p>Couteau pliant <strong>B\u00f6ker Plus<\/strong> Wasabi Cocobolo 01BO631.<\/p>\n<p>Le coutelier japonais Kansei Matsuno est un ma\u00eetre de son art et ses cr\u00e9ations ont incontestablement un style qui leur est propre. La combinaison astucieuse d&rsquo;\u00e9l\u00e9ments du style japonais avec les caract\u00e9ristiques d&rsquo;un couteau de poche pour homme moderne a imm\u00e9diatement attir\u00e9 notre attention. <\/p>\n<p>Le design fin et la construction l\u00e9g\u00e8re du B\u00f6ker Plus Wasabi, associ\u00e9s au design rectiligne et \u00e0 la lame japonaise classique, en font un couteau \u00e9l\u00e9gant pour un usage quotidien. La lame \u00e0 roulement \u00e0 billes s&rsquo;ouvre avec le flipper avant et est maintenue ouverte en tant qu&rsquo;articulation coulissante par sa propre bille de verrouillage. La lame est en 440C \u00e9prouv\u00e9. Manche avec plaquettes en acier inoxydable et fermoir frais\u00e9. \u00c9cailles en cocobolo s\u00e9lectionn\u00e9.    <\/p>\n<p>Type d&rsquo;article : Couteau de poche<br \/>\nMarque : Boker Plus<br \/>\nLongueur totale : 17.60 cm<br \/>\nLongueur de la lame : 7.20 cm<br \/>\nEpaisseur de la lame : 2.10 mm<br \/>\nPoids : 45.00 g<br \/>\nDesigner : Kansei Matsuno<br \/>\nMat\u00e9riau de la lame : 440C<br \/>\nMat\u00e9riau du manche : Bois de cocobolo<br \/>\nAide \u00e0 l&rsquo;ouverture : Pinball<br \/>\nOuverture : Manuelle<br \/>\nFermeture : Slip joint<br \/>\nNum\u00e9ro d&rsquo;article : 01BO631<\/p>\n<p>&nbsp;<\/p>\n","protected":false},"excerpt":{"rendered":"<p><strong>Le coutelier japonais Kansei Matsuno est un ma\u00eetre de son art et ses cr\u00e9ations ont incontestablement un style qui leur est propre. La combinaison astucieuse d&rsquo;\u00e9l\u00e9ments du style japonais avec les caract\u00e9ristiques d&rsquo;un couteau de poche pour homme moderne a imm\u00e9diatement attir\u00e9 notre attention. <\/strong><\/p>\n","protected":false},"featured_media":365638,"comment_status":"closed","ping_status":"closed","template":"","meta":[],"pwb-brand":[3799],"product_brand":[],"product_cat":[3700,3696],"product_tag":[],"class_list":{"0":"post-439860","1":"product","2":"type-product","3":"status-publish","4":"has-post-thumbnail","6":"pwb-brand-boker-fr","7":"product_cat-couteaux-de-fermeture","8":"product_cat-des-couteaux","10":"first","11":"outofstock","12":"taxable","13":"shipping-taxable","14":"purchasable","15":"product-type-simple"},"brands":[{"id":3799,"name":"Boker","slug":"boker-fr"}],"_links":{"self":[{"href":"https:\/\/www.moskito.cz\/fr\/wp-json\/wp\/v2\/product\/439860","targetHints":{"allow":["GET"]}}],"collection":[{"href":"https:\/\/www.moskito.cz\/fr\/wp-json\/wp\/v2\/product"}],"about":[{"href":"https:\/\/www.moskito.cz\/fr\/wp-json\/wp\/v2\/types\/product"}],"replies":[{"embeddable":true,"href":"https:\/\/www.moskito.cz\/fr\/wp-json\/wp\/v2\/comments?post=439860"}],"wp:featuredmedia":[{"embeddable":true,"href":"https:\/\/www.moskito.cz\/fr\/wp-json\/wp\/v2\/media\/365638"}],"wp:attachment":[{"href":"https:\/\/www.moskito.cz\/fr\/wp-json\/wp\/v2\/media?parent=439860"}],"wp:term":[{"taxonomy":"pwb-brand","embeddable":true,"href":"https:\/\/www.moskito.cz\/fr\/wp-json\/wp\/v2\/pwb-brand?post=439860"},{"taxonomy":"product_brand","embeddable":true,"href":"https:\/\/www.moskito.cz\/fr\/wp-json\/wp\/v2\/product_brand?post=439860"},{"taxonomy":"product_cat","embeddable":true,"href":"https:\/\/www.moskito.cz\/fr\/wp-json\/wp\/v2\/product_cat?post=439860"},{"taxonomy":"product_tag","embeddable":true,"href":"https:\/\/www.moskito.cz\/fr\/wp-json\/wp\/v2\/product_tag?post=439860"}],"curies":[{"name":"wp","href":"https:\/\/api.w.org\/{rel}","templated":true}]}}