{"id":439871,"date":"2022-07-07T21:10:38","date_gmt":"2022-07-07T20:10:38","guid":{"rendered":"https:\/\/www.moskito.cz\/produkt\/couteau-fixe-extrema-ratio-nk3-noir\/"},"modified":"2026-03-04T12:08:02","modified_gmt":"2026-03-04T11:08:02","slug":"couteau-fixe-extrema-ratio-nk3-noir","status":"publish","type":"product","link":"https:\/\/www.moskito.cz\/fr\/produkt\/couteau-fixe-extrema-ratio-nk3-noir\/","title":{"rendered":"Couteau Fixe Extrema Ratio NK3 NOIR"},"content":{"rendered":"<p>Couteau Fixe <strong>Extrema Ratio<\/strong> NK3 NOIR<\/p>\n<p><strong>Le N.K.3<\/strong> est un couteau plus petit qui vient agrandir la famille des couteaux Extrema Ratio. Le N.K.3 est plus grand que les N.K.1 et N.K.2, poss\u00e8de une lame tanto de 70 mm de long et un trou d&rsquo;\u00e9vacuation du sang.  La conception de la poign\u00e9e \u00e9vite les blessures accidentelles lors du dessin. La rainure \u00e0 l&rsquo;arri\u00e8re de la lame convient \u00e0 l&rsquo;index ou au pouce de l&rsquo;utilisateur, selon le style d&rsquo;op\u00e9ration. Gr\u00e2ce \u00e0 sa conception g\u00e9n\u00e9rale, le N.K.3 est \u00e0 la fois offensif, gr\u00e2ce \u00e0 des coups de taille tr\u00e8s efficaces, et utile pour travailler avec peu de pr\u00e9cision. L&rsquo;\u00e9tui Kydex \u00e0 d\u00e9gagement rapide inclus est livr\u00e9 avec une sangle en paracorde pour le port du cou. Il peut \u00e9galement \u00eatre attach\u00e9 via le syst\u00e8me MOLLE aux gilets tactiques ou \u00e0 l&rsquo;une des gaines cordura compatibles d&rsquo;Extrema Ratio. Disponible mais non inclus : BELT-CLIP (pour attacher l&rsquo;\u00e9tui \u00e0 la ceinture), polym\u00e8re UNDER SHIRT SYSTEM (pour un transport dissimul\u00e9). Versions disponibles : N.K.3 NOIR, N.K.3 GUERRE DU D\u00c9SERT, N.K.3   PIERRE LAV\u00c9E.<\/p>\n<p>POIDS G. : 82<br \/>\nPOIDS OZ. : 2.8<br \/>\nLONGUEUR DE LA LAME (MM) : 70<br \/>\nLONGUEUR DE LA LAME (IN) : 2.75<br \/>\nLONGUEUR TOTALE (MM) : 153<br \/>\nLONGUEUR TOTALE (IN) : 6<br \/>\n\u00c9PAISSEUR DE LA LAME (MM) : 6.3<br \/>\n\u00c9PAISSEUR DE LA LAME (IN) : 0,25<br \/>\nMAT\u00c9RIAU DE LA LAME : ACIER B\u00d6HLER N690 (58HRC)<br \/>\nFINITION DE LA LAME : NOIR<br \/>\nGRILLE PRINCIPALE : PLATE<br \/>\nMAT\u00c9RIAU DU MANCHE : ACIER B\u00d6HLER N690 (58HRC)<\/p>\n","protected":false},"excerpt":{"rendered":"<p>Bas\u00e9 \u00e0 Prato, en Italie, <strong>Extrema Ratio<\/strong> con\u00e7oit et fabrique depuis 1997 des couteaux de combat, militaires, de cuisine, de chasse et tactiques de haute performance et jouit d&rsquo;une r\u00e9putation d&rsquo;excellence in\u00e9gal\u00e9e dans l&rsquo;industrie des couteaux militaires et tactiques.<\/p>\n","protected":false},"featured_media":439873,"comment_status":"open","ping_status":"closed","template":"","meta":[],"pwb-brand":[3767],"product_brand":[],"product_cat":[3697,3696],"product_tag":[3754],"class_list":{"0":"post-439871","1":"product","2":"type-product","3":"status-publish","4":"has-post-thumbnail","6":"pwb-brand-rapport-extreme","7":"product_cat-couteaux-solides","8":"product_cat-des-couteaux","9":"product_tag-b2b-fr","11":"first","12":"outofstock","13":"taxable","14":"shipping-taxable","15":"purchasable","16":"product-type-simple"},"brands":[{"id":3767,"name":"Rapport extr\u00eame","slug":"rapport-extreme"}],"_links":{"self":[{"href":"https:\/\/www.moskito.cz\/fr\/wp-json\/wp\/v2\/product\/439871","targetHints":{"allow":["GET"]}}],"collection":[{"href":"https:\/\/www.moskito.cz\/fr\/wp-json\/wp\/v2\/product"}],"about":[{"href":"https:\/\/www.moskito.cz\/fr\/wp-json\/wp\/v2\/types\/product"}],"replies":[{"embeddable":true,"href":"https:\/\/www.moskito.cz\/fr\/wp-json\/wp\/v2\/comments?post=439871"}],"wp:featuredmedia":[{"embeddable":true,"href":"https:\/\/www.moskito.cz\/fr\/wp-json\/wp\/v2\/media\/439873"}],"wp:attachment":[{"href":"https:\/\/www.moskito.cz\/fr\/wp-json\/wp\/v2\/media?parent=439871"}],"wp:term":[{"taxonomy":"pwb-brand","embeddable":true,"href":"https:\/\/www.moskito.cz\/fr\/wp-json\/wp\/v2\/pwb-brand?post=439871"},{"taxonomy":"product_brand","embeddable":true,"href":"https:\/\/www.moskito.cz\/fr\/wp-json\/wp\/v2\/product_brand?post=439871"},{"taxonomy":"product_cat","embeddable":true,"href":"https:\/\/www.moskito.cz\/fr\/wp-json\/wp\/v2\/product_cat?post=439871"},{"taxonomy":"product_tag","embeddable":true,"href":"https:\/\/www.moskito.cz\/fr\/wp-json\/wp\/v2\/product_tag?post=439871"}],"curies":[{"name":"wp","href":"https:\/\/api.w.org\/{rel}","templated":true}]}}