{"id":439927,"date":"2026-03-11T11:33:29","date_gmt":"2026-03-11T10:33:29","guid":{"rendered":"https:\/\/www.moskito.cz\/?page_id=439927"},"modified":"2026-03-11T12:36:50","modified_gmt":"2026-03-11T11:36:50","slug":"brouseni-nozu","status":"publish","type":"page","link":"https:\/\/www.moskito.cz\/it\/brouseni-nozu\/","title":{"rendered":"Brou\u0161en\u00ed no\u017e\u016f"},"content":{"rendered":"\t\t<div data-elementor-type=\"wp-page\" data-elementor-id=\"439927\" class=\"elementor elementor-439927\" data-elementor-post-type=\"page\">\n\t\t\t\t\t\t<section data-particle_enable=\"false\" data-particle-mobile-disabled=\"false\" class=\"elementor-section elementor-top-section elementor-element elementor-element-4ceda44 elementor-section-boxed elementor-section-height-default elementor-section-height-default\" data-id=\"4ceda44\" data-element_type=\"section\" data-e-type=\"section\">\n\t\t\t\t\t\t<div class=\"elementor-container elementor-column-gap-default\">\n\t\t\t\t\t<div class=\"elementor-column elementor-col-33 elementor-top-column elementor-element elementor-element-17d8784\" data-id=\"17d8784\" data-element_type=\"column\" data-e-type=\"column\">\n\t\t\t<div class=\"elementor-widget-wrap elementor-element-populated\">\n\t\t\t\t\t\t<div class=\"elementor-element elementor-element-afba3bb elementor-widget-divider--separator-type-pattern elementor-widget-divider--view-line elementor-invisible elementor-widget elementor-widget-divider\" data-id=\"afba3bb\" data-element_type=\"widget\" data-e-type=\"widget\" data-settings=\"{&quot;_animation&quot;:&quot;fadeInLeft&quot;}\" data-widget_type=\"divider.default\">\n\t\t\t\t\t\t\t<div class=\"elementor-divider\" style=\"--divider-pattern-url: url(&quot;data:image\/svg+xml,%3Csvg xmlns=&#039;http:\/\/www.w3.org\/2000\/svg&#039; preserveAspectRatio=&#039;none&#039; overflow=&#039;visible&#039; height=&#039;100%&#039; viewBox=&#039;0 0 20 16&#039; fill=&#039;none&#039; stroke=&#039;black&#039; stroke-width=&#039;6.7&#039; stroke-linecap=&#039;square&#039; stroke-miterlimit=&#039;10&#039;%3E%3Cg transform=&#039;translate(-12.000000, 0)&#039;%3E%3Cpath d=&#039;M28,0L10,18&#039;\/%3E%3Cpath d=&#039;M18,0L0,18&#039;\/%3E%3Cpath d=&#039;M48,0L30,18&#039;\/%3E%3Cpath d=&#039;M38,0L20,18&#039;\/%3E%3C\/g%3E%3C\/svg%3E&quot;);\">\n\t\t\t<span class=\"elementor-divider-separator\">\n\t\t\t\t\t\t<\/span>\n\t\t<\/div>\n\t\t\t\t\t\t<\/div>\n\t\t\t\t\t<\/div>\n\t\t<\/div>\n\t\t\t\t<div class=\"elementor-column elementor-col-33 elementor-top-column elementor-element elementor-element-4cae1f5\" data-id=\"4cae1f5\" data-element_type=\"column\" data-e-type=\"column\">\n\t\t\t<div class=\"elementor-widget-wrap elementor-element-populated\">\n\t\t\t\t\t\t<div class=\"elementor-element elementor-element-1b5f290 elementor-widget elementor-widget-heading\" data-id=\"1b5f290\" data-element_type=\"widget\" data-e-type=\"widget\" data-widget_type=\"heading.default\">\n\t\t\t\t\t<h1 class=\"elementor-heading-title elementor-size-default\">Brou\u0161en\u00ed no\u017e\u016f<\/h1>\t\t\t\t<\/div>\n\t\t\t\t\t<\/div>\n\t\t<\/div>\n\t\t\t\t<div class=\"elementor-column elementor-col-33 elementor-top-column elementor-element elementor-element-a1f6b3e\" data-id=\"a1f6b3e\" data-element_type=\"column\" data-e-type=\"column\">\n\t\t\t<div class=\"elementor-widget-wrap elementor-element-populated\">\n\t\t\t\t\t\t<div class=\"elementor-element elementor-element-4d8c35e elementor-widget-divider--separator-type-pattern elementor-widget-divider--view-line elementor-invisible elementor-widget elementor-widget-divider\" data-id=\"4d8c35e\" data-element_type=\"widget\" data-e-type=\"widget\" data-settings=\"{&quot;_animation&quot;:&quot;fadeInRight&quot;}\" data-widget_type=\"divider.default\">\n\t\t\t\t\t\t\t<div class=\"elementor-divider\" style=\"--divider-pattern-url: url(&quot;data:image\/svg+xml,%3Csvg xmlns=&#039;http:\/\/www.w3.org\/2000\/svg&#039; preserveAspectRatio=&#039;none&#039; overflow=&#039;visible&#039; height=&#039;100%&#039; viewBox=&#039;0 0 20 16&#039; fill=&#039;none&#039; stroke=&#039;black&#039; stroke-width=&#039;6.7&#039; stroke-linecap=&#039;square&#039; stroke-miterlimit=&#039;10&#039;%3E%3Cg transform=&#039;translate(-12.000000, 0)&#039;%3E%3Cpath d=&#039;M28,0L10,18&#039;\/%3E%3Cpath d=&#039;M18,0L0,18&#039;\/%3E%3Cpath d=&#039;M48,0L30,18&#039;\/%3E%3Cpath d=&#039;M38,0L20,18&#039;\/%3E%3C\/g%3E%3C\/svg%3E&quot;);\">\n\t\t\t<span class=\"elementor-divider-separator\">\n\t\t\t\t\t\t<\/span>\n\t\t<\/div>\n\t\t\t\t\t\t<\/div>\n\t\t\t\t\t<\/div>\n\t\t<\/div>\n\t\t\t\t\t<\/div>\n\t\t<\/section>\n\t\t\t\t<section data-particle_enable=\"false\" data-particle-mobile-disabled=\"false\" class=\"elementor-section elementor-top-section elementor-element elementor-element-4ff6c65 elementor-section-boxed elementor-section-height-default elementor-section-height-default\" data-id=\"4ff6c65\" data-element_type=\"section\" data-e-type=\"section\">\n\t\t\t\t\t\t<div class=\"elementor-container elementor-column-gap-default\">\n\t\t\t\t\t<div class=\"elementor-column elementor-col-50 elementor-top-column elementor-element elementor-element-c75c146\" data-id=\"c75c146\" data-element_type=\"column\" data-e-type=\"column\">\n\t\t\t<div class=\"elementor-widget-wrap elementor-element-populated\">\n\t\t\t\t\t\t<div class=\"elementor-element elementor-element-803cb5d elementor-widget elementor-widget-heading\" data-id=\"803cb5d\" data-element_type=\"widget\" data-e-type=\"widget\" data-widget_type=\"heading.default\">\n\t\t\t\t\t<h2 class=\"elementor-heading-title elementor-size-default\">Profesion\u00e1ln\u00ed brou\u0161en\u00ed no\u017e\u016f pro dom\u00e1cnosti i provozy<\/h2>\t\t\t\t<\/div>\n\t\t\t\t<div class=\"elementor-element elementor-element-211d9fd elementor-widget elementor-widget-text-editor\" data-id=\"211d9fd\" data-element_type=\"widget\" data-e-type=\"widget\" data-widget_type=\"text-editor.default\">\n\t\t\t\t\t\t\t\t\t<p>Vr\u00e1t\u00edme va\u0161im no\u017e\u016fm ostrost, p\u0159esnost a komfort p\u0159i pr\u00e1ci. Nabrous\u00edme kuchy\u0148sk\u00e9 no\u017ee, profesion\u00e1ln\u00ed no\u017ee i dal\u0161\u00ed ost\u0159\u00ed rychle, \u0161etrn\u011b a s d\u016frazem na kvalitu.<\/p>\t\t\t\t\t\t\t\t<\/div>\n\t\t\t\t<div class=\"elementor-element elementor-element-33f32fd elementor-widget elementor-widget-image\" data-id=\"33f32fd\" data-element_type=\"widget\" data-e-type=\"widget\" data-widget_type=\"image.default\">\n\t\t\t\t\t\t\t\t\t\t\t\t\t\t\t<img fetchpriority=\"high\" decoding=\"async\" width=\"800\" height=\"533\" src=\"https:\/\/www.moskito.cz\/wp-content\/uploads\/2026\/03\/brouseni-nozu-praha-1024x682.webp\" class=\"attachment-large size-large wp-image-439938\" alt=\"\" srcset=\"https:\/\/www.moskito.cz\/wp-content\/uploads\/2026\/03\/brouseni-nozu-praha-1024x682.webp 1024w, https:\/\/www.moskito.cz\/wp-content\/uploads\/2026\/03\/brouseni-nozu-praha-270x180.webp 270w, https:\/\/www.moskito.cz\/wp-content\/uploads\/2026\/03\/brouseni-nozu-praha-150x100.webp 150w, https:\/\/www.moskito.cz\/wp-content\/uploads\/2026\/03\/brouseni-nozu-praha-768x512.webp 768w, https:\/\/www.moskito.cz\/wp-content\/uploads\/2026\/03\/brouseni-nozu-praha-1536x1023.webp 1536w, https:\/\/www.moskito.cz\/wp-content\/uploads\/2026\/03\/brouseni-nozu-praha-300x200.webp 300w, https:\/\/www.moskito.cz\/wp-content\/uploads\/2026\/03\/brouseni-nozu-praha-600x400.webp 600w, https:\/\/www.moskito.cz\/wp-content\/uploads\/2026\/03\/brouseni-nozu-praha-100x67.webp 100w, https:\/\/www.moskito.cz\/wp-content\/uploads\/2026\/03\/brouseni-nozu-praha-64x43.webp 64w, https:\/\/www.moskito.cz\/wp-content\/uploads\/2026\/03\/brouseni-nozu-praha.webp 1600w\" sizes=\"(max-width: 800px) 100vw, 800px\" \/>\t\t\t\t\t\t\t\t\t\t\t\t\t\t\t<\/div>\n\t\t\t\t<div class=\"elementor-element elementor-element-976a9f0 elementor-widget elementor-widget-heading\" data-id=\"976a9f0\" data-element_type=\"widget\" data-e-type=\"widget\" data-widget_type=\"heading.default\">\n\t\t\t\t\t<h3 class=\"elementor-heading-title elementor-size-default\">Cena: 99 K\u010d za kus<\/h3>\t\t\t\t<\/div>\n\t\t\t\t<div class=\"elementor-element elementor-element-da2faf0 elementor-widget elementor-widget-heading\" data-id=\"da2faf0\" data-element_type=\"widget\" data-e-type=\"widget\" data-widget_type=\"heading.default\">\n\t\t\t\t\t<h4 class=\"elementor-heading-title elementor-size-default\">P\u0159ineste no\u017ee na prodejnu. R\u00e1di porad\u00edme, co je pro va\u0161e no\u017ee nejlep\u0161\u00ed, a p\u0159iprav\u00edme je znovu do formy.<\/h4>\t\t\t\t<\/div>\n\t\t<div data-particle_enable=\"false\" data-particle-mobile-disabled=\"false\" class=\"elementor-element elementor-element-5e02f99 e-con-full e-flex e-con e-parent\" data-id=\"5e02f99\" data-element_type=\"container\" data-e-type=\"container\" data-settings=\"{&quot;background_background&quot;:&quot;classic&quot;}\">\n\t\t\t\t<div class=\"elementor-element elementor-element-e4ae14c elementor-widget__width-initial elementor-view-default elementor-widget elementor-widget-icon\" data-id=\"e4ae14c\" data-element_type=\"widget\" data-e-type=\"widget\" data-widget_type=\"icon.default\">\n\t\t\t\t\t\t\t<div class=\"elementor-icon-wrapper\">\n\t\t\t<div class=\"elementor-icon\">\n\t\t\t<svg xmlns=\"http:\/\/www.w3.org\/2000\/svg\" xmlns:xlink=\"http:\/\/www.w3.org\/1999\/xlink\" viewBox=\"0 0 512 512\" style=\"enable-background:new 0 0 512 512;\" xml:space=\"preserve\"><g id=\"_x31_0_x2C__Knives_x2C__kit_x2C__food_x2C__food_and_restaurant_x2C__Tools_and_utensils_x2C__kitchen_pack\"><g><g><path style=\"fill:#5596FB;\" d=\"M91,1H11C5.478,1,1,5.478,1,11v190c0,5.522,4.478,10,10,10s10-4.478,10-10v-30h60v30     c0,5.522,4.478,10,10,10s10-4.478,10-10V11C101,5.478,96.522,1,91,1z M21,151V21h60v130H21z\"><\/path><path style=\"fill:#5596FB;\" d=\"M441,1h-80c-5.522,0-10,4.478-10,10v190c0,5.522,4.478,10,10,10s10-4.478,10-10v-30h60v30     c0,5.522,4.478,10,10,10s10-4.478,10-10V11C451,5.478,446.522,1,441,1z M371,151V21h60v130H371z\"><\/path><path style=\"fill:#5596FB;\" d=\"M289.787,1H261c-27.57,0-50,22.43-50,50v150c0,5.522,4.478,10,10,10s10-4.478,10-10V51     c0-16.542,13.458-30,30-30h28.787C295.97,21,301,26.03,301,32.213c0,2.952-1.197,5.842-3.284,7.929l-7.55,7.55     C277.807,60.051,271,76.484,271,93.964V201c0,5.522,4.478,10,10,10s10-4.478,10-10V93.964c0-12.138,4.727-23.548,13.309-32.13     l7.55-7.55C317.753,48.389,321,40.551,321,32.213C321,15.002,306.998,1,289.787,1z\"><\/path><circle style=\"fill:#5596FB;\" cx=\"51\" cy=\"60.997\" r=\"10\"><\/circle><circle style=\"fill:#5596FB;\" cx=\"51\" cy=\"111.001\" r=\"10\"><\/circle><circle style=\"fill:#5596FB;\" cx=\"401\" cy=\"60.997\" r=\"10\"><\/circle><circle style=\"fill:#5596FB;\" cx=\"401\" cy=\"111.001\" r=\"10\"><\/circle><\/g><g><path style=\"fill:#283954;\" d=\"M181,191H11c-5.522,0-10,4.478-10,10v242.667C1,480.795,31.205,511,68.333,511H181     c5.522,0,10-4.478,10-10V201C191,195.478,186.522,191,181,191z M21,443.667V211h100v280H68.333C42.233,491,21,469.767,21,443.667     z M171,491h-30V211h30V491z\"><\/path><path style=\"fill:#283954;\" d=\"M501,191H361c-5.522,0-10,4.478-10,10v300c0,5.522,4.478,10,10,10c82.71,0,150-67.29,150-150V201     C511,195.478,506.522,191,501,191z M451,211v143.5c0,48.799-33.668,91.257-80,103.159V211H451z M491,361     c0,68.317-52.973,124.496-120,129.619V478.21c57.582-12.257,100-63.424,100-123.71V211h20V361z\"><\/path><path style=\"fill:#283954;\" d=\"M321,191H221c-5.522,0-10,4.478-10,10v215.278c0,29.91,6.917,60.914,21.056,89.193     c2.791,5.582,12.595,5.291,14.944,3.528c52.901-39.675,84-102.04,84-168V201C331,195.478,326.522,191,321,191z M231,211h40v110     c0,41.999-13.684,82.177-38.87,115.147c-0.741-6.598-1.13-13.234-1.13-19.869V211z M311,341     c0,55.304-24.553,108.302-66.245,144.161c-3.161-7.623-5.783-15.471-7.872-23.459C271.821,423.031,291,373.289,291,321V211h20     V341z\"><\/path><path style=\"fill:#283954;\" d=\"M71,411c-16.542,0-30,13.458-30,30s13.458,30,30,30s30-13.458,30-30S87.542,411,71,411z M71,451     c-5.514,0-10-4.486-10-10s4.486-10,10-10s10,4.486,10,10S76.514,451,71,451z\"><\/path><\/g><\/g><\/g><g id=\"Layer_1\"><\/g><\/svg>\t\t\t<\/div>\n\t\t<\/div>\n\t\t\t\t\t\t<\/div>\n\t\t\t\t<div class=\"elementor-element elementor-element-4dae7b9 elementor-widget__width-initial elementor-widget elementor-widget-heading\" data-id=\"4dae7b9\" data-element_type=\"widget\" data-e-type=\"widget\" data-widget_type=\"heading.default\">\n\t\t\t\t\t<h3 class=\"elementor-heading-title elementor-size-default\">Kde: Vr\u0161ovick\u00e1 919\/16, Praha 10<\/h3>\t\t\t\t<\/div>\n\t\t\t\t<\/div>\n\t\t\t\t<div class=\"elementor-element elementor-element-d7656c7 elementor-widget elementor-widget-google_maps\" data-id=\"d7656c7\" data-element_type=\"widget\" data-e-type=\"widget\" data-widget_type=\"google_maps.default\">\n\t\t\t\t\t\t\t<div class=\"elementor-custom-embed\">\n\t\t\t<iframe loading=\"lazy\"\n\t\t\t\t\tsrc=\"https:\/\/maps.google.com\/maps?q=Vr%C5%A1ovick%C3%A1%20919%2F16%2C%20Praha%2010&#038;t=m&#038;z=16&#038;output=embed&#038;iwloc=near\"\n\t\t\t\t\ttitle=\"Vr\u0161ovick\u00e1 919\/16, Praha 10\"\n\t\t\t\t\taria-label=\"Vr\u0161ovick\u00e1 919\/16, Praha 10\"\n\t\t\t><\/iframe>\n\t\t<\/div>\n\t\t\t\t\t\t<\/div>\n\t\t\t\t\t<\/div>\n\t\t<\/div>\n\t\t\t\t<div class=\"elementor-column elementor-col-50 elementor-top-column elementor-element elementor-element-9299729\" data-id=\"9299729\" data-element_type=\"column\" data-e-type=\"column\">\n\t\t\t<div class=\"elementor-widget-wrap elementor-element-populated\">\n\t\t\t\t\t\t<div class=\"elementor-element elementor-element-7e50248 elementor-widget elementor-widget-text-editor\" data-id=\"7e50248\" data-element_type=\"widget\" data-e-type=\"widget\" data-widget_type=\"text-editor.default\">\n\t\t\t\t\t\t\t\t\t<div class=\"clanek-popis\">\u00a0<\/div><div class=\"clanek-text\"><p>N\u00e1\u0161 obchod je v t\u011bsn\u00e9 bl\u00edzkosti zast\u00e1vek tramvaje, autobusu a vlaku N\u00e1dra\u017e\u00ed Vr\u0161ovice.<\/p><\/div>\t\t\t\t\t\t\t\t<\/div>\n\t\t\t\t<div class=\"elementor-element elementor-element-18d2701 elementor-mobile-align-center elementor-widget elementor-widget-button\" data-id=\"18d2701\" data-element_type=\"widget\" data-e-type=\"widget\" data-widget_type=\"button.default\">\n\t\t\t\t\t\t\t\t\t\t<a class=\"elementor-button elementor-button-link elementor-size-sm\" href=\"\/kamenna-prodejna\/\">\n\t\t\t\t\t\t<span class=\"elementor-button-content-wrapper\">\n\t\t\t\t\t\t\t\t\t<span class=\"elementor-button-text\">OTEV\u00cdRAC\u00cd DOBA<\/span>\n\t\t\t\t\t<\/span>\n\t\t\t\t\t<\/a>\n\t\t\t\t\t\t\t\t<\/div>\n\t\t\t\t<div class=\"elementor-element elementor-element-1507122 elementor-widget elementor-widget-image\" data-id=\"1507122\" data-element_type=\"widget\" data-e-type=\"widget\" data-widget_type=\"image.default\">\n\t\t\t\t\t\t\t\t\t\t\t\t\t\t\t<img decoding=\"async\" width=\"683\" height=\"1024\" src=\"https:\/\/www.moskito.cz\/wp-content\/uploads\/2026\/03\/brouseni-nozu-praha10-683x1024.webp\" class=\"attachment-large size-large wp-image-439946\" alt=\"\" srcset=\"https:\/\/www.moskito.cz\/wp-content\/uploads\/2026\/03\/brouseni-nozu-praha10-683x1024.webp 683w, https:\/\/www.moskito.cz\/wp-content\/uploads\/2026\/03\/brouseni-nozu-praha10-180x270.webp 180w, https:\/\/www.moskito.cz\/wp-content\/uploads\/2026\/03\/brouseni-nozu-praha10-100x150.webp 100w, https:\/\/www.moskito.cz\/wp-content\/uploads\/2026\/03\/brouseni-nozu-praha10-768x1152.webp 768w, https:\/\/www.moskito.cz\/wp-content\/uploads\/2026\/03\/brouseni-nozu-praha10-1024x1536.webp 1024w, https:\/\/www.moskito.cz\/wp-content\/uploads\/2026\/03\/brouseni-nozu-praha10-1365x2048.webp 1365w, https:\/\/www.moskito.cz\/wp-content\/uploads\/2026\/03\/brouseni-nozu-praha10-200x300.webp 200w, https:\/\/www.moskito.cz\/wp-content\/uploads\/2026\/03\/brouseni-nozu-praha10-400x600.webp 400w, https:\/\/www.moskito.cz\/wp-content\/uploads\/2026\/03\/brouseni-nozu-praha10-67x100.webp 67w, https:\/\/www.moskito.cz\/wp-content\/uploads\/2026\/03\/brouseni-nozu-praha10-64x96.webp 64w, https:\/\/www.moskito.cz\/wp-content\/uploads\/2026\/03\/brouseni-nozu-praha10.webp 1600w\" sizes=\"(max-width: 683px) 100vw, 683px\" \/>\t\t\t\t\t\t\t\t\t\t\t\t\t\t\t<\/div>\n\t\t\t\t\t<\/div>\n\t\t<\/div>\n\t\t\t\t\t<\/div>\n\t\t<\/section>\n\t\t\t\t<\/div>\n\t\t","protected":false},"excerpt":{"rendered":"<p>Profesion\u00e1ln\u00ed brou\u0161en\u00ed no\u017e\u016f pro dom\u00e1cnosti i provozy Vr\u00e1t\u00edme va\u0161im no\u017e\u016fm ostrost, p\u0159esnost a komfort p\u0159i pr\u00e1ci. Nabrous\u00edme kuchy\u0148sk\u00e9 no\u017ee, profesion\u00e1ln\u00ed no\u017ee i dal\u0161\u00ed ost\u0159\u00ed rychle, \u0161etrn\u011b a s d\u016frazem na kvalitu. Cena: 99 K\u010d za kus P\u0159ineste no\u017ee na prodejnu. R\u00e1di porad\u00edme, co je pro va\u0161e no\u017ee nejlep\u0161\u00ed, a p\u0159iprav\u00edme je znovu do formy. Kde: [&hellip;]<\/p>\n","protected":false},"author":93,"featured_media":0,"parent":0,"menu_order":0,"comment_status":"closed","ping_status":"closed","template":"elementor_header_footer","meta":{"footnotes":""},"class_list":["post-439927","page","type-page","status-publish","hentry"],"_links":{"self":[{"href":"https:\/\/www.moskito.cz\/it\/wp-json\/wp\/v2\/pages\/439927","targetHints":{"allow":["GET"]}}],"collection":[{"href":"https:\/\/www.moskito.cz\/it\/wp-json\/wp\/v2\/pages"}],"about":[{"href":"https:\/\/www.moskito.cz\/it\/wp-json\/wp\/v2\/types\/page"}],"author":[{"embeddable":true,"href":"https:\/\/www.moskito.cz\/it\/wp-json\/wp\/v2\/users\/93"}],"replies":[{"embeddable":true,"href":"https:\/\/www.moskito.cz\/it\/wp-json\/wp\/v2\/comments?post=439927"}],"version-history":[{"count":0,"href":"https:\/\/www.moskito.cz\/it\/wp-json\/wp\/v2\/pages\/439927\/revisions"}],"wp:attachment":[{"href":"https:\/\/www.moskito.cz\/it\/wp-json\/wp\/v2\/media?parent=439927"}],"curies":[{"name":"wp","href":"https:\/\/api.w.org\/{rel}","templated":true}]}}