{"id":123759,"date":"2018-10-15T17:54:19","date_gmt":"2018-10-15T16:54:19","guid":{"rendered":"https:\/\/www.moskito.cz\/?post_type=product&#038;p=123759"},"modified":"2025-07-11T07:48:03","modified_gmt":"2025-07-11T06:48:03","slug":"mag-lite-ml25-lt-led-flashlight","status":"publish","type":"product","link":"https:\/\/www.moskito.cz\/it\/produkt\/mag-lite-ml25-lt-led-flashlight\/","title":{"rendered":"Mag-Lite ML25 LT LED Flashlight"},"content":{"rendered":"<p>Celkov\u00e1 d\u00e9lka je 17cm, odoln\u00e1 proti vod\u011b, n\u00e1razuvzdorn\u00e1, oto\u010dn\u00e1 hlava, zapnuto \/ vypnuto a zaost\u0159eno, Vyv\u00e1\u017een\u00e1 optika, Funkce sv\u00ed\u010dky, Vzd\u00e1lenost 319 metr\u016f. 177 lumen\u016f s 2 hodinovou dobou provozu. Vy\u017eaduje (2) baterie typu C (nejsou sou\u010d\u00e1st\u00ed dod\u00e1vky). \u010cern\u00e9 hlin\u00edkov\u00e9 t\u011blo.<\/p>\n<p>6.6&#8243; overall. Water resistant. Impact resistant. Twist head, on\/off and focus. Balanced optics. Features Candle Mode. 319m beam distance. 177 lumens with 2 hour runtime. Requires (2) C cell batteries (not included). Black aluminum body. Boxed.<\/p>\n","protected":false},"excerpt":{"rendered":"<p>Mag-Lite ML25 LT LED Flashlight<\/p>\n","protected":false},"featured_media":123760,"comment_status":"open","ping_status":"closed","template":"","meta":[],"pwb-brand":[444],"product_brand":[],"product_cat":[49,38],"product_tag":[],"class_list":{"0":"post-123759","1":"product","2":"type-product","3":"status-publish","4":"has-post-thumbnail","6":"pwb-brand-mag-lite","7":"product_cat-svitilny","8":"product_cat-camping","10":"first","11":"outofstock","12":"taxable","13":"shipping-taxable","14":"purchasable","15":"product-type-simple"},"brands":[{"id":444,"name":"Mag-Lite","slug":"mag-lite"}],"_links":{"self":[{"href":"https:\/\/www.moskito.cz\/it\/wp-json\/wp\/v2\/product\/123759","targetHints":{"allow":["GET"]}}],"collection":[{"href":"https:\/\/www.moskito.cz\/it\/wp-json\/wp\/v2\/product"}],"about":[{"href":"https:\/\/www.moskito.cz\/it\/wp-json\/wp\/v2\/types\/product"}],"replies":[{"embeddable":true,"href":"https:\/\/www.moskito.cz\/it\/wp-json\/wp\/v2\/comments?post=123759"}],"wp:featuredmedia":[{"embeddable":true,"href":"https:\/\/www.moskito.cz\/it\/wp-json\/wp\/v2\/media\/123760"}],"wp:attachment":[{"href":"https:\/\/www.moskito.cz\/it\/wp-json\/wp\/v2\/media?parent=123759"}],"wp:term":[{"taxonomy":"pwb-brand","embeddable":true,"href":"https:\/\/www.moskito.cz\/it\/wp-json\/wp\/v2\/pwb-brand?post=123759"},{"taxonomy":"product_brand","embeddable":true,"href":"https:\/\/www.moskito.cz\/it\/wp-json\/wp\/v2\/product_brand?post=123759"},{"taxonomy":"product_cat","embeddable":true,"href":"https:\/\/www.moskito.cz\/it\/wp-json\/wp\/v2\/product_cat?post=123759"},{"taxonomy":"product_tag","embeddable":true,"href":"https:\/\/www.moskito.cz\/it\/wp-json\/wp\/v2\/product_tag?post=123759"}],"curies":[{"name":"wp","href":"https:\/\/api.w.org\/{rel}","templated":true}]}}