{"id":138292,"date":"2018-02-13T11:55:01","date_gmt":"2018-02-13T10:55:01","guid":{"rendered":"https:\/\/www.moskito.cz\/?post_type=product&#038;p=138292"},"modified":"2025-07-11T07:48:02","modified_gmt":"2025-07-11T06:48:02","slug":"microtech-ludt-automatic-knife-tan-135-2tn","status":"publish","type":"product","link":"https:\/\/www.moskito.cz\/it\/produkt\/microtech-ludt-automatic-knife-tan-135-2tn\/","title":{"rendered":"Vyst\u0159elovac\u00ed N\u016f\u017e Microtech LUDT 135-2TN"},"content":{"rendered":"<p>Vyst\u0159elovac\u00ed N\u016f\u017e <strong>Microtech LUDT<\/strong> 135-2TN<\/p>\n<p>Vyst\u0159elovac\u00ed N\u016f\u017e <strong>Microtech<\/strong> LUDT m\u00e1 \u010depel s op\u00e1len\u00fdm povrchem a anodizovanou rukoje\u0165.<\/p>\n<p>Microtech LUDT je \u200b\u200bzp\u011bt a lep\u0161\u00ed ne\u017e kdy jindy! V\u00fdrazn\u00e9 zm\u011bny automatick\u00e9ho no\u017ee LUDT lze vid\u011bt v cel\u00e9 jeho kr\u00e1se, ale nejv\u00fdrazn\u011bj\u0161\u00edm je rozd\u00edl v revidovan\u00e9m profilu, se zvednutou palcovou rampou a hladkou korunovanou p\u00e1te\u0159\u00ed. Nov\u00fd hardware Tri-Angle a vestav\u011bn\u00e1 oto\u010dn\u00e1 sestava poskytuj\u00ed jemn\u00fd dotek spolu s p\u0159id\u00e1n\u00edm otvoru pro upevn\u011bn\u00ed lanyard.<\/p>\n<p>Tvar zp\u011btn\u00e9ho chodu je vid\u011bt v fr\u00e9zovan\u00fdch dr\u00e1\u017ek\u00e1ch z ku\u017eelov\u00e9 hlin\u00edkov\u00e9 rukojeti 6061-T6, kter\u00e1 se datuje od model\u016f z po\u010d\u00e1tku roku 2000. LUDT je \u200b\u200bto, co pova\u017eujeme za \u201ecenovou dokonalost\u201c. Kombinuje p\u0159esn\u00e9 zpracov\u00e1n\u00ed, pr\u00e9miov\u00e9 materi\u00e1ly a nad\u010dasov\u00fd design.<\/p>\n<p>P\u0159ed v\u00edce ne\u017e 20 lety p\u0159edstavil Anthony Marfione U.D.T. (Underwater Demolition Team), kompaktn\u00ed automatick\u00e1 n\u016f\u017e, kter\u00fd byl okam\u017eit\u00fdm hitem mezi nad\u0161enci no\u017e\u016f. Velk\u00fd UDT, nebo LUDT, n\u00e1sledoval brzy pot\u00e9 a od t\u00e9 doby je p\u0159eru\u0161ovan\u011b vyr\u00e1b\u011bn.<\/p>\n<p>This LUDT model has a tan finished blade and a tan anodized handle with matching tan finished hardware.<\/p>\n<p>The <strong>Microtech LUDT<\/strong> is back and better than ever! Notable changes to the LUDT automatic knife can be seen throughout, but the most prominent difference is the revised blade profile, with a notched thumb ramp and smooth crowned spine. New-school Tri-Angle hardware and a slick recessed pivot assembly add a fine touch, along with the addition of a hole for lanyard attachment.<\/p>\n<p>Throwback style is seen in the milled grooves of the tapered 6061-T6 aluminum handle, which dates back to the early-2000 era models. The LUDT is what we deem \u201eaffordable excellence.\u201c It combines precision manufacturing, premium materials, and a timeless design.<\/p>\n<p>A little over 20 years ago Anthony Marfione introduced the U.D.T. (Underwater Demolition Team), a compact automatic folder that was an instant hit among knife enthusiasts. The Large UDT, or LUDT, followed shortly thereafter and has been around intermittently ever since.<\/p>\n<p>Overall Length:8.00&#8243;<br \/>\nBlade Length:3.375&#8243;<br \/>\nBlade Thickness:0.13&#8243;<br \/>\nBlade Material:Bohler M390<br \/>\nBlade Style:Drop Point<br \/>\nBlade Grind:Flat<br \/>\nFinish:Tan<br \/>\nEdge Type:Serrated<br \/>\nHandle Length:4.625&#8243;<br \/>\nHandle Thickness:0.48&#8243;<br \/>\nHandle Material:Aluminum<br \/>\nColor:Tan<br \/>\nWeight:3.62 oz.<br \/>\nUser:Right Hand<br \/>\nPocket Clip:Tip-Up<br \/>\nKnife Type:Automatic<br \/>\nOpener:Push Button<br \/>\nLock Type:Plunge Lock<br \/>\nBrand:Microtech<br \/>\nModel:LUDT<br \/>\nModel Number:135-2TN<br \/>\nCountry of Origin:USA<br \/>\nBest Use:Tactical<br \/>\nProduct Type:Knife<\/p>\n","protected":false},"excerpt":{"rendered":"<p>V pr\u016fb\u011bhu let <strong>Microtech\u00ae Knives<\/strong> naplnil v\u00e1\u0161n\u00ed a dovednost\u00ed v\u00fdrobu no\u017e\u016f, a\u017e z nich vytvo\u0159il t\u00e9m\u011b\u0159 um\u011bleck\u00e1 d\u00edla,kter\u00e9 jsou vrcholem funk\u010dnosti.V\u0161echny d\u00edly jsou vyrodeny v USA.<br \/>\n<strong>Na v\u0161echny no\u017ee Microtech je do\u017eivotn\u00ed z\u00e1ruka.<\/strong><\/p>\n","protected":false},"featured_media":177681,"comment_status":"open","ping_status":"closed","template":"","meta":[],"pwb-brand":[431],"product_brand":[],"product_cat":[2019,17],"product_tag":[],"class_list":{"0":"post-138292","1":"product","2":"type-product","3":"status-publish","4":"has-post-thumbnail","6":"pwb-brand-microtech","7":"product_cat-vystrelovaci-noze","8":"product_cat-noze","10":"first","11":"outofstock","12":"taxable","13":"shipping-taxable","14":"purchasable","15":"product-type-simple"},"brands":[{"id":431,"name":"Microtech","slug":"microtech"}],"_links":{"self":[{"href":"https:\/\/www.moskito.cz\/it\/wp-json\/wp\/v2\/product\/138292","targetHints":{"allow":["GET"]}}],"collection":[{"href":"https:\/\/www.moskito.cz\/it\/wp-json\/wp\/v2\/product"}],"about":[{"href":"https:\/\/www.moskito.cz\/it\/wp-json\/wp\/v2\/types\/product"}],"replies":[{"embeddable":true,"href":"https:\/\/www.moskito.cz\/it\/wp-json\/wp\/v2\/comments?post=138292"}],"wp:featuredmedia":[{"embeddable":true,"href":"https:\/\/www.moskito.cz\/it\/wp-json\/wp\/v2\/media\/177681"}],"wp:attachment":[{"href":"https:\/\/www.moskito.cz\/it\/wp-json\/wp\/v2\/media?parent=138292"}],"wp:term":[{"taxonomy":"pwb-brand","embeddable":true,"href":"https:\/\/www.moskito.cz\/it\/wp-json\/wp\/v2\/pwb-brand?post=138292"},{"taxonomy":"product_brand","embeddable":true,"href":"https:\/\/www.moskito.cz\/it\/wp-json\/wp\/v2\/product_brand?post=138292"},{"taxonomy":"product_cat","embeddable":true,"href":"https:\/\/www.moskito.cz\/it\/wp-json\/wp\/v2\/product_cat?post=138292"},{"taxonomy":"product_tag","embeddable":true,"href":"https:\/\/www.moskito.cz\/it\/wp-json\/wp\/v2\/product_tag?post=138292"}],"curies":[{"name":"wp","href":"https:\/\/api.w.org\/{rel}","templated":true}]}}