{"id":144535,"date":"2020-01-06T13:32:07","date_gmt":"2020-01-06T12:32:07","guid":{"rendered":"https:\/\/www.moskito.cz\/?post_type=product&#038;p=144535"},"modified":"2025-07-11T07:50:22","modified_gmt":"2025-07-11T06:50:22","slug":"pevny-lovecky-nuz-joker-cc18","status":"publish","type":"product","link":"https:\/\/www.moskito.cz\/it\/produkt\/pevny-lovecky-nuz-joker-cc18\/","title":{"rendered":"Pevn\u00fd Loveck\u00fd n\u016f\u017e Mont\u00e9s II Joker"},"content":{"rendered":"<p>Pevn\u00fd Loveck\u00fd n\u016f\u017e Mont\u00e9s II Joker.<\/p>\n<p>No\u017ee Joker poch\u00e1zej\u00ed ze \u0160pan\u011blsk\u00e9ho m\u011bsta Albacete, kter\u00e9 je zn\u00e1m\u00e9 tradi\u010dn\u00ed v\u00fdrobou no\u017e\u016f a d\u00fdk.<\/p>\n<p><span class=\"tlid-translation translation\" lang=\"cs\"><span title=\"\">Ocel : Molybden Vanadium<\/span><br \/>\n<span title=\"\">Z\u00e1\u0161tita: Inox<\/span><br \/>\n<span title=\"\">Pouzdro: K\u016f\u017ee<\/span><br \/>\n<span title=\"\">Rukoje\u0165: Jelen\u00ed paroh<\/span><br \/>\n<span title=\"\">D\u00e9lka \u010depele: 10 cm \u2013 244 g<\/span><\/span><\/p>\n","protected":false},"excerpt":{"rendered":"<p>Pevn\u00fd n\u016f\u017e s pouzdrem.<\/p>\n","protected":false},"featured_media":192718,"comment_status":"open","ping_status":"closed","template":"","meta":[],"pwb-brand":[359],"product_brand":[],"product_cat":[23,17],"product_tag":[],"class_list":{"0":"post-144535","1":"product","2":"type-product","3":"status-publish","4":"has-post-thumbnail","6":"pwb-brand-joker","7":"product_cat-pevne-noze","8":"product_cat-noze","10":"first","11":"outofstock","12":"taxable","13":"shipping-taxable","14":"purchasable","15":"product-type-simple"},"brands":[{"id":359,"name":"Joker","slug":"joker"}],"_links":{"self":[{"href":"https:\/\/www.moskito.cz\/it\/wp-json\/wp\/v2\/product\/144535","targetHints":{"allow":["GET"]}}],"collection":[{"href":"https:\/\/www.moskito.cz\/it\/wp-json\/wp\/v2\/product"}],"about":[{"href":"https:\/\/www.moskito.cz\/it\/wp-json\/wp\/v2\/types\/product"}],"replies":[{"embeddable":true,"href":"https:\/\/www.moskito.cz\/it\/wp-json\/wp\/v2\/comments?post=144535"}],"wp:featuredmedia":[{"embeddable":true,"href":"https:\/\/www.moskito.cz\/it\/wp-json\/wp\/v2\/media\/192718"}],"wp:attachment":[{"href":"https:\/\/www.moskito.cz\/it\/wp-json\/wp\/v2\/media?parent=144535"}],"wp:term":[{"taxonomy":"pwb-brand","embeddable":true,"href":"https:\/\/www.moskito.cz\/it\/wp-json\/wp\/v2\/pwb-brand?post=144535"},{"taxonomy":"product_brand","embeddable":true,"href":"https:\/\/www.moskito.cz\/it\/wp-json\/wp\/v2\/product_brand?post=144535"},{"taxonomy":"product_cat","embeddable":true,"href":"https:\/\/www.moskito.cz\/it\/wp-json\/wp\/v2\/product_cat?post=144535"},{"taxonomy":"product_tag","embeddable":true,"href":"https:\/\/www.moskito.cz\/it\/wp-json\/wp\/v2\/product_tag?post=144535"}],"curies":[{"name":"wp","href":"https:\/\/api.w.org\/{rel}","templated":true}]}}