{"id":162645,"date":"2019-02-02T19:17:01","date_gmt":"2019-02-02T18:17:01","guid":{"rendered":"https:\/\/www.moskito.cz\/?post_type=product&#038;p=162645"},"modified":"2025-07-11T07:48:08","modified_gmt":"2025-07-11T06:48:08","slug":"microtech-cypher-mk7-de-otf-automatic-knife-blacktan-4-tan-242m-1tnb","status":"publish","type":"product","link":"https:\/\/www.moskito.cz\/it\/produkt\/microtech-cypher-mk7-de-otf-automatic-knife-blacktan-4-tan-242m-1tnb\/","title":{"rendered":"Vyst\u0159elovac\u00ed N\u016f\u017e Microtech Cypher MK7 242M-1TNB"},"content":{"rendered":"<p><span class=\"tlid-translation translation\"><span class=\"\" title=\"\">Vyst\u0159elovac\u00ed N\u016f\u017e Microtech Cypher MK7 242M-1TNB<\/span><\/span><\/p>\n<p>&nbsp;<\/p>\n<p><span class=\"tlid-translation translation\"><span class=\"\" title=\"\">Z p\u0159edu vyst\u0159elovac\u00ed n\u016f\u017e Cypher MK7 s \u010dern\u00fdm hlin\u00edkov\u00fdm dr\u017eadlem s hn\u011bd\u00fdm dokon\u010den\u00fdm hardwarem.<\/span><\/span><\/p>\n<p><span class=\"\" title=\"\">Vyst\u0159elovac\u00ed N\u016f\u017e Microtech Cypher MK7 242M-1TNB je produk\u010dn\u00ed verze obl\u00edben\u00e9 spolupr\u00e1ce z\u00e1kazn\u00edka A. Marfione \/ D.C. Munroe.<\/span> <span title=\"\">Dod\u00e1v\u00e1 se s \u010depel\u00ed a lehkou hlin\u00edkovou rukojet\u00ed.<\/span> <span class=\"\" title=\"\">Jedine\u010dn\u00e9 pro model Cypher MK7 jsou dr\u00e1\u017ekovan\u00e9 vzory na obou stran\u00e1ch rukojeti\u00a0 a titanov\u00e1 rukoje\u0165ov\u00e1 vlo\u017eka s otvory pro lano.<\/span><\/p>\n<p><span class=\"tlid-translation translation\"><span title=\"\">Celkov\u00e1 d\u00e9lka: 24.37<\/span><br \/>\n<span class=\"\" title=\"\">D\u00e9lka \u010depele: 10 cm<\/span><br \/>\n<span class=\"\" title=\"\">\u0158ezn\u00e1 hrana: 9.37 cm<\/span><br \/>\n<span title=\"\">\u0160\u00ed\u0159ka \u010depele: 1.87 cm<\/span><br \/>\n<span title=\"\">Tlou\u0161\u0165ka \u010depele: 0,32 cm<\/span><br \/>\n<span class=\"\" title=\"\">Materi\u00e1l \u010depele: Bohler M390<\/span><br \/>\n<span class=\"\" title=\"\">Styl \u010depele: D\u00fdka<\/span><br \/>\n<span title=\"\">B\u0159itov\u00e9 desti\u010dky: Ploch\u00e9<\/span><br \/>\n<span title=\"\">Finish: Tan<\/span><br \/>\n<span title=\"\">Typ okraje: oby\u010dejn\u00fd<\/span><br \/>\n<span title=\"\">D\u00e9lka rukojeti: 14.37 cm<\/span><br \/>\n<span title=\"\">\u0160\u00ed\u0159ka rukojeti: 2.8 cm<\/span><br \/>\n<span class=\"\" title=\"\">Tlou\u0161\u0165ka rukojeti: 1.17 cm<\/span><br \/>\n<span title=\"\">Materi\u00e1l rukojeti: hlin\u00edk<\/span><br \/>\n<span title=\"\">\u010cern\u00e1 barva<\/span><br \/>\n<span title=\"\">Hmotnost: 4,33 oz.<\/span><br \/>\n<span title=\"\">U\u017eivatel: Prav\u00e1 ruka<\/span><br \/>\n<span title=\"\">Pocket Clip: Tip-Down<\/span><br \/>\n<span title=\"\">Typ no\u017ee: Double-Action OTF Automatic<\/span><br \/>\n<span title=\"\">Otv\u00edra\u010d: Thumb Slide<\/span><br \/>\n<span title=\"\">Zna\u010dka: Microtech<\/span><br \/>\n<span title=\"\">Model: Cypher MK7<\/span><br \/>\n<span title=\"\">\u010c\u00edslo modelu: 242M-1 TNB<\/span><br \/>\n<span title=\"\">Zem\u011b p\u016fvodu: USA<\/span><br \/>\n<span title=\"\">Nejlep\u0161\u00ed vyu\u017eit\u00ed: Taktick\u00e9<\/span><\/span><\/p>\n<p>&nbsp;<\/p>\n","protected":false},"excerpt":{"rendered":"<p>Vyst\u0159elovac\u00ed n\u016f\u017e.<\/p>\n","protected":false},"featured_media":164375,"comment_status":"open","ping_status":"closed","template":"","meta":[],"pwb-brand":[431],"product_brand":[],"product_cat":[2019,17],"product_tag":[],"class_list":{"0":"post-162645","1":"product","2":"type-product","3":"status-publish","4":"has-post-thumbnail","6":"pwb-brand-microtech","7":"product_cat-vystrelovaci-noze","8":"product_cat-noze","10":"first","11":"outofstock","12":"taxable","13":"shipping-taxable","14":"purchasable","15":"product-type-simple"},"brands":[{"id":431,"name":"Microtech","slug":"microtech"}],"_links":{"self":[{"href":"https:\/\/www.moskito.cz\/it\/wp-json\/wp\/v2\/product\/162645","targetHints":{"allow":["GET"]}}],"collection":[{"href":"https:\/\/www.moskito.cz\/it\/wp-json\/wp\/v2\/product"}],"about":[{"href":"https:\/\/www.moskito.cz\/it\/wp-json\/wp\/v2\/types\/product"}],"replies":[{"embeddable":true,"href":"https:\/\/www.moskito.cz\/it\/wp-json\/wp\/v2\/comments?post=162645"}],"wp:featuredmedia":[{"embeddable":true,"href":"https:\/\/www.moskito.cz\/it\/wp-json\/wp\/v2\/media\/164375"}],"wp:attachment":[{"href":"https:\/\/www.moskito.cz\/it\/wp-json\/wp\/v2\/media?parent=162645"}],"wp:term":[{"taxonomy":"pwb-brand","embeddable":true,"href":"https:\/\/www.moskito.cz\/it\/wp-json\/wp\/v2\/pwb-brand?post=162645"},{"taxonomy":"product_brand","embeddable":true,"href":"https:\/\/www.moskito.cz\/it\/wp-json\/wp\/v2\/product_brand?post=162645"},{"taxonomy":"product_cat","embeddable":true,"href":"https:\/\/www.moskito.cz\/it\/wp-json\/wp\/v2\/product_cat?post=162645"},{"taxonomy":"product_tag","embeddable":true,"href":"https:\/\/www.moskito.cz\/it\/wp-json\/wp\/v2\/product_tag?post=162645"}],"curies":[{"name":"wp","href":"https:\/\/api.w.org\/{rel}","templated":true}]}}