{"id":162687,"date":"2019-02-09T09:25:13","date_gmt":"2019-02-09T08:25:13","guid":{"rendered":"https:\/\/www.moskito.cz\/?post_type=product&#038;p=162687"},"modified":"2025-07-11T07:48:10","modified_gmt":"2025-07-11T06:48:10","slug":"boker-special-run-thorn-mokuti-113210","status":"publish","type":"product","link":"https:\/\/www.moskito.cz\/it\/produkt\/boker-special-run-thorn-mokuti-113210\/","title":{"rendered":"Zav\u00edrac\u00ed n\u016f\u017e Boker Special Run Thorn Mokuti 113210"},"content":{"rendered":"<p>Zav\u00edrac\u00ed n\u016f\u017e Boker Special Run Thorn Mokuti 113210.<\/p>\n<p><span class=\"tlid-translation translation\">Po velmi \u00fasp\u011b\u0161n\u00e9m Ans\u00f8 67 Mokuti, kter\u00fd se objevil v roce 2012 v omezen\u00e9 mal\u00e9 s\u00e9rii a byl vyprod\u00e1n za n\u011bkolik dn\u00ed, s Thornem Mokoutim (Design Jim Burke z Mississippi \/ USA) bychom r\u00e1di p\u0159edstavili v\u0161em sb\u011bratel\u016fm nov\u00fd projekt, kter\u00fd se pono\u0159\u00ed je\u0161t\u011b hloub\u011bji do\u00a0 &#8220;Mokuti&#8221;. Chad Nichols, tak\u00e9 z Mississippi, s nerezov\u00fdm dama\u0161kem, kter\u00fd jsme ji\u017e pou\u017eili pro n\u011bkter\u00e9 z na\u0161ich dama\u0161sk\u00fdch no\u017e\u016f, je jedn\u00edm z m\u00e1la kov\u00e1\u0159\u016f, kte\u0159\u00ed ovl\u00e1daj\u00ed v\u00fdrobu tohoto dama\u0161kovit\u00e9ho sva\u0159ovan\u00e9ho kompozitu dvou titanov\u00fdch slitin po cel\u00e9m sv\u011bt\u011b. P\u0159i velmi slo\u017eit\u00e9m procesu kov\u00e1n\u00ed je vytvo\u0159en materi\u00e1l ze dvou r\u016fzn\u00fdch slitin titanu, kter\u00fd je nejen velmi exkluzivn\u00ed, ale tak\u00e9 extr\u00e9mn\u011b odoln\u00fd. Z tohoto inovativn\u00edho a jedine\u010dn\u00e9ho materi\u00e1lu, kter\u00fd se jinak pou\u017e\u00edv\u00e1 v\u00fdhradn\u011b ve vysoce kvalitn\u00edch zak\u00e1zkov\u00fdch no\u017e\u00edch, vyr\u00e1b\u00ed spole\u010dnost B\u00f6ker ve v\u00fdrob\u011b s\u00e9riov\u00fdch no\u017e\u016f v B\u00f6ker Manufaktur Solingen v\u00fdhradn\u011b kompletn\u00ed r\u00e1mov\u00fd n\u016f\u017e. Pro zv\u00fd\u0161en\u00ed \u00farovn\u011b sofistikovanosti a exkluzivity ve vztahu k prvn\u00edmu modelu Mokuti nab\u00edz\u00ed Thorn Mokuti kompletn\u00ed rukoje\u0165 z cenn\u00e9ho materi\u00e1lu. Zadn\u00ed kryt je tak\u00e9 vyroben z Mokuti a je navr\u017een jako z\u00e1mek z titanu, stejn\u011b jako standardn\u00ed model. Sanitizovan\u00e1 klipska poskytuje zvl\u00e1\u0161tn\u00ed d\u016fraz na zadn\u00ed stran\u011b rukojeti. Pokud jde o \u010depel, abychom dos\u00e1hli vysok\u00e9 \u00farovn\u011b tohoto exkluzivn\u00edho kolektorov\u00e9ho no\u017ee, zvolili jsme pr\u00e1\u0161kovou metalurgii CPM S35-VN pro \u010depelovou ocel, kter\u00e1 stanovuje nov\u00e9 standardy, pokud jde o zachov\u00e1n\u00ed \u0159ezn\u00fdch hran a dal\u0161\u00ed vlastnosti. Jemn\u011b brou\u0161en\u00e1 \u010depel je pozoruhodn\u00e1 pro dvojt\u00f3nov\u00fd povrch, kter\u00fd p\u0159in\u00e1\u0161\u00ed dynamick\u00e9, ale z\u00e1rove\u0148 harmonick\u00e9 brou\u0161en\u00ed. To zaji\u0161\u0165uje, \u017ee zam\u00fd\u0161len\u00e1 exkluzivita tohoto projektu je p\u0159evedena z rukojeti na \u010depel. Pouze 199 no\u017e\u016f je vyr\u00e1b\u011bno ve dvou p\u0159\u00edsn\u011b omezen\u00fdch s\u00e9ri\u00edch, jedna pro Evropu a druh\u00e1 pro USA, ka\u017ed\u00e1 s odpov\u00eddaj\u00edc\u00edm k\u00f3dovan\u00fdm s\u00e9riov\u00fdm \u010d\u00edslem. Dod\u00e1v\u00e1 se s certifik\u00e1tem a ve vysoce kvalitn\u00ed sb\u011bratelsk\u00e9 krabici.<br \/>\nSpecifikace<\/span><\/p>\n<p>Celkov\u00e1 d\u00e9lka: 15,9 cm<br \/>\nD\u00e9lka \u010depele: 6,6 cm<br \/>\nHmotnost: 87 g<br \/>\nTlou\u0161\u0165ka \u010depele: 3,5 mm<br \/>\nMateri\u00e1l \u010depele: CPM S-35VN<br \/>\nMateri\u00e1l rukojeti: Titan<br \/>\nN\u00e1vrh\u00e1\u0159: Jim Burke<\/p>\n<p>&nbsp;<\/p>\n","protected":false},"excerpt":{"rendered":"<p>Zav\u00edrac\u00ed n\u016f\u017e s pojistkou.<\/p>\n","protected":false},"featured_media":198642,"comment_status":"open","ping_status":"closed","template":"","meta":[],"pwb-brand":[140],"product_brand":[],"product_cat":[22,17],"product_tag":[3667],"class_list":{"0":"post-162687","1":"product","2":"type-product","3":"status-publish","4":"has-post-thumbnail","6":"pwb-brand-boker","7":"product_cat-zaviraci-noze","8":"product_cat-noze","9":"product_tag-b2b","11":"first","12":"instock","13":"taxable","14":"shipping-taxable","15":"purchasable","16":"product-type-simple"},"brands":[{"id":140,"name":"Boker","slug":"boker"}],"_links":{"self":[{"href":"https:\/\/www.moskito.cz\/it\/wp-json\/wp\/v2\/product\/162687","targetHints":{"allow":["GET"]}}],"collection":[{"href":"https:\/\/www.moskito.cz\/it\/wp-json\/wp\/v2\/product"}],"about":[{"href":"https:\/\/www.moskito.cz\/it\/wp-json\/wp\/v2\/types\/product"}],"replies":[{"embeddable":true,"href":"https:\/\/www.moskito.cz\/it\/wp-json\/wp\/v2\/comments?post=162687"}],"wp:featuredmedia":[{"embeddable":true,"href":"https:\/\/www.moskito.cz\/it\/wp-json\/wp\/v2\/media\/198642"}],"wp:attachment":[{"href":"https:\/\/www.moskito.cz\/it\/wp-json\/wp\/v2\/media?parent=162687"}],"wp:term":[{"taxonomy":"pwb-brand","embeddable":true,"href":"https:\/\/www.moskito.cz\/it\/wp-json\/wp\/v2\/pwb-brand?post=162687"},{"taxonomy":"product_brand","embeddable":true,"href":"https:\/\/www.moskito.cz\/it\/wp-json\/wp\/v2\/product_brand?post=162687"},{"taxonomy":"product_cat","embeddable":true,"href":"https:\/\/www.moskito.cz\/it\/wp-json\/wp\/v2\/product_cat?post=162687"},{"taxonomy":"product_tag","embeddable":true,"href":"https:\/\/www.moskito.cz\/it\/wp-json\/wp\/v2\/product_tag?post=162687"}],"curies":[{"name":"wp","href":"https:\/\/api.w.org\/{rel}","templated":true}]}}