{"id":162689,"date":"2019-02-09T09:49:31","date_gmt":"2019-02-09T08:49:31","guid":{"rendered":"https:\/\/www.moskito.cz\/?post_type=product&#038;p=162689"},"modified":"2025-07-11T07:48:10","modified_gmt":"2025-07-11T06:48:10","slug":"boker-special-run-explosionsdamast","status":"publish","type":"product","link":"https:\/\/www.moskito.cz\/it\/produkt\/boker-special-run-explosionsdamast\/","title":{"rendered":"Zav\u00edrac\u00ed n\u016f\u017e Special Run Explosionsdamast"},"content":{"rendered":"<p><span class=\"tlid-translation translation\"><span class=\"\" title=\"\">Zav\u00edrac\u00ed n\u016f\u017e S<strong>pecial Run<\/strong> Explosionsdamast.<\/span><\/span><\/p>\n<p><span class=\"tlid-translation translation\"><span class=\"\" title=\"\">Obl\u00edben\u00e1 s\u00e9rie B\u00f6ker 3000, kter\u00e1 se osv\u011bd\u010dila v ka\u017edodenn\u00edm \u017eivot\u011b a na lovu, byla obohacena o exkluzivn\u00ed limitovanou edici.<\/span><\/span><\/p>\n<p><span class=\"\" title=\"\">N\u016f\u017e z ru\u010dn\u011b kovan\u00e9ho v\u00fdbuchu damask Andreasem Henrichsem se nach\u00e1z\u00ed v rukojeti z kart\u00e1\u010dovan\u00e9 nerezov\u00e9 oceli.<\/span> <span class=\"\" title=\"\">Rukoje\u0165 je vyrobena z ru\u010dn\u011b vyb\u00edran\u00e9ho makassarov\u00e9ho d\u0159eva a d\u00e1v\u00e1 tomuto zvl\u00e1\u0161tn\u00edmu sb\u011bratelsk\u00e9mu p\u0159edm\u011btu exkluzivn\u00ed dotek a harmonizuj\u00ed se sv\u00fdm zrn\u00edm neporovnateln\u00fdm zp\u016fsobem s expresn\u00edm dama\u0161kem.<\/span><\/p>\n<p><span title=\"\">Kapesn\u00ed n\u016f\u017e je omezen\u00fd na 199 kopi\u00ed po cel\u00e9m sv\u011bt\u011b.<\/span><br \/>\n<span title=\"\">Dod\u00e1vka prob\u00edh\u00e1 v exkluzivn\u00ed sb\u011bratelsk\u00e9 krabici a s certifik\u00e1tem pravosti pro kapesn\u00ed n\u016f\u017e B\u00f6ker.<\/span><\/p>\n<p><span title=\"\"><span class=\"tlid-translation translation\"><span class=\"\" title=\"\">Zav\u00edrac\u00ed n\u016f\u017e Special Run Explosionsdamast<\/span><\/span><\/span><\/p>\n<p><span title=\"\">Celkov\u00e1 d\u00e9lka 20 cm.<\/span> <span title=\"\">\u010cepel 8.5 cm.<\/span> <span title=\"\">Hmotnost 165 g.<\/span><\/p>\n","protected":false},"excerpt":{"rendered":"<p><span class=\"tlid-translation translation\"><span class=\"\" title=\"\">Omezen\u00e1 edice <strong>B\u00f6ker<\/strong> kapesn\u00edho no\u017ee ze s\u00e9rie 3000.<br \/>\n<\/span><\/span><\/p>\n","protected":false},"featured_media":190076,"comment_status":"open","ping_status":"closed","template":"","meta":[],"pwb-brand":[140],"product_brand":[],"product_cat":[25,17],"product_tag":[3667],"class_list":{"0":"post-162689","1":"product","2":"type-product","3":"status-publish","4":"has-post-thumbnail","6":"pwb-brand-boker","7":"product_cat-damascenske-noze","8":"product_cat-noze","9":"product_tag-b2b","11":"first","12":"instock","13":"taxable","14":"shipping-taxable","15":"purchasable","16":"product-type-simple"},"brands":[{"id":140,"name":"Boker","slug":"boker"}],"_links":{"self":[{"href":"https:\/\/www.moskito.cz\/it\/wp-json\/wp\/v2\/product\/162689","targetHints":{"allow":["GET"]}}],"collection":[{"href":"https:\/\/www.moskito.cz\/it\/wp-json\/wp\/v2\/product"}],"about":[{"href":"https:\/\/www.moskito.cz\/it\/wp-json\/wp\/v2\/types\/product"}],"replies":[{"embeddable":true,"href":"https:\/\/www.moskito.cz\/it\/wp-json\/wp\/v2\/comments?post=162689"}],"wp:featuredmedia":[{"embeddable":true,"href":"https:\/\/www.moskito.cz\/it\/wp-json\/wp\/v2\/media\/190076"}],"wp:attachment":[{"href":"https:\/\/www.moskito.cz\/it\/wp-json\/wp\/v2\/media?parent=162689"}],"wp:term":[{"taxonomy":"pwb-brand","embeddable":true,"href":"https:\/\/www.moskito.cz\/it\/wp-json\/wp\/v2\/pwb-brand?post=162689"},{"taxonomy":"product_brand","embeddable":true,"href":"https:\/\/www.moskito.cz\/it\/wp-json\/wp\/v2\/product_brand?post=162689"},{"taxonomy":"product_cat","embeddable":true,"href":"https:\/\/www.moskito.cz\/it\/wp-json\/wp\/v2\/product_cat?post=162689"},{"taxonomy":"product_tag","embeddable":true,"href":"https:\/\/www.moskito.cz\/it\/wp-json\/wp\/v2\/product_tag?post=162689"}],"curies":[{"name":"wp","href":"https:\/\/api.w.org\/{rel}","templated":true}]}}