{"id":162706,"date":"2019-02-09T11:27:29","date_gmt":"2019-02-09T10:27:29","guid":{"rendered":"https:\/\/www.moskito.cz\/?post_type=product&#038;p=162706"},"modified":"2025-07-11T07:48:12","modified_gmt":"2025-07-11T06:48:12","slug":"boker-scout-amboina-damasek","status":"publish","type":"product","link":"https:\/\/www.moskito.cz\/it\/produkt\/boker-scout-amboina-damasek\/","title":{"rendered":"Zav\u00edrac\u00ed dama\u0161kov\u00fd n\u016f\u017e B\u00f6ker Scout Amboina"},"content":{"rendered":"<p>Zav\u00edrac\u00ed dama\u0161kov\u00fd n\u016f\u017e <strong>B\u00f6ker<\/strong> Scout Amboina.<\/p>\n<p>B\u00f6ker Solingen Manufaktur je pokra\u010dovatel n\u011bmeck\u00e9 tradice vyhl\u00e1\u0161en\u00fdch no\u017e\u016f od roku 1869. Tato pr\u00e9miov\u00e1 zna\u010dka ru\u010dn\u011b vyr\u00e1b\u00ed no\u017ee pro lovce, obranu, ka\u017edodenn\u00ed no\u0161en\u00ed, ale i vojensk\u00e9 speci\u00e1ly do nejt\u011b\u017e\u0161\u00edch podm\u00ednek.<\/p>\n<p>Celkov\u00e1 d\u00e9lka: 18 cm<br \/>\nD\u00e9lka \u010depele: 7.8 cm<br \/>\nTlou\u0161\u0165ka \u010depele: 3 mm<br \/>\nHmotnost: 508 g<br \/>\nMateri\u00e1l \u010depele: Dama\u0161ek<br \/>\nMateri\u00e1l rukojeti: Amboina<\/p>\n","protected":false},"excerpt":{"rendered":"<p>Zav\u00edrac\u00ed n\u016f\u017e z d<strong>ama\u0161ku<\/strong>.<\/p>\n","protected":false},"featured_media":190052,"comment_status":"open","ping_status":"closed","template":"","meta":[],"pwb-brand":[140],"product_brand":[],"product_cat":[25,17],"product_tag":[],"class_list":{"0":"post-162706","1":"product","2":"type-product","3":"status-publish","4":"has-post-thumbnail","6":"pwb-brand-boker","7":"product_cat-damascenske-noze","8":"product_cat-noze","10":"first","11":"onbackorder","12":"taxable","13":"shipping-taxable","14":"purchasable","15":"product-type-simple"},"brands":[{"id":140,"name":"Boker","slug":"boker"}],"_links":{"self":[{"href":"https:\/\/www.moskito.cz\/it\/wp-json\/wp\/v2\/product\/162706","targetHints":{"allow":["GET"]}}],"collection":[{"href":"https:\/\/www.moskito.cz\/it\/wp-json\/wp\/v2\/product"}],"about":[{"href":"https:\/\/www.moskito.cz\/it\/wp-json\/wp\/v2\/types\/product"}],"replies":[{"embeddable":true,"href":"https:\/\/www.moskito.cz\/it\/wp-json\/wp\/v2\/comments?post=162706"}],"wp:featuredmedia":[{"embeddable":true,"href":"https:\/\/www.moskito.cz\/it\/wp-json\/wp\/v2\/media\/190052"}],"wp:attachment":[{"href":"https:\/\/www.moskito.cz\/it\/wp-json\/wp\/v2\/media?parent=162706"}],"wp:term":[{"taxonomy":"pwb-brand","embeddable":true,"href":"https:\/\/www.moskito.cz\/it\/wp-json\/wp\/v2\/pwb-brand?post=162706"},{"taxonomy":"product_brand","embeddable":true,"href":"https:\/\/www.moskito.cz\/it\/wp-json\/wp\/v2\/product_brand?post=162706"},{"taxonomy":"product_cat","embeddable":true,"href":"https:\/\/www.moskito.cz\/it\/wp-json\/wp\/v2\/product_cat?post=162706"},{"taxonomy":"product_tag","embeddable":true,"href":"https:\/\/www.moskito.cz\/it\/wp-json\/wp\/v2\/product_tag?post=162706"}],"curies":[{"name":"wp","href":"https:\/\/api.w.org\/{rel}","templated":true}]}}