{"id":163016,"date":"2019-03-13T17:51:45","date_gmt":"2019-03-13T16:51:45","guid":{"rendered":"https:\/\/www.moskito.cz\/?post_type=product&#038;p=163016"},"modified":"2025-07-11T07:48:19","modified_gmt":"2025-07-11T06:48:19","slug":"mag-lite-three-d-cell-camo-ml02633","status":"publish","type":"product","link":"https:\/\/www.moskito.cz\/it\/produkt\/mag-lite-three-d-cell-camo-ml02633\/","title":{"rendered":"Sv\u00edtilna Mag-Lite Three D Cell Camo ML02633"},"content":{"rendered":"<div>\n<p>Sv\u00edtilna Mag-Lite Three D Cell Camo ML02633.<\/p>\n<p>&nbsp;<\/p>\n<p>Ru\u010dn\u00ed\u00a0 sv\u00edtilna MAG-LITE 3D-CELL\u00a0 s kryptonovou \u017e\u00e1rovkou.<\/p>\n<ul>\n<li>\u00a0proveden\u00ed z kvalitn\u00edho hlin\u00edku<\/li>\n<li>sp\u00edna\u010d se samo\u010distic\u00edmi kontakty<\/li>\n<li>hmotnost: 945g<\/li>\n<li>po\u010det bateri\u00ed: 3<\/li>\n<li>pr\u016fm\u011br reflektoru: 55mm<\/li>\n<li>pr\u016fm\u011br t\u011bla: 38mm<\/li>\n<li>d\u00e9lka sv\u00edtilny: 315mm<\/li>\n<\/ul>\n<\/div>\n","protected":false},"excerpt":{"rendered":"<p>Ru\u010dn\u00ed\u00a0 sv\u00edtilna.<\/p>\n","protected":false},"featured_media":163017,"comment_status":"open","ping_status":"closed","template":"","meta":[],"pwb-brand":[444],"product_brand":[],"product_cat":[49,38],"product_tag":[],"class_list":{"0":"post-163016","1":"product","2":"type-product","3":"status-publish","4":"has-post-thumbnail","6":"pwb-brand-mag-lite","7":"product_cat-svitilny","8":"product_cat-camping","10":"first","11":"instock","12":"taxable","13":"shipping-taxable","14":"purchasable","15":"product-type-simple"},"brands":[{"id":444,"name":"Mag-Lite","slug":"mag-lite"}],"_links":{"self":[{"href":"https:\/\/www.moskito.cz\/it\/wp-json\/wp\/v2\/product\/163016","targetHints":{"allow":["GET"]}}],"collection":[{"href":"https:\/\/www.moskito.cz\/it\/wp-json\/wp\/v2\/product"}],"about":[{"href":"https:\/\/www.moskito.cz\/it\/wp-json\/wp\/v2\/types\/product"}],"replies":[{"embeddable":true,"href":"https:\/\/www.moskito.cz\/it\/wp-json\/wp\/v2\/comments?post=163016"}],"wp:featuredmedia":[{"embeddable":true,"href":"https:\/\/www.moskito.cz\/it\/wp-json\/wp\/v2\/media\/163017"}],"wp:attachment":[{"href":"https:\/\/www.moskito.cz\/it\/wp-json\/wp\/v2\/media?parent=163016"}],"wp:term":[{"taxonomy":"pwb-brand","embeddable":true,"href":"https:\/\/www.moskito.cz\/it\/wp-json\/wp\/v2\/pwb-brand?post=163016"},{"taxonomy":"product_brand","embeddable":true,"href":"https:\/\/www.moskito.cz\/it\/wp-json\/wp\/v2\/product_brand?post=163016"},{"taxonomy":"product_cat","embeddable":true,"href":"https:\/\/www.moskito.cz\/it\/wp-json\/wp\/v2\/product_cat?post=163016"},{"taxonomy":"product_tag","embeddable":true,"href":"https:\/\/www.moskito.cz\/it\/wp-json\/wp\/v2\/product_tag?post=163016"}],"curies":[{"name":"wp","href":"https:\/\/api.w.org\/{rel}","templated":true}]}}