{"id":163255,"date":"2019-03-26T17:56:32","date_gmt":"2019-03-26T16:56:32","guid":{"rendered":"https:\/\/www.moskito.cz\/?post_type=product&#038;p=163255"},"modified":"2025-07-11T07:48:24","modified_gmt":"2025-07-11T06:48:24","slug":"boker-plus-manaro-sm-10-02bo450","status":"publish","type":"product","link":"https:\/\/www.moskito.cz\/it\/produkt\/boker-plus-manaro-sm-10-02bo450\/","title":{"rendered":"Pevn\u00fd n\u016f\u017e Boker Plus Manaro SM-10 02BO450"},"content":{"rendered":"<p>Pevn\u00fd n\u016f\u017e Boker Plus Manaro SM-10 02BO450.<\/p>\n<p>B\u00f6ker Plus p\u0159in\u00e1\u0161\u00ed vynikaj\u00edc\u00ed, inovativn\u00ed koncepty no\u017e\u016f pro ka\u017edou misi. No\u017ee jsou navr\u017eeny podle n\u011bmeck\u00e9ho in\u017een\u00fdrstv\u00ed ve spolupr\u00e1ci se sv\u011btozn\u00e1m\u00fdmi odborn\u00edky jako nap\u0159. Chad Los Banos, Jim Burke, Jim Wanger, Tod Begg, Jesper Voxnaes.<\/p>\n<p><span class=\"tlid-translation translation\" lang=\"cs\"><span title=\"\">Specifikace a funkce:<\/span><br \/>\n<span title=\"\">Boker Plus SM-10 Pevn\u00e1 \u010depel<\/span><br \/>\n<span title=\"\">11 cm \u010depel<\/span><br \/>\n<span class=\"\" title=\"\">Recurve Point<\/span><br \/>\n<span title=\"\">Sat\u00e9nov\u00e1 povrchov\u00e1 \u00faprava<\/span><br \/>\n<span class=\"\" title=\"\">440C Ocel \u010depel<\/span><br \/>\n<span title=\"\">G10 Grip<\/span><br \/>\n<span title=\"\">Ko\u017een\u00e9 pouzdro<\/span><br \/>\n<span title=\"\">20 cm Celkov\u00e1 d\u00e9lka. <\/span><br \/>\n<span title=\"\">6,1 oz<\/span><br \/>\n<span title=\"\">Hollow Grind<\/span><br \/>\n<span class=\"\" title=\"\">Elegantn\u00ed a ploch\u00fd profil<\/span><br \/>\n<span title=\"\">Jemn\u011b kostkovan\u00fd povrch na konci rukojeti a ukazov\u00e1\u010dek umo\u017e\u0148uj\u00ed r\u016fzn\u00e9 polohy uchopen\u00ed<\/span><\/span><\/p>\n","protected":false},"excerpt":{"rendered":"<p>Pevn\u00fd n\u016f\u017e s pouzdrem.<\/p>\n","protected":false},"featured_media":163256,"comment_status":"open","ping_status":"closed","template":"","meta":[],"pwb-brand":[140],"product_brand":[],"product_cat":[23,17],"product_tag":[3667],"class_list":{"0":"post-163255","1":"product","2":"type-product","3":"status-publish","4":"has-post-thumbnail","6":"pwb-brand-boker","7":"product_cat-pevne-noze","8":"product_cat-noze","9":"product_tag-b2b","11":"first","12":"instock","13":"taxable","14":"shipping-taxable","15":"purchasable","16":"product-type-simple"},"brands":[{"id":140,"name":"Boker","slug":"boker"}],"_links":{"self":[{"href":"https:\/\/www.moskito.cz\/it\/wp-json\/wp\/v2\/product\/163255","targetHints":{"allow":["GET"]}}],"collection":[{"href":"https:\/\/www.moskito.cz\/it\/wp-json\/wp\/v2\/product"}],"about":[{"href":"https:\/\/www.moskito.cz\/it\/wp-json\/wp\/v2\/types\/product"}],"replies":[{"embeddable":true,"href":"https:\/\/www.moskito.cz\/it\/wp-json\/wp\/v2\/comments?post=163255"}],"wp:featuredmedia":[{"embeddable":true,"href":"https:\/\/www.moskito.cz\/it\/wp-json\/wp\/v2\/media\/163256"}],"wp:attachment":[{"href":"https:\/\/www.moskito.cz\/it\/wp-json\/wp\/v2\/media?parent=163255"}],"wp:term":[{"taxonomy":"pwb-brand","embeddable":true,"href":"https:\/\/www.moskito.cz\/it\/wp-json\/wp\/v2\/pwb-brand?post=163255"},{"taxonomy":"product_brand","embeddable":true,"href":"https:\/\/www.moskito.cz\/it\/wp-json\/wp\/v2\/product_brand?post=163255"},{"taxonomy":"product_cat","embeddable":true,"href":"https:\/\/www.moskito.cz\/it\/wp-json\/wp\/v2\/product_cat?post=163255"},{"taxonomy":"product_tag","embeddable":true,"href":"https:\/\/www.moskito.cz\/it\/wp-json\/wp\/v2\/product_tag?post=163255"}],"curies":[{"name":"wp","href":"https:\/\/api.w.org\/{rel}","templated":true}]}}