{"id":163406,"date":"2019-04-14T15:26:34","date_gmt":"2019-04-14T14:26:34","guid":{"rendered":"https:\/\/www.moskito.cz\/?post_type=product&#038;p=163406"},"modified":"2025-07-11T07:48:26","modified_gmt":"2025-07-11T06:48:26","slug":"boker-plus-k-i-d-cal-50-schwarz-09bo072","status":"publish","type":"product","link":"https:\/\/www.moskito.cz\/it\/produkt\/boker-plus-k-i-d-cal-50-schwarz-09bo072\/","title":{"rendered":"Taktick\u00e9 pero B\u00f6ker Plus K.I.D. cal .50 Schwarz"},"content":{"rendered":"<p>Taktick\u00e9 pero B\u00f6ker Plus K.I.D. cal .50 Schwarz.<\/p>\n<p>Celkov\u00e1 d\u00e9lka: 10.9 mm<br \/>\nHmotnost: 41 g<\/p>\n<p>K.I.D. cal .50 poskytuje velmi p\u0159\u00edjemn\u00e9 uchopen\u00ed a v\u00fdborn\u011b sed\u00ed v\u00a0ruce p\u0159i psan\u00ed. Neobvykl\u00fd tvar tohoto taktick\u00e9ho pera z\u00a0\u010dern\u00e9ho matn\u00e9ho hlin\u00edku d\u011bl\u00e1 z\u00a0t\u00e9to psac\u00ed pom\u016fcky opravdov\u00fd skvost. Kompatibiln\u00ed se standardn\u00edmi vysokokapacitn\u00edmi n\u00e1pln\u011bmi nebo s\u00a0n\u00e1pln\u00ed Fisher Space Pen # Pr4 dostupnou u n\u00e1s. S klipem.<\/p>\n","protected":false},"excerpt":{"rendered":"<p><strong>K.I.D. cal .50 <\/strong>poskytuje velmi p\u0159\u00edjemn\u00e9 uchopen\u00ed a v\u00fdborn\u011b sed\u00ed v ruce p\u0159i psan\u00ed.<\/p>\n","protected":false},"featured_media":190145,"comment_status":"open","ping_status":"closed","template":"","meta":[],"pwb-brand":[140],"product_brand":[],"product_cat":[23,17],"product_tag":[3667],"class_list":{"0":"post-163406","1":"product","2":"type-product","3":"status-publish","4":"has-post-thumbnail","6":"pwb-brand-boker","7":"product_cat-pevne-noze","8":"product_cat-noze","9":"product_tag-b2b","11":"first","12":"instock","13":"taxable","14":"shipping-taxable","15":"purchasable","16":"product-type-simple"},"brands":[{"id":140,"name":"Boker","slug":"boker"}],"_links":{"self":[{"href":"https:\/\/www.moskito.cz\/it\/wp-json\/wp\/v2\/product\/163406","targetHints":{"allow":["GET"]}}],"collection":[{"href":"https:\/\/www.moskito.cz\/it\/wp-json\/wp\/v2\/product"}],"about":[{"href":"https:\/\/www.moskito.cz\/it\/wp-json\/wp\/v2\/types\/product"}],"replies":[{"embeddable":true,"href":"https:\/\/www.moskito.cz\/it\/wp-json\/wp\/v2\/comments?post=163406"}],"wp:featuredmedia":[{"embeddable":true,"href":"https:\/\/www.moskito.cz\/it\/wp-json\/wp\/v2\/media\/190145"}],"wp:attachment":[{"href":"https:\/\/www.moskito.cz\/it\/wp-json\/wp\/v2\/media?parent=163406"}],"wp:term":[{"taxonomy":"pwb-brand","embeddable":true,"href":"https:\/\/www.moskito.cz\/it\/wp-json\/wp\/v2\/pwb-brand?post=163406"},{"taxonomy":"product_brand","embeddable":true,"href":"https:\/\/www.moskito.cz\/it\/wp-json\/wp\/v2\/product_brand?post=163406"},{"taxonomy":"product_cat","embeddable":true,"href":"https:\/\/www.moskito.cz\/it\/wp-json\/wp\/v2\/product_cat?post=163406"},{"taxonomy":"product_tag","embeddable":true,"href":"https:\/\/www.moskito.cz\/it\/wp-json\/wp\/v2\/product_tag?post=163406"}],"curies":[{"name":"wp","href":"https:\/\/api.w.org\/{rel}","templated":true}]}}