{"id":163426,"date":"2019-04-14T16:51:02","date_gmt":"2019-04-14T15:51:02","guid":{"rendered":"https:\/\/www.moskito.cz\/?post_type=product&#038;p=163426"},"modified":"2025-12-11T09:52:13","modified_gmt":"2025-12-11T08:52:13","slug":"boker-plus-takticke-pero-cal-45-cid-titanium-flamed-09bo095","status":"publish","type":"product","link":"https:\/\/www.moskito.cz\/it\/produkt\/boker-plus-takticke-pero-cal-45-cid-titanium-flamed-09bo095\/","title":{"rendered":"Taktick\u00e9 pero B\u00f6ker Plus cal .45 CID Titanium Flamed 09BO095"},"content":{"rendered":"<table class=\"datatable bokerparamtable\" border=\"0\" cellspacing=\"0\" cellpadding=\"0\">\n<tbody>\n<tr>\n<td>Celkov\u00e1 d\u00e9lka:<\/td>\n<td>12.7 mm<\/td>\n<\/tr>\n<tr>\n<td>Hmotnost:<\/td>\n<td>91 g<\/td>\n<\/tr>\n<tr>\n<td>Materi\u00e1l \u010depele:<\/td>\n<td><\/td>\n<\/tr>\n<tr>\n<td>Materi\u00e1l rukojeti:<\/td>\n<td>Titan<\/td>\n<\/tr>\n<\/tbody>\n<\/table>\n<p>Taktick\u00e9 pero B\u00f6ker Plus cal .45 CID Titanium Flamed 09BO095.<\/p>\n<p>\u00dasp\u011b\u0161n\u00e1 titanov\u00e1 verze extr\u00e9mn\u011b popul\u00e1rn\u00edho taktick\u00e9ho pera CID cal .45 je ru\u010dn\u011b eloxov\u00e1na a ka\u017ed\u00fd vzorek m\u00e1 sv\u016fj v\u00fdrazn\u00fd a jedine\u010dn\u00fd vzhled. Typick\u00fd barevn\u00fd gradient, kter\u00fd titan b\u011bhem tohoto postupu z\u00edsk\u00e1v\u00e1, znamen\u00e1, \u017ee znalci okam\u017eit\u011b tento kvalitn\u00ed materi\u00e1l rozpoznaj\u00ed. Vyobrazen\u00fd p\u0159edm\u011bt je jen p\u0159\u00edklad, proto\u017ee individu\u00e1ln\u00ed zpracov\u00e1n\u00ed zp\u016fsobuje, \u017ee se rozlo\u017een\u00ed vzoru a barev bude li\u0161it pero od pera.<\/p>\n","protected":false},"excerpt":{"rendered":"<p>\u00dasp\u011b\u0161n\u00e1 titanov\u00e1 verze extr\u00e9mn\u011b popul\u00e1rn\u00edho <strong>taktick\u00e9ho pera <\/strong>CID cal .45<\/p>\n","protected":false},"featured_media":179364,"comment_status":"open","ping_status":"closed","template":"","meta":[],"pwb-brand":[140],"product_brand":[],"product_cat":[23,17],"product_tag":[],"class_list":{"0":"post-163426","1":"product","2":"type-product","3":"status-publish","4":"has-post-thumbnail","6":"pwb-brand-boker","7":"product_cat-pevne-noze","8":"product_cat-noze","10":"first","11":"outofstock","12":"taxable","13":"shipping-taxable","14":"purchasable","15":"product-type-simple"},"brands":[{"id":140,"name":"Boker","slug":"boker"}],"_links":{"self":[{"href":"https:\/\/www.moskito.cz\/it\/wp-json\/wp\/v2\/product\/163426","targetHints":{"allow":["GET"]}}],"collection":[{"href":"https:\/\/www.moskito.cz\/it\/wp-json\/wp\/v2\/product"}],"about":[{"href":"https:\/\/www.moskito.cz\/it\/wp-json\/wp\/v2\/types\/product"}],"replies":[{"embeddable":true,"href":"https:\/\/www.moskito.cz\/it\/wp-json\/wp\/v2\/comments?post=163426"}],"wp:featuredmedia":[{"embeddable":true,"href":"https:\/\/www.moskito.cz\/it\/wp-json\/wp\/v2\/media\/179364"}],"wp:attachment":[{"href":"https:\/\/www.moskito.cz\/it\/wp-json\/wp\/v2\/media?parent=163426"}],"wp:term":[{"taxonomy":"pwb-brand","embeddable":true,"href":"https:\/\/www.moskito.cz\/it\/wp-json\/wp\/v2\/pwb-brand?post=163426"},{"taxonomy":"product_brand","embeddable":true,"href":"https:\/\/www.moskito.cz\/it\/wp-json\/wp\/v2\/product_brand?post=163426"},{"taxonomy":"product_cat","embeddable":true,"href":"https:\/\/www.moskito.cz\/it\/wp-json\/wp\/v2\/product_cat?post=163426"},{"taxonomy":"product_tag","embeddable":true,"href":"https:\/\/www.moskito.cz\/it\/wp-json\/wp\/v2\/product_tag?post=163426"}],"curies":[{"name":"wp","href":"https:\/\/api.w.org\/{rel}","templated":true}]}}