{"id":163429,"date":"2019-04-14T17:07:19","date_gmt":"2019-04-14T16:07:19","guid":{"rendered":"https:\/\/www.moskito.cz\/?post_type=product&#038;p=163429"},"modified":"2025-07-11T07:48:28","modified_gmt":"2025-07-11T06:48:28","slug":"boker-bone-ii-damascus-01mb819dam","status":"publish","type":"product","link":"https:\/\/www.moskito.cz\/it\/produkt\/boker-bone-ii-damascus-01mb819dam\/","title":{"rendered":"Dama\u0161kov\u00fd zav\u00edrac\u00ed n\u016f\u017e B\u00f6ker BONE II Damascus"},"content":{"rendered":"<p>Dama\u0161kov\u00fd zav\u00edrac\u00ed n\u016f\u017e B\u00f6ker BONE II <strong>Damascus<\/strong>.<\/p>\n<p><span class=\"tlid-translation translation\" lang=\"cs\"><span title=\"\">D\u00e9lka: 13,7 cm<\/span><br \/>\n<span title=\"\">D\u00e9lka \u010depele: 5,7 cm<\/span><br \/>\n<span class=\"\" title=\"\">Barel Steel: Damascus Steel &#8211; Damascus Steel (71 vrstev)<\/span><br \/>\n<span title=\"\">Materi\u00e1l t\u011bla: BONE<\/span><br \/>\n<span title=\"\">Hmotnost: 62 gram\u016f<\/span><br \/>\n<span title=\"\">Mechanismus z\u00e1mku: ZADN\u00cd Z\u00c1MEK<\/span><br \/>\n<span class=\"\" title=\"\">N\u00e1vrh\u00e1\u0159: B\u00d6KER MANUFAKTUR IN SOL\u0130NGEN<\/span><\/span><\/p>\n<p>B\u00d6KER\u00ae je n\u011bmeck\u00e1 firma, kter\u00e1 vyr\u00e1b\u00ed no\u017ee t\u00e9 nejvy\u0161\u0161\u00ed kvality. No\u017ee s pevnou \u010depel\u00ed, zav\u00edrac\u00ed no\u017ee, kuchy\u0148sk\u00e9 no\u017ee a stojany si d\u00edky v\u00fdjime\u010dn\u00e9 kvalit\u011b obl\u00edbila \u0159ada z\u00e1kazn\u00edk\u016f z cel\u00e9ho sv\u011bta. V\u0161echny no\u017ee jsou vyrobeny z nejlep\u0161\u00edch, odoln\u00fdch materi\u00e1l\u016f a budou nepostradateln\u00fdm pomocn\u00edkem doma, v d\u00edln\u011b, na lovu i na v\u00fdlet\u011b do p\u0159\u00edrody.<\/p>\n","protected":false},"excerpt":{"rendered":"<p><strong>B\u00d6KER\u00ae <\/strong>je n\u011bmeck\u00e1 firma, kter\u00e1 vyr\u00e1b\u00ed no\u017ee t\u00e9 nejvy\u0161\u0161\u00ed kvality. No\u017ee s pevnou \u010depel\u00ed, zav\u00edrac\u00ed no\u017ee, kuchy\u0148sk\u00e9 no\u017ee a stojany si d\u00edky v\u00fdjime\u010dn\u00e9 kvalit\u011b obl\u00edbila \u0159ada z\u00e1kazn\u00edk\u016f z cel\u00e9ho sv\u011bta. <\/p>\n","protected":false},"featured_media":190046,"comment_status":"open","ping_status":"closed","template":"","meta":[],"pwb-brand":[140],"product_brand":[],"product_cat":[25,17],"product_tag":[3667],"class_list":{"0":"post-163429","1":"product","2":"type-product","3":"status-publish","4":"has-post-thumbnail","6":"pwb-brand-boker","7":"product_cat-damascenske-noze","8":"product_cat-noze","9":"product_tag-b2b","11":"first","12":"instock","13":"taxable","14":"shipping-taxable","15":"purchasable","16":"product-type-simple"},"brands":[{"id":140,"name":"Boker","slug":"boker"}],"_links":{"self":[{"href":"https:\/\/www.moskito.cz\/it\/wp-json\/wp\/v2\/product\/163429","targetHints":{"allow":["GET"]}}],"collection":[{"href":"https:\/\/www.moskito.cz\/it\/wp-json\/wp\/v2\/product"}],"about":[{"href":"https:\/\/www.moskito.cz\/it\/wp-json\/wp\/v2\/types\/product"}],"replies":[{"embeddable":true,"href":"https:\/\/www.moskito.cz\/it\/wp-json\/wp\/v2\/comments?post=163429"}],"wp:featuredmedia":[{"embeddable":true,"href":"https:\/\/www.moskito.cz\/it\/wp-json\/wp\/v2\/media\/190046"}],"wp:attachment":[{"href":"https:\/\/www.moskito.cz\/it\/wp-json\/wp\/v2\/media?parent=163429"}],"wp:term":[{"taxonomy":"pwb-brand","embeddable":true,"href":"https:\/\/www.moskito.cz\/it\/wp-json\/wp\/v2\/pwb-brand?post=163429"},{"taxonomy":"product_brand","embeddable":true,"href":"https:\/\/www.moskito.cz\/it\/wp-json\/wp\/v2\/product_brand?post=163429"},{"taxonomy":"product_cat","embeddable":true,"href":"https:\/\/www.moskito.cz\/it\/wp-json\/wp\/v2\/product_cat?post=163429"},{"taxonomy":"product_tag","embeddable":true,"href":"https:\/\/www.moskito.cz\/it\/wp-json\/wp\/v2\/product_tag?post=163429"}],"curies":[{"name":"wp","href":"https:\/\/api.w.org\/{rel}","templated":true}]}}