{"id":163435,"date":"2019-04-14T17:26:30","date_gmt":"2019-04-14T16:26:30","guid":{"rendered":"https:\/\/www.moskito.cz\/?post_type=product&#038;p=163435"},"modified":"2025-07-11T07:48:29","modified_gmt":"2025-07-11T06:48:29","slug":"boker-plus-hawkit-09bo098","status":"publish","type":"product","link":"https:\/\/www.moskito.cz\/it\/produkt\/boker-plus-hawkit-09bo098\/","title":{"rendered":"B\u00f6ker Plus Hawkit"},"content":{"rendered":"<p><strong>B\u00f6ker<\/strong> Plus Hawkit .<\/p>\n<table class=\"datatable bokerparamtable\" border=\"0\" cellspacing=\"0\" cellpadding=\"0\">\n<tbody>\n<tr>\n<td>Celkov\u00e1 d\u00e9lka:<\/td>\n<td>9.5 cm<\/td>\n<\/tr>\n<tr>\n<td>D\u00e9lka \u010depele:<\/td>\n<td>2.5 cm<\/td>\n<\/tr>\n<tr>\n<td>Tlou\u0161\u0165ka \u010depele:<\/td>\n<td>3 mm<\/td>\n<\/tr>\n<tr>\n<td>Hmotnost:<\/td>\n<td>167 g<\/td>\n<\/tr>\n<tr>\n<td>Materi\u00e1l \u010depele:<\/td>\n<td><a href=\"https:\/\/www.nozeboker.cz\/prehled-materialu\/440-c\" target=\"_blank\" rel=\"noopener\">440-C<\/a><\/td>\n<\/tr>\n<tr>\n<td>Materi\u00e1l rukojeti:<\/td>\n<td>U\u0161lechtil\u00e1 ocel<\/td>\n<\/tr>\n<\/tbody>\n<\/table>\n<p>Na prvn\u00ed pohled se m\u016f\u017ee zd\u00e1t minisekerka jako absurdn\u00ed. Ale ka\u017ed\u00fd, kdo poprv\u00e9 vezme Hawkit od Jona Grahama do ruky, si okam\u017eit\u011b uv\u011bdom\u00ed, \u017ee je to skute\u010dn\u011b n\u00e1stroj, kter\u00fd je t\u0159eba br\u00e1t v\u00e1\u017en\u011b. Zat\u00edmco \u0161t\u00edp\u00e1n\u00ed d\u0159eva a k\u00e1cen\u00ed strom\u016f nen\u00ed rozhodn\u011b dom\u00e9nou t\u00e9to minisekerky, Hawkit je opravdov\u00fdm pomocn\u00edkem jako mal\u00fd n\u016f\u017e, vytahova\u010d neht\u016f, mini p\u00e1\u010didlo, otv\u00edr\u00e1k na l\u00e1hev a pro uvoln\u011bn\u00ed z\u00e1v\u011bs\u016f nebo zasekl\u00fdch bit\u016f. No\u017e\u00ed\u0159sk\u00e1 ocel 440C, symetrick\u00e9 brou\u0161en\u00ed. Dod\u00e1v\u00e1no s kydexov\u00fdm pouzdrem a kuli\u010dkov\u00fdm \u0159et\u00edzkem.<\/p>\n","protected":false},"excerpt":{"rendered":"<p><strong>Boker <\/strong>minisekerka. <\/p>\n","protected":false},"featured_media":190135,"comment_status":"open","ping_status":"closed","template":"","meta":[],"pwb-brand":[140],"product_brand":[],"product_cat":[50],"product_tag":[3667],"class_list":{"0":"post-163435","1":"product","2":"type-product","3":"status-publish","4":"has-post-thumbnail","6":"pwb-brand-boker","7":"product_cat-multi-tool","8":"product_tag-b2b","10":"first","11":"outofstock","12":"taxable","13":"shipping-taxable","14":"purchasable","15":"product-type-simple"},"brands":[{"id":140,"name":"Boker","slug":"boker"}],"_links":{"self":[{"href":"https:\/\/www.moskito.cz\/it\/wp-json\/wp\/v2\/product\/163435","targetHints":{"allow":["GET"]}}],"collection":[{"href":"https:\/\/www.moskito.cz\/it\/wp-json\/wp\/v2\/product"}],"about":[{"href":"https:\/\/www.moskito.cz\/it\/wp-json\/wp\/v2\/types\/product"}],"replies":[{"embeddable":true,"href":"https:\/\/www.moskito.cz\/it\/wp-json\/wp\/v2\/comments?post=163435"}],"wp:featuredmedia":[{"embeddable":true,"href":"https:\/\/www.moskito.cz\/it\/wp-json\/wp\/v2\/media\/190135"}],"wp:attachment":[{"href":"https:\/\/www.moskito.cz\/it\/wp-json\/wp\/v2\/media?parent=163435"}],"wp:term":[{"taxonomy":"pwb-brand","embeddable":true,"href":"https:\/\/www.moskito.cz\/it\/wp-json\/wp\/v2\/pwb-brand?post=163435"},{"taxonomy":"product_brand","embeddable":true,"href":"https:\/\/www.moskito.cz\/it\/wp-json\/wp\/v2\/product_brand?post=163435"},{"taxonomy":"product_cat","embeddable":true,"href":"https:\/\/www.moskito.cz\/it\/wp-json\/wp\/v2\/product_cat?post=163435"},{"taxonomy":"product_tag","embeddable":true,"href":"https:\/\/www.moskito.cz\/it\/wp-json\/wp\/v2\/product_tag?post=163435"}],"curies":[{"name":"wp","href":"https:\/\/api.w.org\/{rel}","templated":true}]}}