{"id":163579,"date":"2019-04-19T16:13:53","date_gmt":"2019-04-19T15:13:53","guid":{"rendered":"https:\/\/www.moskito.cz\/?post_type=product&#038;p=163579"},"modified":"2025-07-11T07:48:43","modified_gmt":"2025-07-11T06:48:43","slug":"joker-pevny-nuz-co37","status":"publish","type":"product","link":"https:\/\/www.moskito.cz\/it\/produkt\/joker-pevny-nuz-co37\/","title":{"rendered":"Pevn\u00fd N\u016f\u017e Joker Tigre Bowie CO37"},"content":{"rendered":"<p>Pevn\u00fd N\u016f\u017e <strong>Joker<\/strong> Tigre Bowie CO37<\/p>\n<p>No\u017ee Joker poch\u00e1zej\u00ed ze \u0160pan\u011blsk\u00e9ho m\u011bsta Albacete, kter\u00e9 je zn\u00e1m\u00e9 tradi\u010dn\u00ed v\u00fdrobou no\u017e\u016f a d\u00fdk.<\/p>\n<p><span class=\"tlid-translation translation\" lang=\"cs\"><span title=\"\">Ocel : Molybden Vanadium<\/span><br \/>\n<span title=\"\">Rukoje\u0165 : Oliva<\/span><\/span><\/p>\n<p><span class=\"tlid-translation translation\" lang=\"cs\">Ko\u017een\u00e9 pouzdro.<br \/>\n<span title=\"\">D\u00e9lka \u010depele: 17 cm &#8211; 233 gr<br \/>\n<\/span><\/span><\/p>\n<p>OLIVE WOOD HANDLE 17 CM STAINLESS STEEL BLADE HUNTING KNIFE<br \/>\nCO37<br \/>\nProduct characteristics:<\/p>\n<p>Blade: Molybdenun Vanadium<br \/>\nGuards: S.S.<br \/>\nSheath: Leather<br \/>\nHandle: Olive wood<br \/>\n17 cm &#8211; 233 gr<\/p>\n<p>&nbsp;<\/p>\n","protected":false},"excerpt":{"rendered":"<p>No\u017ee Joker poch\u00e1zej\u00ed ze \u0160pan\u011blsk\u00e9ho m\u011bsta Albacete, kter\u00e9 je zn\u00e1m\u00e9 tradi\u010dn\u00ed v\u00fdrobou no\u017e\u016f a d\u00fdk.<br \/>\n<strong>Navr\u017eeno a vyrobeno ve \u0160pan\u011blsku (Albacete)<\/strong><\/p>\n","protected":false},"featured_media":195203,"comment_status":"open","ping_status":"closed","template":"","meta":[],"pwb-brand":[359],"product_brand":[],"product_cat":[23,17],"product_tag":[],"class_list":{"0":"post-163579","1":"product","2":"type-product","3":"status-publish","4":"has-post-thumbnail","6":"pwb-brand-joker","7":"product_cat-pevne-noze","8":"product_cat-noze","10":"first","11":"outofstock","12":"taxable","13":"shipping-taxable","14":"purchasable","15":"product-type-simple"},"brands":[{"id":359,"name":"Joker","slug":"joker"}],"_links":{"self":[{"href":"https:\/\/www.moskito.cz\/it\/wp-json\/wp\/v2\/product\/163579","targetHints":{"allow":["GET"]}}],"collection":[{"href":"https:\/\/www.moskito.cz\/it\/wp-json\/wp\/v2\/product"}],"about":[{"href":"https:\/\/www.moskito.cz\/it\/wp-json\/wp\/v2\/types\/product"}],"replies":[{"embeddable":true,"href":"https:\/\/www.moskito.cz\/it\/wp-json\/wp\/v2\/comments?post=163579"}],"wp:featuredmedia":[{"embeddable":true,"href":"https:\/\/www.moskito.cz\/it\/wp-json\/wp\/v2\/media\/195203"}],"wp:attachment":[{"href":"https:\/\/www.moskito.cz\/it\/wp-json\/wp\/v2\/media?parent=163579"}],"wp:term":[{"taxonomy":"pwb-brand","embeddable":true,"href":"https:\/\/www.moskito.cz\/it\/wp-json\/wp\/v2\/pwb-brand?post=163579"},{"taxonomy":"product_brand","embeddable":true,"href":"https:\/\/www.moskito.cz\/it\/wp-json\/wp\/v2\/product_brand?post=163579"},{"taxonomy":"product_cat","embeddable":true,"href":"https:\/\/www.moskito.cz\/it\/wp-json\/wp\/v2\/product_cat?post=163579"},{"taxonomy":"product_tag","embeddable":true,"href":"https:\/\/www.moskito.cz\/it\/wp-json\/wp\/v2\/product_tag?post=163579"}],"curies":[{"name":"wp","href":"https:\/\/api.w.org\/{rel}","templated":true}]}}