{"id":163677,"date":"2019-04-21T17:28:01","date_gmt":"2019-04-21T16:28:01","guid":{"rendered":"https:\/\/www.moskito.cz\/?post_type=product&#038;p=163677"},"modified":"2025-07-11T07:48:49","modified_gmt":"2025-07-11T06:48:49","slug":"miguel-nieto-zaviraci-nuz-art-16","status":"publish","type":"product","link":"https:\/\/www.moskito.cz\/it\/produkt\/miguel-nieto-zaviraci-nuz-art-16\/","title":{"rendered":"Zav\u00edrac\u00ed n\u016f\u017e Miguel Nieto ART-16"},"content":{"rendered":"<p>Zav\u00edrac\u00ed n\u016f\u017e Miguel Nieto ART-16.<\/p>\n<p>&nbsp;<\/p>\n<p>&nbsp;<\/p>\n<p><span class=\"tlid-translation translation\" lang=\"cs\"><span title=\"\">Tento kapesn\u00ed n\u016f\u017e s pojistkou je vytvo\u0159en ru\u010dn\u011b.M\u00e1 ru\u010dn\u011b vyrytou \u010depel ve tvaru diamant\u016f od na\u0161eho \u0159emesln\u00edka.<\/span><\/span><\/p>\n<p>&nbsp;<\/p>\n<p><span class=\"tlid-translation translation\" lang=\"cs\"><span title=\"\">\u010cepel: Ocel AN-58<\/span><br \/>\n<span class=\"\" title=\"\">Rukoje\u0165: Metakryl\u00e1tovouprysky\u0159ic\u00ed s zalit\u00e1 pera<\/span> sojky.<br \/>\n<span title=\"\"><span class=\"\" title=\"\">D\u00e9lka \u010depele:<\/span> 8 cm<\/span><br \/>\n<span class=\"\" title=\"\"><span title=\"\">Velikost<\/span>: 18,5 cm<\/span><br \/>\n<span class=\"\" title=\"\">Hmotnost 108 g<\/span><\/span><\/p>\n<p><span title=\"La base fundamental de esta nueva etapa es conseguir una calidad fiable, mezclando los avances tecnol\u00f3gicos con las tradiciones artesanales. \">Z\u00e1kladem Spole\u010dnosti Miguel Nieto je dosa\u017een\u00ed spolehliv\u00e9 kvality, kter\u00e1 spojuje technologick\u00fd pokrok s tradi\u010dn\u00edmi tradicemi.<\/span><\/p>\n<p><span title=\"Actualmente nuestra empresa sigue trabajando para conseguir un producto 100% fabricado en Espa\u00f1a, asequible y de una m\u00e1xima calidad.\">V sou\u010dasn\u00e9 dob\u011b\u00a0 spole\u010dnost Miguel Nieto st\u00e1le pracuje na z\u00edsk\u00e1n\u00ed produktu 100% vyroben\u00e9ho ve \u0160pan\u011blsku, cenov\u011b dostupn\u00e9ho a t\u00e9 nejvy\u0161\u0161\u00ed kvality.<\/span><\/p>\n","protected":false},"excerpt":{"rendered":"<p>Zav\u00edrac\u00ed n\u016f\u017e s pojistkou.<\/p>\n","protected":false},"featured_media":163678,"comment_status":"open","ping_status":"closed","template":"","meta":[],"pwb-brand":[469],"product_brand":[],"product_cat":[22,17],"product_tag":[],"class_list":{"0":"post-163677","1":"product","2":"type-product","3":"status-publish","4":"has-post-thumbnail","6":"pwb-brand-nieto","7":"product_cat-zaviraci-noze","8":"product_cat-noze","10":"first","11":"onbackorder","12":"taxable","13":"shipping-taxable","14":"purchasable","15":"product-type-simple"},"brands":[{"id":469,"name":"Nieto","slug":"nieto"}],"_links":{"self":[{"href":"https:\/\/www.moskito.cz\/it\/wp-json\/wp\/v2\/product\/163677","targetHints":{"allow":["GET"]}}],"collection":[{"href":"https:\/\/www.moskito.cz\/it\/wp-json\/wp\/v2\/product"}],"about":[{"href":"https:\/\/www.moskito.cz\/it\/wp-json\/wp\/v2\/types\/product"}],"replies":[{"embeddable":true,"href":"https:\/\/www.moskito.cz\/it\/wp-json\/wp\/v2\/comments?post=163677"}],"wp:featuredmedia":[{"embeddable":true,"href":"https:\/\/www.moskito.cz\/it\/wp-json\/wp\/v2\/media\/163678"}],"wp:attachment":[{"href":"https:\/\/www.moskito.cz\/it\/wp-json\/wp\/v2\/media?parent=163677"}],"wp:term":[{"taxonomy":"pwb-brand","embeddable":true,"href":"https:\/\/www.moskito.cz\/it\/wp-json\/wp\/v2\/pwb-brand?post=163677"},{"taxonomy":"product_brand","embeddable":true,"href":"https:\/\/www.moskito.cz\/it\/wp-json\/wp\/v2\/product_brand?post=163677"},{"taxonomy":"product_cat","embeddable":true,"href":"https:\/\/www.moskito.cz\/it\/wp-json\/wp\/v2\/product_cat?post=163677"},{"taxonomy":"product_tag","embeddable":true,"href":"https:\/\/www.moskito.cz\/it\/wp-json\/wp\/v2\/product_tag?post=163677"}],"curies":[{"name":"wp","href":"https:\/\/api.w.org\/{rel}","templated":true}]}}