{"id":163834,"date":"2019-05-04T13:34:48","date_gmt":"2019-05-04T12:34:48","guid":{"rendered":"https:\/\/www.moskito.cz\/?post_type=product&#038;p=163834"},"modified":"2025-07-11T07:48:51","modified_gmt":"2025-07-11T06:48:51","slug":"excalibur-silver-sword-marto-ma752-1","status":"publish","type":"product","link":"https:\/\/www.moskito.cz\/it\/produkt\/excalibur-silver-sword-marto-ma752-1\/","title":{"rendered":"Excalibur Silver Sword Marto MA752.1"},"content":{"rendered":"<p>Excalibur Silver Sword Marto MA752.1.<\/p>\n<p><span class=\"tlid-translation translation\" lang=\"cs\">Excalibur je nejzn\u00e1m\u011bj\u0161\u00edm jm\u00e9nem legend\u00e1rn\u00edho me\u010de kr\u00e1le Artu\u0161e, kter\u00e9mu byly p\u0159ipisov\u00e1ny r\u016fzn\u00e9 mimo\u0159\u00e1dn\u00e9 vlastnosti.<\/span><\/p>\n<p>Je n\u011bkolik teori\u00ed p\u016fvod jeho jm\u00e9na. Jeden z nejv\u00edce p\u0159ij\u00edman\u00fdch je \u017ee to p\u0159ijde z latiny \u201cEX Calce Liberatus\u201d, \u201cosvobozen\u00fd od kamene\u201d. Jin\u00ed se domn\u00edvaj\u00ed, \u017ee Excalibur znamen\u00e1 &#8220;\u0158ez\u00e1n\u00ed oceli&#8221;, odkazuj\u00edc\u00ed na jednu z mnoha magick\u00fdch vlastnost\u00ed.<\/p>\n<p>Podle legendy, kdy\u017e kr\u00e1l Uther Pendragon zem\u0159el, Merlin vytvo\u0159il me\u010d (Exalibur) na ostrov\u011b Avalon a vrazil ho do kamene v Lond\u00fdn\u011b pobl\u00ed\u017e kaple.<\/p>\n<p>Nejroz\u0161\u00ed\u0159en\u011bj\u0161\u00ed legenda \u0159\u00edk\u00e1, \u017ee se Artu\u0161i poda\u0159ilo dostat se ze sk\u00e1ly aktem magie od Marl\u00edna. Me\u010d byl dr\u017een v pochv\u011b, kter\u00e1 zp\u016fsobila, \u017ee kr\u00e1l neztratil krev, kdy\u017e ho nesl v bitv\u00e1ch. Ji\u017e um\u00edraj\u00edc\u00ed, Artu\u0161 na\u0159\u00eddil sv\u00e9mu ryt\u00ed\u0159i, aby hodil me\u010d do jezera, kde \u017eil Nimue, d\u00e1ma jezera. Kdy\u017e to hod\u00ed, ruka oble\u010den\u00e1 v b\u00edl\u00e9m hedv\u00e1b\u00ed ji dr\u017e\u00ed a vezme ji do hlubin.<\/p>\n<p>\u0158\u00edk\u00e1 se, \u017ee me\u010d spo\u010d\u00edv\u00e1 s kr\u00e1lem v \u00c1valonu a \u010dek\u00e1 na jeho n\u00e1vrat.<\/p>\n<p>Rukoje\u0165 ve st\u0159\u00edb\u0159e s modr\u00fdm kontrastem a \u010depel\u00ed se speci\u00e1ln\u00edm lept\u00e1n\u00edm v hlubok\u00e9 \u010dern\u00e9 kyselin\u011b.<br \/>\nD\u00e9lka: 120 cm<br \/>\n\u0160\u00ed\u0159ka: 23 cm<br \/>\nHmotnost: 2,1 kg<\/p>\n<p>Vysoce kvalitn\u00ed me\u010d z exkluzivn\u00ed kolekce &#8220;Deep Lept Swords&#8221; vyr\u00e1b\u011bn\u00e9 firmou MARTO.<\/p>\n<p>Osv\u011bd\u010den\u00ed o p\u016fvodu a kvalit\u011b, vyroben\u00e9 v Toledu.<\/p>\n","protected":false},"excerpt":{"rendered":"<p>Excalibur me\u010d.<\/p>\n","protected":false},"featured_media":163835,"comment_status":"open","ping_status":"closed","template":"","meta":[],"pwb-brand":[454],"product_brand":[],"product_cat":[24,1942],"product_tag":[],"class_list":{"0":"post-163834","1":"product","2":"type-product","3":"status-publish","4":"has-post-thumbnail","6":"pwb-brand-marto","7":"product_cat-katany-a-mece","8":"product_cat-mece-dyky-repliky","10":"first","11":"instock","12":"taxable","13":"shipping-taxable","14":"purchasable","15":"product-type-simple"},"brands":[{"id":454,"name":"Marto","slug":"marto"}],"_links":{"self":[{"href":"https:\/\/www.moskito.cz\/it\/wp-json\/wp\/v2\/product\/163834","targetHints":{"allow":["GET"]}}],"collection":[{"href":"https:\/\/www.moskito.cz\/it\/wp-json\/wp\/v2\/product"}],"about":[{"href":"https:\/\/www.moskito.cz\/it\/wp-json\/wp\/v2\/types\/product"}],"replies":[{"embeddable":true,"href":"https:\/\/www.moskito.cz\/it\/wp-json\/wp\/v2\/comments?post=163834"}],"wp:featuredmedia":[{"embeddable":true,"href":"https:\/\/www.moskito.cz\/it\/wp-json\/wp\/v2\/media\/163835"}],"wp:attachment":[{"href":"https:\/\/www.moskito.cz\/it\/wp-json\/wp\/v2\/media?parent=163834"}],"wp:term":[{"taxonomy":"pwb-brand","embeddable":true,"href":"https:\/\/www.moskito.cz\/it\/wp-json\/wp\/v2\/pwb-brand?post=163834"},{"taxonomy":"product_brand","embeddable":true,"href":"https:\/\/www.moskito.cz\/it\/wp-json\/wp\/v2\/product_brand?post=163834"},{"taxonomy":"product_cat","embeddable":true,"href":"https:\/\/www.moskito.cz\/it\/wp-json\/wp\/v2\/product_cat?post=163834"},{"taxonomy":"product_tag","embeddable":true,"href":"https:\/\/www.moskito.cz\/it\/wp-json\/wp\/v2\/product_tag?post=163834"}],"curies":[{"name":"wp","href":"https:\/\/api.w.org\/{rel}","templated":true}]}}