{"id":163839,"date":"2019-05-04T13:47:45","date_gmt":"2019-05-04T12:47:45","guid":{"rendered":"https:\/\/www.moskito.cz\/?post_type=product&#038;p=163839"},"modified":"2025-07-11T07:48:52","modified_gmt":"2025-07-11T06:48:52","slug":"robin-hood-sword-silver-marto-ma754-1","status":"publish","type":"product","link":"https:\/\/www.moskito.cz\/it\/produkt\/robin-hood-sword-silver-marto-ma754-1\/","title":{"rendered":"Robin Hood Sword Silver Marto MA754.1"},"content":{"rendered":"<p><span class=\"tlid-translation translation\" lang=\"cs\">Robin Hood, &#8220;The King of the Woods&#8221;, psanec, kter\u00fd na po\u010d\u00e1tku 14. stolet\u00ed proch\u00e1zel Sherwoodsk\u00fdm lesem, se narodil kolem roku 1290, syn Adama Hooda, lesn\u00edho str\u00e1\u017ece ve slu\u017eb\u011b hrab\u011bte de Warenne a Lord of Lord Wakefield.<\/p>\n<p>Robin se stal popul\u00e1rn\u00edm hrdinou pro svou obranu bezdomovc\u016f; Me\u010d Robina Hooda v\u017edy slou\u017eil chud\u00fdm. Bral bohatstv\u00ed mocn\u00fdch a rozd\u011blil je mezi chud\u00e9; Krom\u011b toho t\u00edm, \u017ee si z t\u00e9 doby ud\u011blal legraci z nepopul\u00e1rn\u00edch \u00fa\u0159ad\u016f, z\u00edskal podporu utla\u010dovan\u00fdch roln\u00edk\u016f.<\/p>\n<p>Dobrodru\u017estv\u00ed Robina Hooda v les\u00edch pokra\u010dovala asi do roku 1346; \u0158\u00edk\u00e1 se, \u017ee v tom roce zem\u0159el v kl\u00e1\u0161te\u0159e Kirklees.<\/p>\n<p>P\u0159\u00edb\u011bh kon\u010d\u00ed, kdy\u017e Robin Hood, s me\u010dem v ruce, vstane naposled, ne\u017e um\u0159e vyst\u0159el\u00ed \u0161ipku z okna sv\u00e9ho pokoje sm\u011brem k lesu a \u017e\u00e1d\u00e1, aby byl poh\u0159ben na m\u00edst\u011b, kde se \u0161\u00edp spadl. I dnes je mo\u017en\u00e9 vid\u011bt m\u00edsto, kter\u00e9 si Robin vybral jako hrobku.<\/p>\n<p>Robin Hood je romantick\u00fd p\u0159\u00edb\u011bh, kter\u00fd je udr\u017eov\u00e1n na\u017eivu a je vypr\u00e1v\u011bn po dobu 600 let, co\u017e vede k s\u00e9rii v\u00fdtvor\u016f m\u00fdtick\u00e9ho me\u010de Robina Hooda.<\/p>\n<p>Rukoje\u0165 ve st\u0159\u00edb\u0159e s modr\u00fdm kontrastem a \u010depel\u00ed se speci\u00e1ln\u00edm lept\u00e1n\u00edm v hlubok\u00e9 \u010dern\u00e9 kyselin\u011b.<br \/>\nCelkov\u00e1 d\u00e9lka: 123 cm<br \/>\n\u0160\u00ed\u0159ka: 26 cm<br \/>\nHmotnost: 2,6 kg<\/p>\n<p>Vysoce kvalitn\u00ed me\u010d z exkluzivn\u00ed kolekce &#8220;Deep Lept Swords&#8221; vyr\u00e1b\u011bn\u00e9 firmou MARTO.<\/p>\n<p>Osv\u011bd\u010den\u00ed o p\u016fvodu a kvalit\u011b, vyroben\u00e9 v Toledu.<\/span><\/p>\n","protected":false},"excerpt":{"rendered":"<p>Me\u010d Robin Hood .<\/p>\n","protected":false},"featured_media":163840,"comment_status":"open","ping_status":"closed","template":"","meta":[],"pwb-brand":[454],"product_brand":[],"product_cat":[24,1942],"product_tag":[],"class_list":{"0":"post-163839","1":"product","2":"type-product","3":"status-publish","4":"has-post-thumbnail","6":"pwb-brand-marto","7":"product_cat-katany-a-mece","8":"product_cat-mece-dyky-repliky","10":"first","11":"instock","12":"taxable","13":"shipping-taxable","14":"purchasable","15":"product-type-simple"},"brands":[{"id":454,"name":"Marto","slug":"marto"}],"_links":{"self":[{"href":"https:\/\/www.moskito.cz\/it\/wp-json\/wp\/v2\/product\/163839","targetHints":{"allow":["GET"]}}],"collection":[{"href":"https:\/\/www.moskito.cz\/it\/wp-json\/wp\/v2\/product"}],"about":[{"href":"https:\/\/www.moskito.cz\/it\/wp-json\/wp\/v2\/types\/product"}],"replies":[{"embeddable":true,"href":"https:\/\/www.moskito.cz\/it\/wp-json\/wp\/v2\/comments?post=163839"}],"wp:featuredmedia":[{"embeddable":true,"href":"https:\/\/www.moskito.cz\/it\/wp-json\/wp\/v2\/media\/163840"}],"wp:attachment":[{"href":"https:\/\/www.moskito.cz\/it\/wp-json\/wp\/v2\/media?parent=163839"}],"wp:term":[{"taxonomy":"pwb-brand","embeddable":true,"href":"https:\/\/www.moskito.cz\/it\/wp-json\/wp\/v2\/pwb-brand?post=163839"},{"taxonomy":"product_brand","embeddable":true,"href":"https:\/\/www.moskito.cz\/it\/wp-json\/wp\/v2\/product_brand?post=163839"},{"taxonomy":"product_cat","embeddable":true,"href":"https:\/\/www.moskito.cz\/it\/wp-json\/wp\/v2\/product_cat?post=163839"},{"taxonomy":"product_tag","embeddable":true,"href":"https:\/\/www.moskito.cz\/it\/wp-json\/wp\/v2\/product_tag?post=163839"}],"curies":[{"name":"wp","href":"https:\/\/api.w.org\/{rel}","templated":true}]}}