{"id":163887,"date":"2019-05-05T13:20:15","date_gmt":"2019-05-05T12:20:15","guid":{"rendered":"https:\/\/www.moskito.cz\/?post_type=product&#038;p=163887"},"modified":"2025-07-11T07:48:55","modified_gmt":"2025-07-11T06:48:55","slug":"meyerco-mlnk-brent-beshara-besh-wedge-neck-knife","status":"publish","type":"product","link":"https:\/\/www.moskito.cz\/it\/produkt\/meyerco-mlnk-brent-beshara-besh-wedge-neck-knife\/","title":{"rendered":"Meyerco  Brent Beshara Besh Wedge Neck Knife MLNK"},"content":{"rendered":"<p>Meyerco Brent Beshara Besh Wedge Neck Knife MLNK.<\/p>\n<p><span class=\"tlid-translation translation\" lang=\"cs\"><span class=\"\" title=\"\">Meyerco MLNK Brent Beshara Besh Wedge Neck N\u016f\u017e.<\/span> <span class=\"\" title=\"\">Brent Beshara popisuje tento n\u016f\u017e, kter\u00fd navrhl n\u00e1sledovn\u011b: BESH Wedge je revolu\u010dn\u00ed n\u016f\u017e s trojit\u00fdm ost\u0159\u00edm, kter\u00fd jsem vynalezl s v\u00e1mi, s koncov\u00fdm u\u017eivatelem.<\/span> <span class=\"\" title=\"\">Je to nejsiln\u011bj\u0161\u00ed n\u016f\u017e na sv\u011bt\u011b.<\/span> <span class=\"\" title=\"\">Moje geometrie v kombinaci s designovou dokonalost\u00ed Darrel Ralph a kvalitn\u00ed konstrukce Meyerco maj\u00ed za n\u00e1sledek &#8220;spr\u00e1vn\u00fd n\u00e1stroj pro spr\u00e1vnou pr\u00e1ci&#8221;.<\/span><\/span><\/p>\n<p><span title=\"\">BESH Wedge Blade od firmy Brent Beshara m\u00e1 svou jedine\u010dnou geometrii \u010depele, kter\u00e1 nese na \u0161pi\u010dku no\u017ee co nejv\u00edce oceli.<\/span> <span class=\"\" title=\"\">N\u016f\u017e na krk BESH Wedge je opat\u0159en rukojet\u00ed, kter\u00e1 je obalena para kabelem a pl\u00e1\u0161t\u011bm kydex s \u0159et\u00edzkem na krk.<\/span> <span class=\"\" title=\"\">Meyerco je licencov\u00e1n na v\u00fdrobu t\u011bchto \u010dep\u016f BESH Wedge p\u0159es BESH Knives Inc.<\/span><\/p>\n<p><span title=\"\">Celkov\u00e1 d\u00e9lka:<\/span> 20 cm<\/p>\n<p><span title=\"\">D\u00e9lka \u010depele:<\/span> 11 cm<\/p>\n<p><span title=\"\">Materi\u00e1l rukojeti:<\/span> <span title=\"\">Para Cord<\/span><\/p>\n<p><span title=\"\">Pouzdro:<\/span> <span title=\"\">Kydex s \u0159et\u00edzkem na krk<\/span><\/p>\n<p>&nbsp;<\/p>\n","protected":false},"excerpt":{"rendered":"<p>Pevn\u00fd n\u016f\u017e s pouzdrem.<\/p>\n","protected":false},"featured_media":163888,"comment_status":"open","ping_status":"closed","template":"","meta":[],"pwb-brand":[427],"product_brand":[],"product_cat":[23,17],"product_tag":[],"class_list":{"0":"post-163887","1":"product","2":"type-product","3":"status-publish","4":"has-post-thumbnail","6":"pwb-brand-meyerco","7":"product_cat-pevne-noze","8":"product_cat-noze","10":"first","11":"onbackorder","12":"taxable","13":"shipping-taxable","14":"purchasable","15":"product-type-simple"},"brands":[{"id":427,"name":"Meyerco","slug":"meyerco"}],"_links":{"self":[{"href":"https:\/\/www.moskito.cz\/it\/wp-json\/wp\/v2\/product\/163887","targetHints":{"allow":["GET"]}}],"collection":[{"href":"https:\/\/www.moskito.cz\/it\/wp-json\/wp\/v2\/product"}],"about":[{"href":"https:\/\/www.moskito.cz\/it\/wp-json\/wp\/v2\/types\/product"}],"replies":[{"embeddable":true,"href":"https:\/\/www.moskito.cz\/it\/wp-json\/wp\/v2\/comments?post=163887"}],"wp:featuredmedia":[{"embeddable":true,"href":"https:\/\/www.moskito.cz\/it\/wp-json\/wp\/v2\/media\/163888"}],"wp:attachment":[{"href":"https:\/\/www.moskito.cz\/it\/wp-json\/wp\/v2\/media?parent=163887"}],"wp:term":[{"taxonomy":"pwb-brand","embeddable":true,"href":"https:\/\/www.moskito.cz\/it\/wp-json\/wp\/v2\/pwb-brand?post=163887"},{"taxonomy":"product_brand","embeddable":true,"href":"https:\/\/www.moskito.cz\/it\/wp-json\/wp\/v2\/product_brand?post=163887"},{"taxonomy":"product_cat","embeddable":true,"href":"https:\/\/www.moskito.cz\/it\/wp-json\/wp\/v2\/product_cat?post=163887"},{"taxonomy":"product_tag","embeddable":true,"href":"https:\/\/www.moskito.cz\/it\/wp-json\/wp\/v2\/product_tag?post=163887"}],"curies":[{"name":"wp","href":"https:\/\/api.w.org\/{rel}","templated":true}]}}