{"id":164314,"date":"2019-06-01T09:02:56","date_gmt":"2019-06-01T08:02:56","guid":{"rendered":"https:\/\/www.moskito.cz\/?post_type=product&#038;p=164314"},"modified":"2025-12-10T15:04:45","modified_gmt":"2025-12-10T14:04:45","slug":"teleskopicky-obusek-exb-21n-standard-nekaleny-cerny","status":"publish","type":"product","link":"https:\/\/www.moskito.cz\/it\/produkt\/teleskopicky-obusek-exb-21n-standard-nekaleny-cerny\/","title":{"rendered":"Teleskopick\u00fd obu\u0161ek ExB-21N nekalen\u00fd \u010dern\u00fd"},"content":{"rendered":"<p>Teleskopick\u00fd obu\u0161ek ExB-21N nekalen\u00fd \u010dern\u00fd.<\/p>\n<p>Skl\u00e1dac\u00ed teleskopick\u00fd obu\u0161ek pro obranu . Lze nosit i v p\u0159\u00edru\u010dn\u00ed ta\u0161ce. Sestaven\u00ed jedn\u00edm \u0161vihem. Pevn\u00e1 konstrukce a pouzdro.<\/p>\n","protected":false},"excerpt":{"rendered":"<p>Teleskopick\u00fd obu\u0161ek ExB-21N standard nekalen\u00fd \u010dern\u00fd<\/p>\n","protected":false},"featured_media":181703,"comment_status":"open","ping_status":"closed","template":"","meta":[],"pwb-brand":[1335],"product_brand":[],"product_cat":[2028],"product_tag":[],"class_list":{"0":"post-164314","1":"product","2":"type-product","3":"status-publish","4":"has-post-thumbnail","6":"pwb-brand-esp","7":"product_cat-teleskopicke-obusky","9":"first","10":"outofstock","11":"taxable","12":"shipping-taxable","13":"purchasable","14":"product-type-simple"},"brands":[{"id":1335,"name":"ESP","slug":"esp"}],"_links":{"self":[{"href":"https:\/\/www.moskito.cz\/it\/wp-json\/wp\/v2\/product\/164314","targetHints":{"allow":["GET"]}}],"collection":[{"href":"https:\/\/www.moskito.cz\/it\/wp-json\/wp\/v2\/product"}],"about":[{"href":"https:\/\/www.moskito.cz\/it\/wp-json\/wp\/v2\/types\/product"}],"replies":[{"embeddable":true,"href":"https:\/\/www.moskito.cz\/it\/wp-json\/wp\/v2\/comments?post=164314"}],"wp:featuredmedia":[{"embeddable":true,"href":"https:\/\/www.moskito.cz\/it\/wp-json\/wp\/v2\/media\/181703"}],"wp:attachment":[{"href":"https:\/\/www.moskito.cz\/it\/wp-json\/wp\/v2\/media?parent=164314"}],"wp:term":[{"taxonomy":"pwb-brand","embeddable":true,"href":"https:\/\/www.moskito.cz\/it\/wp-json\/wp\/v2\/pwb-brand?post=164314"},{"taxonomy":"product_brand","embeddable":true,"href":"https:\/\/www.moskito.cz\/it\/wp-json\/wp\/v2\/product_brand?post=164314"},{"taxonomy":"product_cat","embeddable":true,"href":"https:\/\/www.moskito.cz\/it\/wp-json\/wp\/v2\/product_cat?post=164314"},{"taxonomy":"product_tag","embeddable":true,"href":"https:\/\/www.moskito.cz\/it\/wp-json\/wp\/v2\/product_tag?post=164314"}],"curies":[{"name":"wp","href":"https:\/\/api.w.org\/{rel}","templated":true}]}}