{"id":164360,"date":"2019-06-01T16:07:01","date_gmt":"2019-06-01T15:07:01","guid":{"rendered":"https:\/\/www.moskito.cz\/?post_type=product&#038;p=164360"},"modified":"2025-07-11T07:49:05","modified_gmt":"2025-07-11T06:49:05","slug":"obranny-penovy-peprovy-sprej-stoper2-50ml","status":"publish","type":"product","link":"https:\/\/www.moskito.cz\/it\/produkt\/obranny-penovy-peprovy-sprej-stoper2-50ml\/","title":{"rendered":"Pep\u0159ov\u00fd sprej p\u011bnov\u00fd Stoper 50ml"},"content":{"rendered":"<p>Pep\u0159ov\u00fd sprej p\u011bnov\u00fd Stoper 50ml.<\/p>\n<p>Velmi \u00fa\u010dinn\u00fd p\u011bnov\u00fd obrann\u00fd sprej. Obsah 20 ml. OC je p\u0159\u00edrodn\u00ed extrakt z chilli papri\u010dek. STOPER zp\u016fsob\u00ed pokryt\u00ed obli\u010deje p\u011bnou. Obsahuje 10 % OC (oleo-resin capsicum) zaji\u0161\u0165uj\u00edc\u00ed okam\u017eit\u00fd \u00fa\u010dinek na zasa\u017een\u00e9 sliznice: do\u010dasn\u00e9 oslepnut\u00ed, du\u0161nost, dr\u00e1\u017ediv\u00fd ka\u0161el a siln\u00e9 p\u00e1len\u00ed poko\u017eky. Sprej je opat\u0159en pojistkou proti samovoln\u00e9mu spu\u0161t\u011bn\u00ed &#8211; vhodn\u00fd pro \u017eeny. P\u016fsob\u00ed i proti agresivn\u00edm zv\u00ed\u0159at\u016fm.<\/p>\n","protected":false},"excerpt":{"rendered":"<p>Obrann\u00fd p\u011bnov\u00fd pep\u0159ov\u00fd sprej Stoper2 50ml<\/p>\n","protected":false},"featured_media":164361,"comment_status":"open","ping_status":"closed","template":"","meta":[],"pwb-brand":[1335],"product_brand":[],"product_cat":[1549],"product_tag":[],"class_list":{"0":"post-164360","1":"product","2":"type-product","3":"status-publish","4":"has-post-thumbnail","6":"pwb-brand-esp","7":"product_cat-obranne-spreje","9":"first","10":"instock","11":"taxable","12":"shipping-taxable","13":"purchasable","14":"product-type-simple"},"brands":[{"id":1335,"name":"ESP","slug":"esp"}],"_links":{"self":[{"href":"https:\/\/www.moskito.cz\/it\/wp-json\/wp\/v2\/product\/164360","targetHints":{"allow":["GET"]}}],"collection":[{"href":"https:\/\/www.moskito.cz\/it\/wp-json\/wp\/v2\/product"}],"about":[{"href":"https:\/\/www.moskito.cz\/it\/wp-json\/wp\/v2\/types\/product"}],"replies":[{"embeddable":true,"href":"https:\/\/www.moskito.cz\/it\/wp-json\/wp\/v2\/comments?post=164360"}],"wp:featuredmedia":[{"embeddable":true,"href":"https:\/\/www.moskito.cz\/it\/wp-json\/wp\/v2\/media\/164361"}],"wp:attachment":[{"href":"https:\/\/www.moskito.cz\/it\/wp-json\/wp\/v2\/media?parent=164360"}],"wp:term":[{"taxonomy":"pwb-brand","embeddable":true,"href":"https:\/\/www.moskito.cz\/it\/wp-json\/wp\/v2\/pwb-brand?post=164360"},{"taxonomy":"product_brand","embeddable":true,"href":"https:\/\/www.moskito.cz\/it\/wp-json\/wp\/v2\/product_brand?post=164360"},{"taxonomy":"product_cat","embeddable":true,"href":"https:\/\/www.moskito.cz\/it\/wp-json\/wp\/v2\/product_cat?post=164360"},{"taxonomy":"product_tag","embeddable":true,"href":"https:\/\/www.moskito.cz\/it\/wp-json\/wp\/v2\/product_tag?post=164360"}],"curies":[{"name":"wp","href":"https:\/\/api.w.org\/{rel}","templated":true}]}}