{"id":164597,"date":"2019-06-22T14:51:09","date_gmt":"2019-06-22T13:51:09","guid":{"rendered":"https:\/\/www.moskito.cz\/?post_type=product&#038;p=164597"},"modified":"2025-07-11T07:49:16","modified_gmt":"2025-07-11T06:49:16","slug":"zippo-benzinovy-218-cerna-harley-davidson","status":"publish","type":"product","link":"https:\/\/www.moskito.cz\/it\/produkt\/zippo-benzinovy-218-cerna-harley-davidson\/","title":{"rendered":"Zippo benz\u00ednov\u00fd 218 \u010dern\u00e1 HARLEY DAVIDSON"},"content":{"rendered":"<p>Zippo benz\u00ednov\u00fd 218 \u010dern\u00e1 HARLEY DAVIDSON.<\/p>\n<p>Klasick\u00fd benz\u00ednov\u00fd zapalova\u010d.Vyrobeno v USA.<\/p>\n<p>Baleno v ekologicky \u0161etrn\u00e9 d\u00e1rkov\u00e9 krabi\u010dce<\/p>\n<p>Nov\u00fd zapalova\u010d nen\u00ed napln\u011bn palivem<\/p>\n","protected":false},"excerpt":{"rendered":"<h2><a class=\"js-serpSpamScore\" href=\"https:\/\/www.heureka.cz\/exit\/tadytuto-cz\/3343899521\/?z=15\" target=\"_blank\" rel=\"noopener noreferrer\">Zippo benz\u00ednov\u00fd 218 \u010dern\u00e1 HARLEY DAVIDSON<\/a><\/h2>\n","protected":false},"featured_media":164598,"comment_status":"open","ping_status":"closed","template":"","meta":[],"pwb-brand":[716],"product_brand":[],"product_cat":[39,38],"product_tag":[],"class_list":{"0":"post-164597","1":"product","2":"type-product","3":"status-publish","4":"has-post-thumbnail","6":"pwb-brand-zippo","7":"product_cat-zapalovace-podpalovace","8":"product_cat-camping","10":"first","11":"instock","12":"taxable","13":"shipping-taxable","14":"purchasable","15":"product-type-simple"},"brands":[{"id":716,"name":"ZIPPO","slug":"zippo"}],"_links":{"self":[{"href":"https:\/\/www.moskito.cz\/it\/wp-json\/wp\/v2\/product\/164597","targetHints":{"allow":["GET"]}}],"collection":[{"href":"https:\/\/www.moskito.cz\/it\/wp-json\/wp\/v2\/product"}],"about":[{"href":"https:\/\/www.moskito.cz\/it\/wp-json\/wp\/v2\/types\/product"}],"replies":[{"embeddable":true,"href":"https:\/\/www.moskito.cz\/it\/wp-json\/wp\/v2\/comments?post=164597"}],"wp:featuredmedia":[{"embeddable":true,"href":"https:\/\/www.moskito.cz\/it\/wp-json\/wp\/v2\/media\/164598"}],"wp:attachment":[{"href":"https:\/\/www.moskito.cz\/it\/wp-json\/wp\/v2\/media?parent=164597"}],"wp:term":[{"taxonomy":"pwb-brand","embeddable":true,"href":"https:\/\/www.moskito.cz\/it\/wp-json\/wp\/v2\/pwb-brand?post=164597"},{"taxonomy":"product_brand","embeddable":true,"href":"https:\/\/www.moskito.cz\/it\/wp-json\/wp\/v2\/product_brand?post=164597"},{"taxonomy":"product_cat","embeddable":true,"href":"https:\/\/www.moskito.cz\/it\/wp-json\/wp\/v2\/product_cat?post=164597"},{"taxonomy":"product_tag","embeddable":true,"href":"https:\/\/www.moskito.cz\/it\/wp-json\/wp\/v2\/product_tag?post=164597"}],"curies":[{"name":"wp","href":"https:\/\/api.w.org\/{rel}","templated":true}]}}