{"id":164742,"date":"2019-06-23T14:57:57","date_gmt":"2019-06-23T13:57:57","guid":{"rendered":"https:\/\/www.moskito.cz\/?post_type=product&#038;p=164742"},"modified":"2025-07-11T07:49:30","modified_gmt":"2025-07-11T06:49:30","slug":"zippo-benzinovy-harley-davidson-28978","status":"publish","type":"product","link":"https:\/\/www.moskito.cz\/it\/produkt\/zippo-benzinovy-harley-davidson-28978\/","title":{"rendered":"Zippo benz\u00ednov\u00fd Harley Davidson 28978"},"content":{"rendered":"<div class=\"clearfix\"><\/div>\n<div class=\"col-xs-12\">\n<div class=\"clearfix\">Zippo benz\u00ednov\u00fd Harley Davidson 28978.<\/div>\n<div class=\"col-xs-12\">\n<p>Klasick\u00fd benz\u00ednov\u00fd zapalova\u010d.Vyrobeno v USA.<\/p>\n<p>Baleno v ekologicky \u0161etrn\u00e9 d\u00e1rkov\u00e9 krabi\u010dce<\/p>\n<p>Nov\u00fd zapalova\u010d nen\u00ed napln\u011bn palivem<\/p>\n<\/div>\n<\/div>\n","protected":false},"excerpt":{"rendered":"<p>Zippo benz\u00ednov\u00fd Harley Davidson 28978<\/p>\n","protected":false},"featured_media":182973,"comment_status":"open","ping_status":"closed","template":"","meta":[],"pwb-brand":[716],"product_brand":[],"product_cat":[39,38],"product_tag":[],"class_list":{"0":"post-164742","1":"product","2":"type-product","3":"status-publish","4":"has-post-thumbnail","6":"pwb-brand-zippo","7":"product_cat-zapalovace-podpalovace","8":"product_cat-camping","10":"first","11":"instock","12":"taxable","13":"shipping-taxable","14":"purchasable","15":"product-type-simple"},"brands":[{"id":716,"name":"ZIPPO","slug":"zippo"}],"_links":{"self":[{"href":"https:\/\/www.moskito.cz\/it\/wp-json\/wp\/v2\/product\/164742","targetHints":{"allow":["GET"]}}],"collection":[{"href":"https:\/\/www.moskito.cz\/it\/wp-json\/wp\/v2\/product"}],"about":[{"href":"https:\/\/www.moskito.cz\/it\/wp-json\/wp\/v2\/types\/product"}],"replies":[{"embeddable":true,"href":"https:\/\/www.moskito.cz\/it\/wp-json\/wp\/v2\/comments?post=164742"}],"wp:featuredmedia":[{"embeddable":true,"href":"https:\/\/www.moskito.cz\/it\/wp-json\/wp\/v2\/media\/182973"}],"wp:attachment":[{"href":"https:\/\/www.moskito.cz\/it\/wp-json\/wp\/v2\/media?parent=164742"}],"wp:term":[{"taxonomy":"pwb-brand","embeddable":true,"href":"https:\/\/www.moskito.cz\/it\/wp-json\/wp\/v2\/pwb-brand?post=164742"},{"taxonomy":"product_brand","embeddable":true,"href":"https:\/\/www.moskito.cz\/it\/wp-json\/wp\/v2\/product_brand?post=164742"},{"taxonomy":"product_cat","embeddable":true,"href":"https:\/\/www.moskito.cz\/it\/wp-json\/wp\/v2\/product_cat?post=164742"},{"taxonomy":"product_tag","embeddable":true,"href":"https:\/\/www.moskito.cz\/it\/wp-json\/wp\/v2\/product_tag?post=164742"}],"curies":[{"name":"wp","href":"https:\/\/api.w.org\/{rel}","templated":true}]}}