{"id":165127,"date":"2019-08-18T12:09:52","date_gmt":"2019-08-18T11:09:52","guid":{"rendered":"https:\/\/www.moskito.cz\/?post_type=product&#038;p=165127"},"modified":"2025-07-11T07:49:38","modified_gmt":"2025-07-11T06:49:38","slug":"zaviraci-nuz-joker-jkr284","status":"publish","type":"product","link":"https:\/\/www.moskito.cz\/it\/produkt\/zaviraci-nuz-joker-jkr284\/","title":{"rendered":"Zav\u00edrac\u00ed n\u016f\u017e Joker JKR0284"},"content":{"rendered":"<p>Zav\u00edrac\u00ed n\u016f\u017e Joker JKR0284.<\/p>\n<p>No\u017ee Joker poch\u00e1zej\u00ed ze \u0160pan\u011blsk\u00e9ho m\u011bsta Albacete, kter\u00e9 je zn\u00e1m\u00e9 v\u00fdrobou no\u017e\u016f.<br \/>\nD\u00e9lka no\u017ee v uzav\u0159en\u00e9m stavu je 12.5 cm, \u010depel je nerezov\u00e1 a jej\u00ed d\u00e9lka je 9 cm. Rukoje\u0165 je d\u0159ev\u011bn\u00e1. N\u016f\u017e m\u00e1 v\u00fdvrtku.<\/p>\n","protected":false},"excerpt":{"rendered":"<p>Zav\u00edrac\u00ed n\u016f\u017e.<\/p>\n","protected":false},"featured_media":165128,"comment_status":"open","ping_status":"closed","template":"","meta":[],"pwb-brand":[359],"product_brand":[],"product_cat":[22,17],"product_tag":[],"class_list":{"0":"post-165127","1":"product","2":"type-product","3":"status-publish","4":"has-post-thumbnail","6":"pwb-brand-joker","7":"product_cat-zaviraci-noze","8":"product_cat-noze","10":"first","11":"instock","12":"taxable","13":"shipping-taxable","14":"purchasable","15":"product-type-simple"},"brands":[{"id":359,"name":"Joker","slug":"joker"}],"_links":{"self":[{"href":"https:\/\/www.moskito.cz\/it\/wp-json\/wp\/v2\/product\/165127","targetHints":{"allow":["GET"]}}],"collection":[{"href":"https:\/\/www.moskito.cz\/it\/wp-json\/wp\/v2\/product"}],"about":[{"href":"https:\/\/www.moskito.cz\/it\/wp-json\/wp\/v2\/types\/product"}],"replies":[{"embeddable":true,"href":"https:\/\/www.moskito.cz\/it\/wp-json\/wp\/v2\/comments?post=165127"}],"wp:featuredmedia":[{"embeddable":true,"href":"https:\/\/www.moskito.cz\/it\/wp-json\/wp\/v2\/media\/165128"}],"wp:attachment":[{"href":"https:\/\/www.moskito.cz\/it\/wp-json\/wp\/v2\/media?parent=165127"}],"wp:term":[{"taxonomy":"pwb-brand","embeddable":true,"href":"https:\/\/www.moskito.cz\/it\/wp-json\/wp\/v2\/pwb-brand?post=165127"},{"taxonomy":"product_brand","embeddable":true,"href":"https:\/\/www.moskito.cz\/it\/wp-json\/wp\/v2\/product_brand?post=165127"},{"taxonomy":"product_cat","embeddable":true,"href":"https:\/\/www.moskito.cz\/it\/wp-json\/wp\/v2\/product_cat?post=165127"},{"taxonomy":"product_tag","embeddable":true,"href":"https:\/\/www.moskito.cz\/it\/wp-json\/wp\/v2\/product_tag?post=165127"}],"curies":[{"name":"wp","href":"https:\/\/api.w.org\/{rel}","templated":true}]}}