{"id":165245,"date":"2019-08-30T18:48:50","date_gmt":"2019-08-30T17:48:50","guid":{"rendered":"https:\/\/www.moskito.cz\/?post_type=product&#038;p=165245"},"modified":"2025-07-11T07:49:42","modified_gmt":"2025-07-11T06:49:42","slug":"motylek-joker-jkr0451","status":"publish","type":"product","link":"https:\/\/www.moskito.cz\/it\/produkt\/motylek-joker-jkr0451\/","title":{"rendered":"Zav\u00edrac\u00ed N\u016f\u017e Mot\u00fdlek Joker JKR0451"},"content":{"rendered":"<p>Zav\u00edrac\u00ed N\u016f\u017e Mot\u00fdlek Joker JKR0451.<\/p>\n<p>No\u017ee Joker poch\u00e1zej\u00ed ze \u0160pan\u011blsk\u00e9ho m\u011bsta Albacete, kter\u00e9 je zn\u00e1m\u00e9 v\u00fdrobou no\u017e\u016f.<br \/>\nKlasick\u00fd zav\u00edrac\u00ed n\u016f\u017e typu mot\u00fdlek. Ve\u0161ker\u00e9 komponenty no\u017ee jsou vyrobeny z vysoce odoln\u00e9 nerezov\u00e9 oceli. Dvoud\u00edln\u00e1 rukoje\u0165 z oceli se zaji\u0161\u0165uje v zav\u0159en\u00e9 poloze pomoc\u00ed pojistky. D\u00edky tomu lze s no\u017eem bezpe\u010dn\u011b prov\u00e1d\u011bt nejr\u016fzn\u011bj\u0161\u00ed triky. D\u00e9lka \u010depele je 9 cm. Celkov\u00e1 d\u00e9lka je 22 cm.<\/p>\n","protected":false},"excerpt":{"rendered":"<p>Zav\u00edrac\u00ed n\u016f\u017e <strong>mot\u00fdlek<\/strong>.<\/p>\n","protected":false},"featured_media":180154,"comment_status":"open","ping_status":"closed","template":"","meta":[],"pwb-brand":[359],"product_brand":[],"product_cat":[2030,17],"product_tag":[],"class_list":{"0":"post-165245","1":"product","2":"type-product","3":"status-publish","4":"has-post-thumbnail","6":"pwb-brand-joker","7":"product_cat-motylky","8":"product_cat-noze","10":"first","11":"outofstock","12":"taxable","13":"shipping-taxable","14":"purchasable","15":"product-type-simple"},"brands":[{"id":359,"name":"Joker","slug":"joker"}],"_links":{"self":[{"href":"https:\/\/www.moskito.cz\/it\/wp-json\/wp\/v2\/product\/165245","targetHints":{"allow":["GET"]}}],"collection":[{"href":"https:\/\/www.moskito.cz\/it\/wp-json\/wp\/v2\/product"}],"about":[{"href":"https:\/\/www.moskito.cz\/it\/wp-json\/wp\/v2\/types\/product"}],"replies":[{"embeddable":true,"href":"https:\/\/www.moskito.cz\/it\/wp-json\/wp\/v2\/comments?post=165245"}],"wp:featuredmedia":[{"embeddable":true,"href":"https:\/\/www.moskito.cz\/it\/wp-json\/wp\/v2\/media\/180154"}],"wp:attachment":[{"href":"https:\/\/www.moskito.cz\/it\/wp-json\/wp\/v2\/media?parent=165245"}],"wp:term":[{"taxonomy":"pwb-brand","embeddable":true,"href":"https:\/\/www.moskito.cz\/it\/wp-json\/wp\/v2\/pwb-brand?post=165245"},{"taxonomy":"product_brand","embeddable":true,"href":"https:\/\/www.moskito.cz\/it\/wp-json\/wp\/v2\/product_brand?post=165245"},{"taxonomy":"product_cat","embeddable":true,"href":"https:\/\/www.moskito.cz\/it\/wp-json\/wp\/v2\/product_cat?post=165245"},{"taxonomy":"product_tag","embeddable":true,"href":"https:\/\/www.moskito.cz\/it\/wp-json\/wp\/v2\/product_tag?post=165245"}],"curies":[{"name":"wp","href":"https:\/\/api.w.org\/{rel}","templated":true}]}}