{"id":165262,"date":"2019-08-31T11:53:38","date_gmt":"2019-08-31T10:53:38","guid":{"rendered":"https:\/\/www.moskito.cz\/?post_type=product&#038;p=165262"},"modified":"2025-07-11T07:49:43","modified_gmt":"2025-07-11T06:49:43","slug":"zaviraci-nuz-joker-no-64","status":"publish","type":"product","link":"https:\/\/www.moskito.cz\/it\/produkt\/zaviraci-nuz-joker-no-64\/","title":{"rendered":"Zav\u00edrac\u00ed n\u016f\u017e Joker NO-64"},"content":{"rendered":"<p>Zav\u00edrac\u00ed n\u016f\u017e Joker NO-64.<\/p>\n<p>Zav\u00edrac\u00ed n\u016f\u017e z nerezov\u00e9 molybden vanadiov\u00e9 oceli a st\u0159enkou z olivov\u00e9ho d\u0159eva.<\/p>\n<p>D\u00e9lka no\u017ee (cm) 20,5<br \/>\nD\u00e9lka \u010depele (cm) 9<br \/>\nD\u00e9lka zav\u0159en\u00e9ho no\u017ee (cm) 11,5<br \/>\nS\u00edla \u010depele (mm) 2,5<br \/>\nV\u00e1ha (g) 115<br \/>\nTyp oceli nerez molybden vanad<br \/>\nSt\u0159enka olivov\u00e9 d\u0159evo<\/p>\n<p>HUNTING FOLDING KNIFE WITH OLIVE WOOD HANDLE AND BLADE LENGTH 9 CM.<br \/>\nNO64<br \/>\nProduct characteristics:<\/p>\n<p>Blade: Molybdenum Vanadium<br \/>\nHandle: Olive wood<br \/>\n9 cm &#8211; 115 gr<\/p>\n","protected":false},"excerpt":{"rendered":"<p>No\u017ee <strong>Joker<\/strong> poch\u00e1zej\u00ed ze \u0160pan\u011blsk\u00e9ho m\u011bsta Albacete, kter\u00e9 je zn\u00e1m\u00e9 tradi\u010dn\u00ed v\u00fdrobou no\u017e\u016f a d\u00fdk.<br \/>\nNavr\u017eeno a vyrobeno ve \u0160pan\u011blsku <strong>(Albacete)<\/strong><\/p>\n","protected":false},"featured_media":192785,"comment_status":"open","ping_status":"closed","template":"","meta":[],"pwb-brand":[359],"product_brand":[],"product_cat":[22,17],"product_tag":[],"class_list":{"0":"post-165262","1":"product","2":"type-product","3":"status-publish","4":"has-post-thumbnail","6":"pwb-brand-joker","7":"product_cat-zaviraci-noze","8":"product_cat-noze","10":"first","11":"onbackorder","12":"taxable","13":"shipping-taxable","14":"purchasable","15":"product-type-simple"},"brands":[{"id":359,"name":"Joker","slug":"joker"}],"_links":{"self":[{"href":"https:\/\/www.moskito.cz\/it\/wp-json\/wp\/v2\/product\/165262","targetHints":{"allow":["GET"]}}],"collection":[{"href":"https:\/\/www.moskito.cz\/it\/wp-json\/wp\/v2\/product"}],"about":[{"href":"https:\/\/www.moskito.cz\/it\/wp-json\/wp\/v2\/types\/product"}],"replies":[{"embeddable":true,"href":"https:\/\/www.moskito.cz\/it\/wp-json\/wp\/v2\/comments?post=165262"}],"wp:featuredmedia":[{"embeddable":true,"href":"https:\/\/www.moskito.cz\/it\/wp-json\/wp\/v2\/media\/192785"}],"wp:attachment":[{"href":"https:\/\/www.moskito.cz\/it\/wp-json\/wp\/v2\/media?parent=165262"}],"wp:term":[{"taxonomy":"pwb-brand","embeddable":true,"href":"https:\/\/www.moskito.cz\/it\/wp-json\/wp\/v2\/pwb-brand?post=165262"},{"taxonomy":"product_brand","embeddable":true,"href":"https:\/\/www.moskito.cz\/it\/wp-json\/wp\/v2\/product_brand?post=165262"},{"taxonomy":"product_cat","embeddable":true,"href":"https:\/\/www.moskito.cz\/it\/wp-json\/wp\/v2\/product_cat?post=165262"},{"taxonomy":"product_tag","embeddable":true,"href":"https:\/\/www.moskito.cz\/it\/wp-json\/wp\/v2\/product_tag?post=165262"}],"curies":[{"name":"wp","href":"https:\/\/api.w.org\/{rel}","templated":true}]}}