{"id":165376,"date":"2019-09-02T18:10:01","date_gmt":"2019-09-02T17:10:01","guid":{"rendered":"https:\/\/www.moskito.cz\/?post_type=product&#038;p=165376"},"modified":"2025-07-11T07:49:49","modified_gmt":"2025-07-11T06:49:49","slug":"zaviraci-nuz-joker-nr-64","status":"publish","type":"product","link":"https:\/\/www.moskito.cz\/it\/produkt\/zaviraci-nuz-joker-nr-64\/","title":{"rendered":"Zav\u00edrac\u00ed n\u016f\u017e Joker NR64"},"content":{"rendered":"<p>Zav\u00edrac\u00ed n\u016f\u017e Joker NR64.<\/p>\n<p>No\u017ee J<strong>oker <\/strong>poch\u00e1zej\u00ed ze \u0160pan\u011blsk\u00e9ho m\u011bsta Albacete, kter\u00e9 je zn\u00e1m\u00e9 tradi\u010dn\u00ed v\u00fdrobou no\u017e\u016f a d\u00fdk.<br \/>\nN\u016f\u017e Joker JO NR 64 hn\u011bd\u00e1 stamina<\/p>\n<p>Bezpe\u010dnostn\u00ed prvky pojistka backlock<br \/>\nCelkov\u00e1 d\u00e9lka 205 mm<br \/>\nHmotnost 115 g<br \/>\nRukoje\u0165 d\u0159evo<br \/>\nD\u00e9lka \u010depele 90 mm<br \/>\n\u0160\u00ed\u0159ka \u010depele 2,90 mm<br \/>\nOst\u0159\u00ed no\u017ee classic<br \/>\nMateri\u00e1l \u010depele nerezov\u00e1 ocel 440C<br \/>\nTvrdost \u010depele 56-58HRC<br \/>\nD\u00e9lka rukojeti 115mm<\/p>\n<p>HUNTING FOLDING KNIFE WITH RED WOOD HANDLE AND BLADE LENGTH 9 CM.<br \/>\nNR64<br \/>\nProduct characteristics:<\/p>\n<p>Blade: Molybdenum Vanadium<br \/>\nHandle: Stamina (red wood)<br \/>\n9 cm &#8211; 115 gr<\/p>\n","protected":false},"excerpt":{"rendered":"<p>No\u017ee <strong>Joker <\/strong>poch\u00e1zej\u00ed ze \u0160pan\u011blsk\u00e9ho m\u011bsta Albacete, kter\u00e9 je zn\u00e1m\u00e9 tradi\u010dn\u00ed v\u00fdrobou no\u017e\u016f a d\u00fdk.<br \/>\nNavr\u017eeno a vyrobeno ve \u0160pan\u011blsku <strong>(Albacete)<\/strong><\/p>\n","protected":false},"featured_media":192757,"comment_status":"open","ping_status":"closed","template":"","meta":[],"pwb-brand":[359],"product_brand":[],"product_cat":[22,17],"product_tag":[],"class_list":{"0":"post-165376","1":"product","2":"type-product","3":"status-publish","4":"has-post-thumbnail","6":"pwb-brand-joker","7":"product_cat-zaviraci-noze","8":"product_cat-noze","10":"first","11":"instock","12":"taxable","13":"shipping-taxable","14":"purchasable","15":"product-type-simple"},"brands":[{"id":359,"name":"Joker","slug":"joker"}],"_links":{"self":[{"href":"https:\/\/www.moskito.cz\/it\/wp-json\/wp\/v2\/product\/165376","targetHints":{"allow":["GET"]}}],"collection":[{"href":"https:\/\/www.moskito.cz\/it\/wp-json\/wp\/v2\/product"}],"about":[{"href":"https:\/\/www.moskito.cz\/it\/wp-json\/wp\/v2\/types\/product"}],"replies":[{"embeddable":true,"href":"https:\/\/www.moskito.cz\/it\/wp-json\/wp\/v2\/comments?post=165376"}],"wp:featuredmedia":[{"embeddable":true,"href":"https:\/\/www.moskito.cz\/it\/wp-json\/wp\/v2\/media\/192757"}],"wp:attachment":[{"href":"https:\/\/www.moskito.cz\/it\/wp-json\/wp\/v2\/media?parent=165376"}],"wp:term":[{"taxonomy":"pwb-brand","embeddable":true,"href":"https:\/\/www.moskito.cz\/it\/wp-json\/wp\/v2\/pwb-brand?post=165376"},{"taxonomy":"product_brand","embeddable":true,"href":"https:\/\/www.moskito.cz\/it\/wp-json\/wp\/v2\/product_brand?post=165376"},{"taxonomy":"product_cat","embeddable":true,"href":"https:\/\/www.moskito.cz\/it\/wp-json\/wp\/v2\/product_cat?post=165376"},{"taxonomy":"product_tag","embeddable":true,"href":"https:\/\/www.moskito.cz\/it\/wp-json\/wp\/v2\/product_tag?post=165376"}],"curies":[{"name":"wp","href":"https:\/\/api.w.org\/{rel}","templated":true}]}}