{"id":165489,"date":"2019-09-18T10:45:59","date_gmt":"2019-09-18T09:45:59","guid":{"rendered":"https:\/\/www.moskito.cz\/?post_type=product&#038;p=165489"},"modified":"2025-07-11T07:49:55","modified_gmt":"2025-07-11T06:49:55","slug":"boker-solingen-2010-112010dam","status":"publish","type":"product","link":"https:\/\/www.moskito.cz\/it\/produkt\/boker-solingen-2010-112010dam\/","title":{"rendered":"Zav\u00edrac\u00ed dama\u0161kov\u00fd n\u016f\u017e B\u00f6ker 2010"},"content":{"rendered":"<p>Zav\u00edrac\u00ed dama\u0161kov\u00fd n\u016f\u017e <strong>B\u00f6ker<\/strong> 2010.<\/p>\n<p>Boker Solingen v\u00fdro\u010dn\u00ed limitovan\u00e1 edice Damascus Canoe 2010. Thomas Dama\u0161ek, p\u0159edstavoval 300 vrstev ru\u010dn\u011b kovan\u00e9 oceli Dama\u0161ku. Prezenta\u010dn\u00ed box a certifik\u00e1t pravosti.<br \/>\nD\u00e9lka \u010depele 6,25 a 4,4 cm. Uzav\u0159en\u00e1 9,5 cm.<\/p>\n<p>Boker Solingen 2010 Annual Damascus Canoe Limited Edition. Thomas damascus, featuring 300 layers of &#8220;rippling&#8221; hand forged Damascus steel. Presentation box and certificate of authenticity. Blade length: 2 1\/2 &#8221; and 1 3\/4 &#8220;. Closed length: 3 5\/8 &#8220;.<\/p>\n","protected":false},"excerpt":{"rendered":"<p>Zav\u00edrac\u00ed n\u016f\u017e z Dama\u0161ku.<\/p>\n","protected":false},"featured_media":190040,"comment_status":"open","ping_status":"closed","template":"","meta":[],"pwb-brand":[140],"product_brand":[],"product_cat":[25,17],"product_tag":[3667],"class_list":{"0":"post-165489","1":"product","2":"type-product","3":"status-publish","4":"has-post-thumbnail","6":"pwb-brand-boker","7":"product_cat-damascenske-noze","8":"product_cat-noze","9":"product_tag-b2b","11":"first","12":"instock","13":"taxable","14":"shipping-taxable","15":"purchasable","16":"product-type-simple"},"brands":[{"id":140,"name":"Boker","slug":"boker"}],"_links":{"self":[{"href":"https:\/\/www.moskito.cz\/it\/wp-json\/wp\/v2\/product\/165489","targetHints":{"allow":["GET"]}}],"collection":[{"href":"https:\/\/www.moskito.cz\/it\/wp-json\/wp\/v2\/product"}],"about":[{"href":"https:\/\/www.moskito.cz\/it\/wp-json\/wp\/v2\/types\/product"}],"replies":[{"embeddable":true,"href":"https:\/\/www.moskito.cz\/it\/wp-json\/wp\/v2\/comments?post=165489"}],"wp:featuredmedia":[{"embeddable":true,"href":"https:\/\/www.moskito.cz\/it\/wp-json\/wp\/v2\/media\/190040"}],"wp:attachment":[{"href":"https:\/\/www.moskito.cz\/it\/wp-json\/wp\/v2\/media?parent=165489"}],"wp:term":[{"taxonomy":"pwb-brand","embeddable":true,"href":"https:\/\/www.moskito.cz\/it\/wp-json\/wp\/v2\/pwb-brand?post=165489"},{"taxonomy":"product_brand","embeddable":true,"href":"https:\/\/www.moskito.cz\/it\/wp-json\/wp\/v2\/product_brand?post=165489"},{"taxonomy":"product_cat","embeddable":true,"href":"https:\/\/www.moskito.cz\/it\/wp-json\/wp\/v2\/product_cat?post=165489"},{"taxonomy":"product_tag","embeddable":true,"href":"https:\/\/www.moskito.cz\/it\/wp-json\/wp\/v2\/product_tag?post=165489"}],"curies":[{"name":"wp","href":"https:\/\/api.w.org\/{rel}","templated":true}]}}