{"id":165528,"date":"2019-09-19T18:46:54","date_gmt":"2019-09-19T17:46:54","guid":{"rendered":"https:\/\/www.moskito.cz\/?post_type=product&#038;p=165528"},"modified":"2025-07-11T07:49:58","modified_gmt":"2025-07-11T06:49:58","slug":"zaviraci-nuz-smith-wesson-swmp3","status":"publish","type":"product","link":"https:\/\/www.moskito.cz\/it\/produkt\/zaviraci-nuz-smith-wesson-swmp3\/","title":{"rendered":"Zav\u00edrac\u00ed n\u016f\u017e Smith &#038; Wesson SWMP3"},"content":{"rendered":"<p>Zav\u00edrac\u00ed n\u016f\u017e Smith &#038; Wesson SWMP3.<\/p>\n<p>N\u016f\u017e SWMP3 \u0159ady Military and Police firmy Smith Wesson s asistovan\u00fdm otev\u00edr\u00e1n\u00edm MAGIC a hladk\u00fdm ost\u0159\u00edm. \u010cepel je z nerezov\u00e9 oceli 4034 a rukoje\u0165 z hlin\u00edku. Na konci rukojeti najdete hrot na rozbit\u00ed skel.<\/p>\n<p>D\u00e9lka \u010depele 7.5 cm<\/p>\n<p>D\u00e9lka rukojeti 10.5 cm<\/p>\n<p>Celkov\u00e1 d\u00e9lka 18 cm<\/p>\n<p>V\u00e1ha no\u017ee 117 g <\/p>\n","protected":false},"excerpt":{"rendered":"<p>Zav\u00edrac\u00ed n\u016f\u017e <\/p>\n","protected":false},"featured_media":165529,"comment_status":"open","ping_status":"closed","template":"","meta":[],"pwb-brand":[615],"product_brand":[],"product_cat":[22,17],"product_tag":[],"class_list":{"0":"post-165528","1":"product","2":"type-product","3":"status-publish","4":"has-post-thumbnail","6":"pwb-brand-smith-wesson","7":"product_cat-zaviraci-noze","8":"product_cat-noze","10":"first","11":"instock","12":"taxable","13":"shipping-taxable","14":"purchasable","15":"product-type-simple"},"brands":[{"id":615,"name":"Smith &amp; Wesson","slug":"smith-wesson"}],"_links":{"self":[{"href":"https:\/\/www.moskito.cz\/it\/wp-json\/wp\/v2\/product\/165528","targetHints":{"allow":["GET"]}}],"collection":[{"href":"https:\/\/www.moskito.cz\/it\/wp-json\/wp\/v2\/product"}],"about":[{"href":"https:\/\/www.moskito.cz\/it\/wp-json\/wp\/v2\/types\/product"}],"replies":[{"embeddable":true,"href":"https:\/\/www.moskito.cz\/it\/wp-json\/wp\/v2\/comments?post=165528"}],"wp:featuredmedia":[{"embeddable":true,"href":"https:\/\/www.moskito.cz\/it\/wp-json\/wp\/v2\/media\/165529"}],"wp:attachment":[{"href":"https:\/\/www.moskito.cz\/it\/wp-json\/wp\/v2\/media?parent=165528"}],"wp:term":[{"taxonomy":"pwb-brand","embeddable":true,"href":"https:\/\/www.moskito.cz\/it\/wp-json\/wp\/v2\/pwb-brand?post=165528"},{"taxonomy":"product_brand","embeddable":true,"href":"https:\/\/www.moskito.cz\/it\/wp-json\/wp\/v2\/product_brand?post=165528"},{"taxonomy":"product_cat","embeddable":true,"href":"https:\/\/www.moskito.cz\/it\/wp-json\/wp\/v2\/product_cat?post=165528"},{"taxonomy":"product_tag","embeddable":true,"href":"https:\/\/www.moskito.cz\/it\/wp-json\/wp\/v2\/product_tag?post=165528"}],"curies":[{"name":"wp","href":"https:\/\/api.w.org\/{rel}","templated":true}]}}