{"id":165530,"date":"2019-09-19T19:01:11","date_gmt":"2019-09-19T18:01:11","guid":{"rendered":"https:\/\/www.moskito.cz\/?post_type=product&#038;p=165530"},"modified":"2025-07-11T07:49:59","modified_gmt":"2025-07-11T06:49:59","slug":"nuz-smith-wesson-magic-a-o-folder-swmp2bs","status":"publish","type":"product","link":"https:\/\/www.moskito.cz\/it\/produkt\/nuz-smith-wesson-magic-a-o-folder-swmp2bs\/","title":{"rendered":"N\u016f\u017e Smith &#038; Wesson Magic A\/O Folder SWMP2BS"},"content":{"rendered":"<p>N\u016f\u017e Smith &#038; Wesson Magic A\/O Folder SWMP2BS.<\/p>\n<p>Zav\u00edrac\u00ed n\u016f\u017e s asistovan\u00fdm otev\u00edr\u00e1n\u00edm Magic z \u0159ady Military and Police m\u00e1 na konci rukojeti hrot na rozb\u00edjen\u00ed skel.<\/p>\n<p>Detailn\u00ed popis produktu<\/p>\n<p>D\u00e9lka zav\u0159en\u00e9ho no\u017ee: 10,7 cm<\/p>\n<p>D\u00e9lka \u010depele: 7,7 cm<\/p>\n<p>Materi\u00e1l \u010depele: nerezov\u00e1 ocel 4034<\/p>\n<p>Materi\u00e1l rukojeti: hlin\u00edk<\/p>\n<p>Ost\u0159\u00ed: kombinovan\u00e9<\/p>\n<p>Pojistka<\/p>\n<p>Kapesn\u00ed klip<\/p>\n","protected":false},"excerpt":{"rendered":"<p>Zav\u00edrac\u00ed n\u016f\u017e <\/p>\n","protected":false},"featured_media":165531,"comment_status":"open","ping_status":"closed","template":"","meta":[],"pwb-brand":[615],"product_brand":[],"product_cat":[22,17],"product_tag":[],"class_list":{"0":"post-165530","1":"product","2":"type-product","3":"status-publish","4":"has-post-thumbnail","6":"pwb-brand-smith-wesson","7":"product_cat-zaviraci-noze","8":"product_cat-noze","10":"first","11":"instock","12":"taxable","13":"shipping-taxable","14":"purchasable","15":"product-type-simple"},"brands":[{"id":615,"name":"Smith &amp; Wesson","slug":"smith-wesson"}],"_links":{"self":[{"href":"https:\/\/www.moskito.cz\/it\/wp-json\/wp\/v2\/product\/165530","targetHints":{"allow":["GET"]}}],"collection":[{"href":"https:\/\/www.moskito.cz\/it\/wp-json\/wp\/v2\/product"}],"about":[{"href":"https:\/\/www.moskito.cz\/it\/wp-json\/wp\/v2\/types\/product"}],"replies":[{"embeddable":true,"href":"https:\/\/www.moskito.cz\/it\/wp-json\/wp\/v2\/comments?post=165530"}],"wp:featuredmedia":[{"embeddable":true,"href":"https:\/\/www.moskito.cz\/it\/wp-json\/wp\/v2\/media\/165531"}],"wp:attachment":[{"href":"https:\/\/www.moskito.cz\/it\/wp-json\/wp\/v2\/media?parent=165530"}],"wp:term":[{"taxonomy":"pwb-brand","embeddable":true,"href":"https:\/\/www.moskito.cz\/it\/wp-json\/wp\/v2\/pwb-brand?post=165530"},{"taxonomy":"product_brand","embeddable":true,"href":"https:\/\/www.moskito.cz\/it\/wp-json\/wp\/v2\/product_brand?post=165530"},{"taxonomy":"product_cat","embeddable":true,"href":"https:\/\/www.moskito.cz\/it\/wp-json\/wp\/v2\/product_cat?post=165530"},{"taxonomy":"product_tag","embeddable":true,"href":"https:\/\/www.moskito.cz\/it\/wp-json\/wp\/v2\/product_tag?post=165530"}],"curies":[{"name":"wp","href":"https:\/\/api.w.org\/{rel}","templated":true}]}}