{"id":165617,"date":"2019-09-22T14:28:36","date_gmt":"2019-09-22T13:28:36","guid":{"rendered":"https:\/\/www.moskito.cz\/?post_type=product&#038;p=165617"},"modified":"2025-07-11T07:50:01","modified_gmt":"2025-07-11T06:50:01","slug":"zaviraci-nuz-ka-bar-dozier-small-folder-ka4072","status":"publish","type":"product","link":"https:\/\/www.moskito.cz\/it\/produkt\/zaviraci-nuz-ka-bar-dozier-small-folder-ka4072\/","title":{"rendered":"Zav\u00edrac\u00ed n\u016f\u017e Ka-Bar Dozier Small Folder KA4072"},"content":{"rendered":"<p>Zav\u00edrac\u00ed n\u016f\u017e Ka-Bar Dozier Small Folder KA4072.<\/p>\n<p>D\u00e9lka \u010depele: 5,7 cm<br \/>\nCelkov\u00e1 d\u00e9lka: 14,6 cm<br \/>\nN\u016f\u017e z nerezov\u00e9 oceli AUS 8A<br \/>\nMateri\u00e1l rukojeti: Zytel  z protiskluzovou \u00fapravou a nerezov\u00fdm kapesn\u00edm klipem, pojistka, barva \u010dern\u00e1<\/p>\n","protected":false},"excerpt":{"rendered":"<p>Zav\u00edrac\u00ed n\u016f\u017e<\/p>\n","protected":false},"featured_media":165618,"comment_status":"open","ping_status":"closed","template":"","meta":[],"pwb-brand":[362],"product_brand":[],"product_cat":[22,17],"product_tag":[],"class_list":{"0":"post-165617","1":"product","2":"type-product","3":"status-publish","4":"has-post-thumbnail","6":"pwb-brand-ka-bar","7":"product_cat-zaviraci-noze","8":"product_cat-noze","10":"first","11":"outofstock","12":"taxable","13":"shipping-taxable","14":"purchasable","15":"product-type-simple"},"brands":[{"id":362,"name":"Ka-Bar","slug":"ka-bar"}],"_links":{"self":[{"href":"https:\/\/www.moskito.cz\/it\/wp-json\/wp\/v2\/product\/165617","targetHints":{"allow":["GET"]}}],"collection":[{"href":"https:\/\/www.moskito.cz\/it\/wp-json\/wp\/v2\/product"}],"about":[{"href":"https:\/\/www.moskito.cz\/it\/wp-json\/wp\/v2\/types\/product"}],"replies":[{"embeddable":true,"href":"https:\/\/www.moskito.cz\/it\/wp-json\/wp\/v2\/comments?post=165617"}],"wp:featuredmedia":[{"embeddable":true,"href":"https:\/\/www.moskito.cz\/it\/wp-json\/wp\/v2\/media\/165618"}],"wp:attachment":[{"href":"https:\/\/www.moskito.cz\/it\/wp-json\/wp\/v2\/media?parent=165617"}],"wp:term":[{"taxonomy":"pwb-brand","embeddable":true,"href":"https:\/\/www.moskito.cz\/it\/wp-json\/wp\/v2\/pwb-brand?post=165617"},{"taxonomy":"product_brand","embeddable":true,"href":"https:\/\/www.moskito.cz\/it\/wp-json\/wp\/v2\/product_brand?post=165617"},{"taxonomy":"product_cat","embeddable":true,"href":"https:\/\/www.moskito.cz\/it\/wp-json\/wp\/v2\/product_cat?post=165617"},{"taxonomy":"product_tag","embeddable":true,"href":"https:\/\/www.moskito.cz\/it\/wp-json\/wp\/v2\/product_tag?post=165617"}],"curies":[{"name":"wp","href":"https:\/\/api.w.org\/{rel}","templated":true}]}}