{"id":166919,"date":"2020-01-09T14:08:05","date_gmt":"2020-01-09T13:08:05","guid":{"rendered":"https:\/\/www.moskito.cz\/?post_type=product&#038;p=166919"},"modified":"2025-07-11T07:50:23","modified_gmt":"2025-07-11T06:50:23","slug":"pevny-damaskovy-nuz-mcusta-mcu0065d","status":"publish","type":"product","link":"https:\/\/www.moskito.cz\/it\/produkt\/pevny-damaskovy-nuz-mcusta-mcu0065d\/","title":{"rendered":"Pevn\u00fd Dama\u0161kov\u00fd N\u016f\u017e Mcusta 65D"},"content":{"rendered":"<p>Pevn\u00fd Dama\u0161kov\u00fd N\u016f\u017e Mcusta.<\/p>\n<p><span class=\"tlid-translation translation\" lang=\"cs\"><span class=\"\" title=\"\">\u0158ada MC-6 je prvn\u00ed pevn\u00e1 \u010depel od spole\u010dnosti Mcusta.<\/span> <span title=\"\">Je to p\u00e9\u0159ov\u00fd, tenk\u00fd p\u00e1sek, univerz\u00e1ln\u00ed n\u00e1strojov\u00fd n\u016f\u017e vhodn\u00fd pro lovce pstruh\u016f a pt\u00e1k\u016f.<\/span> <span title=\"\">\u010cepel a rukoje\u0165 jsou vyrobeny z jednoho kusu j\u00e1dra VG-10 kovan\u00e9 z 33 vrstven\u00e9 niklov\u00e9 dama\u0161kov\u00e9 nerezov\u00e9 oceli.<\/span> <span class=\"\" title=\"\">Rukoje\u0165 je r\u00fdhovan\u00e1 a vykl\u00e1dan\u00e1 syntetick\u00fdmi malachitov\u00fdmi deskami.<\/span> <span class=\"\" title=\"\">Ka\u017ed\u00fd n\u016f\u017e m\u00e1 \u010dern\u00e9 ko\u017een\u00e9 pouzdro.<\/span><\/span><\/p>\n<p>The MC-6 Series is the first fixed blade from Mcusta. It&#8217;s a featherweight, slim line, all-purpose utility knife suitable for trout and bird hunters. The blade and handle are one-piece construction of VG-10 core forged with 33 layered nickel Damascus stainless steel. The handle is grooved and inlaid with synthetic Malachite slabs. Each knife comes with black leather sheath.<\/p>\n<p>No\u017ee Mcusta poch\u00e1zej\u00ed s japonsk\u00e9ho m\u011bsta Seki. V na\u0161\u00ed nab\u00eddce naleznete n\u011bkolik jejich v\u00fdrobk\u016f.<\/p>\n<p>No\u017ee Mcusta jsou symbolem originality, \u0161pi\u010dkov\u00e9ho zpracov\u00e1n\u00ed a k dokonalosti dota\u017een\u00e9mu designu.<\/p>\n<p>Vyr\u00e1b\u011bj\u00ed se ve m\u011bst\u011b Seki, kter\u00e9 je ji\u017e od 13. stolet\u00ed pova\u017eov\u00e1no za centrum v\u00fdroby no\u017e\u016f . D\u00edky bohat\u00fdm z\u00e1sob\u00e1m nerostn\u00fdch surovin se stalo ide\u00e1ln\u00edm m\u00edstem, kter\u00e9 p\u0159il\u00e1kalo mistra Motoshige. V pr\u016fb\u011bhu stalet\u00ed se techniky a dovednosti mistr\u016f kov\u00e1\u0159\u016f p\u0159ed\u00e1valy z generace na generaci a neust\u00e1le se zdokonalovaly. V\u00fdznamn\u00fdm centrem je m\u011bsto Seki dodnes.No\u017ee Mcusta jsou vrcholem tradi\u010dn\u00ed japonsk\u00e9 v\u00fdroby a modern\u00edch \u0161pi\u010dkov\u00fdch technologi\u00ed. Nejsou vyr\u00e1b\u011bn\u00e9 jako v\u011bt\u0161ina s\u00e9riov\u011b vyr\u00e1b\u011bn\u00fdch no\u017e\u016f. P\u0159ed samotnou v\u00fdrobou jsou navr\u017eeny prototypy, kter\u00e9 jsou pe\u010dliv\u011b testov\u00e1ny a prakticky vyzkou\u0161eny.<\/p>\n<p>No\u017ee jsou navr\u017eeny tak, aby co nejv\u00edce odpov\u00eddaly pot\u0159eb\u00e1m, vkusu a stylu z\u00e1kazn\u00edk\u016f.<\/p>\n","protected":false},"excerpt":{"rendered":"<p>Pevn\u00fd n\u016f\u017e s pouzdrem.<\/p>\n","protected":false},"featured_media":190028,"comment_status":"open","ping_status":"closed","template":"","meta":[],"pwb-brand":[432],"product_brand":[],"product_cat":[25,17],"product_tag":[],"class_list":{"0":"post-166919","1":"product","2":"type-product","3":"status-publish","4":"has-post-thumbnail","6":"pwb-brand-mcusta","7":"product_cat-damascenske-noze","8":"product_cat-noze","10":"first","11":"instock","12":"taxable","13":"shipping-taxable","14":"purchasable","15":"product-type-simple"},"brands":[{"id":432,"name":"Mcusta","slug":"mcusta"}],"_links":{"self":[{"href":"https:\/\/www.moskito.cz\/it\/wp-json\/wp\/v2\/product\/166919","targetHints":{"allow":["GET"]}}],"collection":[{"href":"https:\/\/www.moskito.cz\/it\/wp-json\/wp\/v2\/product"}],"about":[{"href":"https:\/\/www.moskito.cz\/it\/wp-json\/wp\/v2\/types\/product"}],"replies":[{"embeddable":true,"href":"https:\/\/www.moskito.cz\/it\/wp-json\/wp\/v2\/comments?post=166919"}],"wp:featuredmedia":[{"embeddable":true,"href":"https:\/\/www.moskito.cz\/it\/wp-json\/wp\/v2\/media\/190028"}],"wp:attachment":[{"href":"https:\/\/www.moskito.cz\/it\/wp-json\/wp\/v2\/media?parent=166919"}],"wp:term":[{"taxonomy":"pwb-brand","embeddable":true,"href":"https:\/\/www.moskito.cz\/it\/wp-json\/wp\/v2\/pwb-brand?post=166919"},{"taxonomy":"product_brand","embeddable":true,"href":"https:\/\/www.moskito.cz\/it\/wp-json\/wp\/v2\/product_brand?post=166919"},{"taxonomy":"product_cat","embeddable":true,"href":"https:\/\/www.moskito.cz\/it\/wp-json\/wp\/v2\/product_cat?post=166919"},{"taxonomy":"product_tag","embeddable":true,"href":"https:\/\/www.moskito.cz\/it\/wp-json\/wp\/v2\/product_tag?post=166919"}],"curies":[{"name":"wp","href":"https:\/\/api.w.org\/{rel}","templated":true}]}}