{"id":167024,"date":"2020-01-14T11:49:23","date_gmt":"2020-01-14T10:49:23","guid":{"rendered":"https:\/\/www.moskito.cz\/?post_type=product&#038;p=167024"},"modified":"2025-07-11T07:50:33","modified_gmt":"2025-07-11T06:50:33","slug":"vystrelovaci-nuz-microtech-ultratech-122-10ta","status":"publish","type":"product","link":"https:\/\/www.moskito.cz\/it\/produkt\/vystrelovaci-nuz-microtech-ultratech-122-10ta\/","title":{"rendered":"Vyst\u0159elovac\u00ed N\u016f\u017e Microtech Ultratech 122-10 TA"},"content":{"rendered":"<p>Vyst\u0159elovac\u00ed N\u016f\u017e <strong>Microtech Ultratech <\/strong>122-10 TA.<br \/>\n<span class=\"tlid-translation translation\"><span class=\"\" title=\"\">Z p\u0159edu vyst\u0159elovac\u00ed n\u016f\u017e.<\/span><\/span><\/p>\n<p><span class=\"tlid-translation translation\"><span class=\"\" title=\"\">Vyst\u0159elovac\u00ed N\u016f\u017e <strong>Microtech<\/strong> Ultratech 122-10 TA je vybaven dvojitou \u010depel\u00ed s\u00a0 jednoduch\u00fdmi \u0159ezn\u00fdmi hranami.<\/span> N\u016f\u017e m<span class=\"\" title=\"\">\u00e1 tvarovanou hlin\u00edkovou rukoje\u0165 z eloxovan\u00e9ho hlin\u00edku 6061-T6 s kuli\u010dkov\u00fdm hrotem na rozb\u00edjen\u00ed skla kter\u00fd je z u\u0161lechtil\u00e9 oceli.<\/span><\/span><\/p>\n<p><span title=\"\"><strong>Microtech <\/strong>vybavil tuto verzi st\u00e1le popul\u00e1rn\u00edho Ultratech D \/ A OTF n\u016f\u017e s hladk\u00fdm konturovan\u00fdm designem rukojeti, kter\u00fd zvy\u0161uje komfort p\u0159i pou\u017e\u00edv\u00e1n\u00ed.<\/span> <span title=\"\">Tento aktualizovan\u00fd model poskytuje stejn\u00e9 rozm\u011bry, hardware a trvanlivost nab\u00edzen\u00e9 variantou \u201eTri-Grip\u201c, ale jde jednodu\u0161eji do ruky a do kapsy.<\/span><\/p>\n<p><span title=\"\">Pro ty, kte\u0159\u00ed nejsou obezn\u00e1meni s technologi\u00ed Ultratech, je to pln\u011b automatick\u00fd n\u016f\u017e s dvojit\u00fdm mechanismem mimo p\u0159edn\u00ed stranu, co\u017e znamen\u00e1, \u017ee \u010depel se pomoc\u00ed palce se\u00a0 sklop\u00ed\u00a0 a zasune.<\/span> <span title=\"\">N\u016f\u017e Ultratech spole\u010dnosti <strong>Microtech<\/strong> nastavil la\u0165ku pro v\u0161echny no\u017ee OTF.<\/span><\/p>\n<p><span class=\"tlid-translation translation\"><span class=\"\" title=\"\">Celkov\u00e1 d\u00e9lka: 22 cm<\/span><br \/>\n<span class=\"\" title=\"\">D\u00e9lka \u010depele: 8.6 cm<\/span><br \/>\n<span title=\"\">Materi\u00e1l \u010depele: Bohler M390<\/span><br \/>\n<span class=\"\" title=\"\">Styl \u010depele: D\u00fdka<\/span><br \/>\n<span class=\"\" title=\"\">B\u0159itov\u00e9 desti\u010dky: Ploch\u00e9<\/span><br \/>\n<span title=\"\">Typ okraje: oby\u010dejn\u00fd<\/span><br \/>\n<span title=\"\">Materi\u00e1l rukojeti: hlin\u00edk<\/span><br \/>\n<span title=\"\">Hmotnost: 3,60 oz.<\/span><br \/>\n<span title=\"\">U\u017eivatel: Prav\u00e1 ruka<\/span><br \/>\n<span title=\"\">Pocket Clip: Tip-Down<\/span><br \/>\n<span title=\"\">Typ no\u017ee: Double-Action OTF Automatic<\/span><br \/>\n<span title=\"\">Otv\u00edra\u010d: Thumb Slide<\/span><br \/>\n<span title=\"\">Zna\u010dka: Microtech<\/span><br \/>\n<span title=\"\">Model: Ultratech<\/span><br \/>\n<span title=\"\">\u010c\u00edslo modelu: <\/span>122-10 TA<br \/>\n<span title=\"\">Zem\u011b p\u016fvodu: USA<\/span><br \/>\n<span title=\"\">Nejlep\u0161\u00ed pou\u017eit\u00ed: Ka\u017edodenn\u00ed<\/span><\/span><\/p>\n<p>&nbsp;<\/p>\n<p>The Ultratech without question has been <strong>Microtech&#8217;s<\/strong> flagship out the front auto knife since its induction in 1999. Recently it has gone through an additional aesthetic redesign after the overwhelming success and praise of the traditional styling. While the dimensions of the Ultratech remain unchanged, the handle has been stripped back down to its original roots&#8211;now offering a smooth contoured chassis, however still boasting the tri-angle hardware, a redesigned thumb slide and the glass breaker that now includes a press fitted ball bearing for a more comfortable, but still functional, user experience. Each<strong> Microtech<\/strong> OTF knife has extremely sophisticated internal mechanisms which improve the overall operational functionality and reliability. This model features a contoured tan handle complete with standard bead blasted hardware and an integrated glass breaker function along with a dagger style blade in a stonewash finish. Made in the USA.<\/p>\n<p><strong>SPECIFICATIONS:<\/strong><\/p>\n<ul>\n<li>Blade Length: 3.375&#8243;<\/li>\n<li>Overall Length: 8.375&#8243;<\/li>\n<li>Blade Material: M390 Stainless Steel<\/li>\n<li>Blade Finish: Stonewash<\/li>\n<li>Handle Length: 5&#8243;<\/li>\n<li>Handle Material: 6061-T6 Aluminum<\/li>\n<li>Weight: 3.2 oz.<\/li>\n<\/ul>\n","protected":false},"excerpt":{"rendered":"<p>V pr\u016fb\u011bhu let <strong>Microtech\u00ae Knives <\/strong>naplnil v\u00e1\u0161n\u00ed a dovednost\u00ed v\u00fdrobu no\u017e\u016f, a\u017e z nich vytvo\u0159il t\u00e9m\u011b\u0159 um\u011bleck\u00e1 d\u00edla,kter\u00e9 jsou vrcholem funk\u010dnosti.V\u0161echny d\u00edly jsou vyrodeny v USA.<br \/>\n<strong>Na v\u0161echny no\u017ee Microtech je do\u017eivotn\u00ed z\u00e1ruka.<\/strong><\/p>\n","protected":false},"featured_media":178318,"comment_status":"open","ping_status":"closed","template":"","meta":[],"pwb-brand":[431],"product_brand":[],"product_cat":[2019,17],"product_tag":[3667],"class_list":{"0":"post-167024","1":"product","2":"type-product","3":"status-publish","4":"has-post-thumbnail","6":"pwb-brand-microtech","7":"product_cat-vystrelovaci-noze","8":"product_cat-noze","9":"product_tag-b2b","11":"first","12":"outofstock","13":"taxable","14":"shipping-taxable","15":"purchasable","16":"product-type-simple"},"brands":[{"id":431,"name":"Microtech","slug":"microtech"}],"_links":{"self":[{"href":"https:\/\/www.moskito.cz\/it\/wp-json\/wp\/v2\/product\/167024","targetHints":{"allow":["GET"]}}],"collection":[{"href":"https:\/\/www.moskito.cz\/it\/wp-json\/wp\/v2\/product"}],"about":[{"href":"https:\/\/www.moskito.cz\/it\/wp-json\/wp\/v2\/types\/product"}],"replies":[{"embeddable":true,"href":"https:\/\/www.moskito.cz\/it\/wp-json\/wp\/v2\/comments?post=167024"}],"wp:featuredmedia":[{"embeddable":true,"href":"https:\/\/www.moskito.cz\/it\/wp-json\/wp\/v2\/media\/178318"}],"wp:attachment":[{"href":"https:\/\/www.moskito.cz\/it\/wp-json\/wp\/v2\/media?parent=167024"}],"wp:term":[{"taxonomy":"pwb-brand","embeddable":true,"href":"https:\/\/www.moskito.cz\/it\/wp-json\/wp\/v2\/pwb-brand?post=167024"},{"taxonomy":"product_brand","embeddable":true,"href":"https:\/\/www.moskito.cz\/it\/wp-json\/wp\/v2\/product_brand?post=167024"},{"taxonomy":"product_cat","embeddable":true,"href":"https:\/\/www.moskito.cz\/it\/wp-json\/wp\/v2\/product_cat?post=167024"},{"taxonomy":"product_tag","embeddable":true,"href":"https:\/\/www.moskito.cz\/it\/wp-json\/wp\/v2\/product_tag?post=167024"}],"curies":[{"name":"wp","href":"https:\/\/api.w.org\/{rel}","templated":true}]}}