{"id":167280,"date":"2020-01-31T09:50:43","date_gmt":"2020-01-31T08:50:43","guid":{"rendered":"https:\/\/www.moskito.cz\/?post_type=product&#038;p=167280"},"modified":"2025-07-11T07:50:44","modified_gmt":"2025-07-11T06:50:44","slug":"peprovy-sprej-esp-hurricane-15-ml","status":"publish","type":"product","link":"https:\/\/www.moskito.cz\/it\/produkt\/peprovy-sprej-esp-hurricane-15-ml\/","title":{"rendered":"Pep\u0159ov\u00fd sprej ESP HURRICANE 15 ml"},"content":{"rendered":"<p>Pep\u0159ov\u00fd sprej ESP HURRICANE 15 ml.<\/p>\n<div>Praktick\u00fd a skladn\u00fd sprej se sv\u00edtilnou typu HURRICANE. Na tento sprej je nasazen miniaturn\u00ed adapt\u00e9r, kter\u00fd obsahuje kompletn\u00ed LED sv\u00edtilnu a gumovou obj\u00edmku. Sprejov\u00e1 sv\u00edtilna HURRICANE Flashlight je d\u00edky mal\u00fdm rozm\u011br\u016fm ide\u00e1ln\u00ed pro \u017eeny, nebo\u0165 jim v kabelce nezabere mnoho m\u00edsta. M\u016f\u017ee b\u00fdt neoceniteln\u00fdm pomocn\u00edkem p\u0159i jejich pohybu v potencion\u00e1ln\u011b nebezpe\u010dn\u00fdch lokalit\u00e1ch.<\/div>\n<div><\/div>\n<div>Pep\u0159ov\u00fd sprej o objemu 15 ml obsahuje Oleoresin Capsicum (10% OC). V\u00fdst\u0159ik m\u00e1 charakter PAPRSKU s mal\u00fdmi kapkami a proto je m\u00e9n\u011b n\u00e1chyln\u00fd na rozpt\u00fdlen\u00ed p\u0159i p\u0159\u00edpadn\u00e9m m\u00edrn\u00e9m v\u011btru. Umo\u017e\u0148uje cca 20 kr\u00e1tk\u00fdch v\u00fdst\u0159ik\u016f na vzd\u00e1lenost 1\u20132 m. Nap\u00e1jen\u00ed 4ks baterie AG5 ( sou\u010d\u00e1st balen\u00ed ).<\/div>\n<div><\/div>\n<div>Po vypr\u00e1zdn\u011bn\u00ed n\u00e1dobky spreje lze modul sv\u011btla nasadit na nov\u00fd sprej HURRICANE. Na tento v\u00fdrobek byl ud\u011blen patent v USA (US Pat.: 7,641,353).<\/div>\n<div><\/div>\n<div>ROZM\u011aRY : V\u00fd\u0161ka 82 mm, \u0161\u00ed\u0159ka 40 mm.<\/div>\n","protected":false},"excerpt":{"rendered":"<p>Pep\u0159ov\u00fd sprej.<\/p>\n","protected":false},"featured_media":167282,"comment_status":"open","ping_status":"closed","template":"","meta":[],"pwb-brand":[],"product_brand":[],"product_cat":[1549],"product_tag":[],"class_list":{"0":"post-167280","1":"product","2":"type-product","3":"status-publish","4":"has-post-thumbnail","6":"product_cat-obranne-spreje","8":"first","9":"outofstock","10":"taxable","11":"shipping-taxable","12":"purchasable","13":"product-type-simple"},"brands":[],"_links":{"self":[{"href":"https:\/\/www.moskito.cz\/it\/wp-json\/wp\/v2\/product\/167280","targetHints":{"allow":["GET"]}}],"collection":[{"href":"https:\/\/www.moskito.cz\/it\/wp-json\/wp\/v2\/product"}],"about":[{"href":"https:\/\/www.moskito.cz\/it\/wp-json\/wp\/v2\/types\/product"}],"replies":[{"embeddable":true,"href":"https:\/\/www.moskito.cz\/it\/wp-json\/wp\/v2\/comments?post=167280"}],"wp:featuredmedia":[{"embeddable":true,"href":"https:\/\/www.moskito.cz\/it\/wp-json\/wp\/v2\/media\/167282"}],"wp:attachment":[{"href":"https:\/\/www.moskito.cz\/it\/wp-json\/wp\/v2\/media?parent=167280"}],"wp:term":[{"taxonomy":"pwb-brand","embeddable":true,"href":"https:\/\/www.moskito.cz\/it\/wp-json\/wp\/v2\/pwb-brand?post=167280"},{"taxonomy":"product_brand","embeddable":true,"href":"https:\/\/www.moskito.cz\/it\/wp-json\/wp\/v2\/product_brand?post=167280"},{"taxonomy":"product_cat","embeddable":true,"href":"https:\/\/www.moskito.cz\/it\/wp-json\/wp\/v2\/product_cat?post=167280"},{"taxonomy":"product_tag","embeddable":true,"href":"https:\/\/www.moskito.cz\/it\/wp-json\/wp\/v2\/product_tag?post=167280"}],"curies":[{"name":"wp","href":"https:\/\/api.w.org\/{rel}","templated":true}]}}