{"id":167545,"date":"2020-02-24T14:26:07","date_gmt":"2020-02-24T13:26:07","guid":{"rendered":"https:\/\/www.moskito.cz\/?post_type=product&#038;p=167545"},"modified":"2025-07-11T07:50:51","modified_gmt":"2025-07-11T06:50:51","slug":"zaviraci-nuz-victorinox-angler-1-3653-72","status":"publish","type":"product","link":"https:\/\/www.moskito.cz\/it\/produkt\/zaviraci-nuz-victorinox-angler-1-3653-72\/","title":{"rendered":"Zav\u00edrac\u00ed n\u016f\u017e Victorinox Angler 1.3653.72"},"content":{"rendered":"<p>Zav\u00edrac\u00ed n\u016f\u017e Victorinox Angler 1.3653.72.<\/p>\n<p>Kapesn\u00ed n\u016f\u017e o velikosti 91 mm\u00a0s kle\u0161t\u011bmi a v\u00edce\u00fa\u010delov\u00fdm ryb\u00e1\u0159sk\u00fdm n\u00e1strojem. Vhodn\u00fd pro ryba\u0159en\u00ed. Po\u010det funkc\u00ed 18.<\/p>\n<p>velk\u00fd n\u016f\u017e<br \/>\nmal\u00fd n\u016f\u017e<br \/>\nv\u00fdvrtka<br \/>\notv\u00edr\u00e1k na konzervy s<br \/>\nmal\u00fdm \u0161roubov\u00e1kem (i pro k\u0159\u00ed\u017eov\u00e9 \u0161rouby)<br \/>\notv\u00edr\u00e1k na l\u00e1hve s<br \/>\n\u0161roubov\u00e1kem<br \/>\nodstra\u0148ova\u010d izolace z dr\u00e1t\u016f<br \/>\nv\u00fdstru\u017en\u00edk, bodec<br \/>\nnerezov\u00fd krou\u017eek na kl\u00ed\u010de<br \/>\npinzeta<br \/>\np\u00e1r\u00e1tko<br \/>\nm\u011b\u0159\u00edtko na ryby s<br \/>\nh\u00e1\u010dkem na vyvrhnut\u00ed<br \/>\nm\u011b\u0159\u00edtkem(v cm a palc\u00edch)<br \/>\nkle\u0161t\u011b se<br \/>\n\u0161t\u00edpa\u010dkou dr\u00e1t\u016f<br \/>\nn\u00e1strojem na lem dr\u00e1t\u016f<\/p>\n<p>&nbsp;<\/p>\n<p>Ti, kte\u0159\u00ed pot\u0159ebuj\u00ed b\u00fdt neust\u00e1le p\u0159ipraveni na v\u0161e, si berou sv\u016fj kapesn\u00ed n\u016f\u017e v\u0161ude. Ji\u017e od roku 1897 je \u0161v\u00fdcarsk\u00fd arm\u00e1dn\u00ed n\u016f\u017e spolehliv\u00fdm n\u00e1strojem p\u0159i mnoha dobrodru\u017estv\u00edch na cel\u00e9m sv\u011bt\u011b. A\u0165 prozkoum\u00e1v\u00e1te m\u011bsta, dna oce\u00e1n\u016f, hory nebo vesm\u00edr, \u0161v\u00fdcarsk\u00fd kapesn\u00ed n\u016f\u017e je spole\u010dn\u00edk, na kter\u00e9ho se m\u016f\u017eete spolehnout.<\/p>\n<p>Na v\u0161echny no\u017ee VICTORINOX je poskytov\u00e1na do\u017eivotn\u00ed z\u00e1ruka na ve\u0161ker\u00e9 z\u00e1vady materi\u00e1lu \u010di v\u00fdrobn\u00ed nedostatky. Z\u00e1ruka se nevztahuje na po\u0161kozen\u00ed zp\u016fsoben\u00e9 b\u011b\u017en\u00fdm opot\u0159eben\u00edm nebo \u0161patn\u00fdm u\u017e\u00edv\u00e1n\u00edm.<\/p>\n<p>V roce 1884, \u0161v\u00fdcarsk\u00fd pr\u016fkopn\u00edk Karl Elsener zalo\u017eil no\u017e\u00ed\u0159skou d\u00edlnu. Kr\u00e1tce nato, si p\u0159ipravil cestu pro bezkonkuren\u010dn\u00ed historii spole\u010dnosti, prost\u0159ednictv\u00edm v\u00fdvoje dnes ji\u017e legend\u00e1rn\u00edho \u00abOrigin\u00e1ln\u00edho \u0161v\u00fdcarsk\u00e9ho arm\u00e1dn\u00edho no\u017ee\u00bb. Krom\u011b kapesn\u00edch, dom\u00e1c\u00edch a profesion\u00e1ln\u00edch no\u017e\u016f, dnes nez\u00e1visl\u00e1 rodinn\u00e1 spole\u010dnost Victorinox vyr\u00e1b\u00ed a prod\u00e1v\u00e1 hodinky, cestovn\u00ed v\u00fdbavu, m\u00f3du a v\u016fn\u011b po cel\u00e9m sv\u011bt\u011b. Ka\u017ed\u00fd v\u00fdrobek je vyj\u00e1d\u0159en\u00edm \u0161v\u00fdcarsk\u00e9 kvality.<\/p>\n","protected":false},"excerpt":{"rendered":"<p>Zav\u00edrac\u00ed n\u016f\u017e.<\/p>\n","protected":false},"featured_media":167546,"comment_status":"open","ping_status":"closed","template":"","meta":[],"pwb-brand":[1175],"product_brand":[],"product_cat":[22,17],"product_tag":[],"class_list":{"0":"post-167545","1":"product","2":"type-product","3":"status-publish","4":"has-post-thumbnail","6":"pwb-brand-victorinox","7":"product_cat-zaviraci-noze","8":"product_cat-noze","10":"first","11":"instock","12":"taxable","13":"shipping-taxable","14":"purchasable","15":"product-type-simple"},"brands":[{"id":1175,"name":"Victorinox","slug":"victorinox"}],"_links":{"self":[{"href":"https:\/\/www.moskito.cz\/it\/wp-json\/wp\/v2\/product\/167545","targetHints":{"allow":["GET"]}}],"collection":[{"href":"https:\/\/www.moskito.cz\/it\/wp-json\/wp\/v2\/product"}],"about":[{"href":"https:\/\/www.moskito.cz\/it\/wp-json\/wp\/v2\/types\/product"}],"replies":[{"embeddable":true,"href":"https:\/\/www.moskito.cz\/it\/wp-json\/wp\/v2\/comments?post=167545"}],"wp:featuredmedia":[{"embeddable":true,"href":"https:\/\/www.moskito.cz\/it\/wp-json\/wp\/v2\/media\/167546"}],"wp:attachment":[{"href":"https:\/\/www.moskito.cz\/it\/wp-json\/wp\/v2\/media?parent=167545"}],"wp:term":[{"taxonomy":"pwb-brand","embeddable":true,"href":"https:\/\/www.moskito.cz\/it\/wp-json\/wp\/v2\/pwb-brand?post=167545"},{"taxonomy":"product_brand","embeddable":true,"href":"https:\/\/www.moskito.cz\/it\/wp-json\/wp\/v2\/product_brand?post=167545"},{"taxonomy":"product_cat","embeddable":true,"href":"https:\/\/www.moskito.cz\/it\/wp-json\/wp\/v2\/product_cat?post=167545"},{"taxonomy":"product_tag","embeddable":true,"href":"https:\/\/www.moskito.cz\/it\/wp-json\/wp\/v2\/product_tag?post=167545"}],"curies":[{"name":"wp","href":"https:\/\/api.w.org\/{rel}","templated":true}]}}