{"id":167571,"date":"2020-02-24T17:27:38","date_gmt":"2020-02-24T16:27:38","guid":{"rendered":"https:\/\/www.moskito.cz\/?post_type=product&#038;p=167571"},"modified":"2025-07-11T07:50:52","modified_gmt":"2025-07-11T06:50:52","slug":"zaviraci-nuz-victorinox-hunter-0-8573","status":"publish","type":"product","link":"https:\/\/www.moskito.cz\/it\/produkt\/zaviraci-nuz-victorinox-hunter-0-8573\/","title":{"rendered":"Zav\u00edrac\u00ed n\u016f\u017e Victorinox Hunter 0.8573"},"content":{"rendered":"<p>Zav\u00edrac\u00ed n\u016f\u017e Victorinox Hunter 0.8573.<\/p>\n<p><span class=\"proKs\">Kapesn\u00ed n\u016f\u017e o velikosti 111 mm s pojistkou hlavn\u00ed \u010depele. Po\u010det funkc\u00ed 12.<\/span><\/p>\n<div id=\"productDetailBottomText\" class=\"rounded\">\n<ul>\n<li class=\"style2\">velk\u00fd zav\u00edrac\u00ed n\u016f\u017e<\/li>\n<li class=\"style2\">v\u00fdvrtka<\/li>\n<li class=\"style2\">pilka na d\u0159evo<\/li>\n<li class=\"style2\">otv\u00edr\u00e1k na l\u00e1hve<\/li>\n<li class=\"style2\">\u0161roubov\u00e1k<\/li>\n<li class=\"style2\">odstra\u0148ova\u010d izolace z dr\u00e1t\u016f<\/li>\n<li class=\"style2\">vyvrhovac\u00ed n\u016f\u017e<\/li>\n<li class=\"style2\">v\u00fdstru\u017en\u00edk, pr\u016fbojn\u00edk<\/li>\n<li class=\"style2\">nerezov\u00fd krou\u017eek na kl\u00ed\u010de<\/li>\n<li class=\"style2\">pinzeta<\/li>\n<li class=\"style2\">p\u00e1r\u00e1tko<\/li>\n<li>V roce 1884, \u0161v\u00fdcarsk\u00fd pr\u016fkopn\u00edk Karl Elsener zalo\u017eil no\u017e\u00ed\u0159skou d\u00edlnu. Kr\u00e1tce nato, si p\u0159ipravil cestu pro bezkonkuren\u010dn\u00ed historii spole\u010dnosti, prost\u0159ednictv\u00edm v\u00fdvoje dnes ji\u017e legend\u00e1rn\u00edho \u00abOrigin\u00e1ln\u00edho \u0161v\u00fdcarsk\u00e9ho arm\u00e1dn\u00edho no\u017ee\u00bb. Krom\u011b kapesn\u00edch, dom\u00e1c\u00edch a profesion\u00e1ln\u00edch no\u017e\u016f, dnes nez\u00e1visl\u00e1 rodinn\u00e1 spole\u010dnost Victorinox vyr\u00e1b\u00ed a prod\u00e1v\u00e1 hodinky, cestovn\u00ed v\u00fdbavu, m\u00f3du a v\u016fn\u011b po cel\u00e9m sv\u011bt\u011b. Ka\u017ed\u00fd v\u00fdrobek je vyj\u00e1d\u0159en\u00edm \u0161v\u00fdcarsk\u00e9 kvality.<\/li>\n<\/ul>\n<\/div>\n<p>&nbsp;<\/p>\n","protected":false},"excerpt":{"rendered":"<p>Kapesn\u00ed n\u016f\u017e o velikosti 111 mm s pojistkou hlavn\u00ed \u010depele. Po\u010det funkc\u00ed 12.<br \/>\n<strong>Vyrobeno ve \u0160v\u00fdcarsku,do\u017eivotn\u00ed z\u00e1ruka.<\/strong><\/p>\n","protected":false},"featured_media":167572,"comment_status":"open","ping_status":"closed","template":"","meta":[],"pwb-brand":[1175],"product_brand":[],"product_cat":[22,17],"product_tag":[],"class_list":{"0":"post-167571","1":"product","2":"type-product","3":"status-publish","4":"has-post-thumbnail","6":"pwb-brand-victorinox","7":"product_cat-zaviraci-noze","8":"product_cat-noze","10":"first","11":"outofstock","12":"taxable","13":"shipping-taxable","14":"purchasable","15":"product-type-simple"},"brands":[{"id":1175,"name":"Victorinox","slug":"victorinox"}],"_links":{"self":[{"href":"https:\/\/www.moskito.cz\/it\/wp-json\/wp\/v2\/product\/167571","targetHints":{"allow":["GET"]}}],"collection":[{"href":"https:\/\/www.moskito.cz\/it\/wp-json\/wp\/v2\/product"}],"about":[{"href":"https:\/\/www.moskito.cz\/it\/wp-json\/wp\/v2\/types\/product"}],"replies":[{"embeddable":true,"href":"https:\/\/www.moskito.cz\/it\/wp-json\/wp\/v2\/comments?post=167571"}],"wp:featuredmedia":[{"embeddable":true,"href":"https:\/\/www.moskito.cz\/it\/wp-json\/wp\/v2\/media\/167572"}],"wp:attachment":[{"href":"https:\/\/www.moskito.cz\/it\/wp-json\/wp\/v2\/media?parent=167571"}],"wp:term":[{"taxonomy":"pwb-brand","embeddable":true,"href":"https:\/\/www.moskito.cz\/it\/wp-json\/wp\/v2\/pwb-brand?post=167571"},{"taxonomy":"product_brand","embeddable":true,"href":"https:\/\/www.moskito.cz\/it\/wp-json\/wp\/v2\/product_brand?post=167571"},{"taxonomy":"product_cat","embeddable":true,"href":"https:\/\/www.moskito.cz\/it\/wp-json\/wp\/v2\/product_cat?post=167571"},{"taxonomy":"product_tag","embeddable":true,"href":"https:\/\/www.moskito.cz\/it\/wp-json\/wp\/v2\/product_tag?post=167571"}],"curies":[{"name":"wp","href":"https:\/\/api.w.org\/{rel}","templated":true}]}}