{"id":167832,"date":"2020-04-17T20:05:19","date_gmt":"2020-04-17T19:05:19","guid":{"rendered":"https:\/\/www.moskito.cz\/?post_type=product&#038;p=167832"},"modified":"2025-07-11T07:51:04","modified_gmt":"2025-07-11T06:51:04","slug":"zaviraci-nuz-victorinox-hiker-1-4613","status":"publish","type":"product","link":"https:\/\/www.moskito.cz\/it\/produkt\/zaviraci-nuz-victorinox-hiker-1-4613\/","title":{"rendered":"Zav\u00edrac\u00ed n\u016f\u017e Victorinox Hiker 1.4613"},"content":{"rendered":"<p>Zav\u00edrac\u00ed n\u016f\u017e Victorinox Hiker 1.4613.<\/p>\n<p>Kapesn\u00ed n\u016f\u017e o velikosti 91 mm s k\u0159\u00ed\u017eov\u00fdm \u0161roubov\u00e1kem a pilkou na d\u0159evo, vhodn\u00fd pro cestov\u00e1n\u00ed a turistiku. Po\u010det funkc\u00ed 13.<\/p>\n<p>velk\u00fd n\u016f\u017e<br \/>\nmal\u00fd n\u016f\u017e<br \/>\nk\u0159\u00ed\u017eov\u00fd \u0161roubov\u00e1k<br \/>\notv\u00edr\u00e1k na konzervy s<br \/>\n&#8211; mal\u00fdm \u0161roubov\u00e1kem (i pro k\u0159\u00ed\u017eov\u00e9 \u0161rouby)<br \/>\notv\u00edr\u00e1k na l\u00e1hve s<br \/>\n&#8211; \u0161roubov\u00e1kem<br \/>\n&#8211; odstra\u0148ova\u010dem izolace z dr\u00e1t\u016f<br \/>\nv\u00fdstru\u017en\u00edk, bodec<br \/>\nnerezov\u00fd krou\u017eek na kl\u00ed\u010de<br \/>\npinzeta<br \/>\np\u00e1r\u00e1tko<br \/>\npilka na d\u0159evo<\/p>\n","protected":false},"excerpt":{"rendered":"<p>Kapesn\u00ed n\u016f\u017e o velikosti 91 mm s k\u0159\u00ed\u017eov\u00fdm \u0161roubov\u00e1kem a pilkou na d\u0159evo, vhodn\u00fd pro cestov\u00e1n\u00ed a turistiku.<br \/>\n<strong>Vyrobeno ve \u0160v\u00fdcarsku,do\u017eivotn\u00ed z\u00e1ruka.<\/strong><\/p>\n","protected":false},"featured_media":167833,"comment_status":"open","ping_status":"closed","template":"","meta":[],"pwb-brand":[1175],"product_brand":[],"product_cat":[22,17],"product_tag":[],"class_list":{"0":"post-167832","1":"product","2":"type-product","3":"status-publish","4":"has-post-thumbnail","6":"pwb-brand-victorinox","7":"product_cat-zaviraci-noze","8":"product_cat-noze","10":"first","11":"outofstock","12":"taxable","13":"shipping-taxable","14":"purchasable","15":"product-type-simple"},"brands":[{"id":1175,"name":"Victorinox","slug":"victorinox"}],"_links":{"self":[{"href":"https:\/\/www.moskito.cz\/it\/wp-json\/wp\/v2\/product\/167832","targetHints":{"allow":["GET"]}}],"collection":[{"href":"https:\/\/www.moskito.cz\/it\/wp-json\/wp\/v2\/product"}],"about":[{"href":"https:\/\/www.moskito.cz\/it\/wp-json\/wp\/v2\/types\/product"}],"replies":[{"embeddable":true,"href":"https:\/\/www.moskito.cz\/it\/wp-json\/wp\/v2\/comments?post=167832"}],"wp:featuredmedia":[{"embeddable":true,"href":"https:\/\/www.moskito.cz\/it\/wp-json\/wp\/v2\/media\/167833"}],"wp:attachment":[{"href":"https:\/\/www.moskito.cz\/it\/wp-json\/wp\/v2\/media?parent=167832"}],"wp:term":[{"taxonomy":"pwb-brand","embeddable":true,"href":"https:\/\/www.moskito.cz\/it\/wp-json\/wp\/v2\/pwb-brand?post=167832"},{"taxonomy":"product_brand","embeddable":true,"href":"https:\/\/www.moskito.cz\/it\/wp-json\/wp\/v2\/product_brand?post=167832"},{"taxonomy":"product_cat","embeddable":true,"href":"https:\/\/www.moskito.cz\/it\/wp-json\/wp\/v2\/product_cat?post=167832"},{"taxonomy":"product_tag","embeddable":true,"href":"https:\/\/www.moskito.cz\/it\/wp-json\/wp\/v2\/product_tag?post=167832"}],"curies":[{"name":"wp","href":"https:\/\/api.w.org\/{rel}","templated":true}]}}