{"id":167914,"date":"2020-04-22T12:19:51","date_gmt":"2020-04-22T11:19:51","guid":{"rendered":"https:\/\/www.moskito.cz\/?post_type=product&#038;p=167914"},"modified":"2025-07-11T07:51:12","modified_gmt":"2025-07-11T06:51:12","slug":"zaviraci-nuz-swisschamp-1-6795-2r","status":"publish","type":"product","link":"https:\/\/www.moskito.cz\/it\/produkt\/zaviraci-nuz-swisschamp-1-6795-2r\/","title":{"rendered":"Zav\u00edrac\u00ed N\u016f\u017e SwissChamp 1.6795.2R"},"content":{"rendered":"<p>Zav\u00edrac\u00ed N\u016f\u017e SwissChamp 1.6795.2R.<\/p>\n<p>Multifunk\u010dn\u00ed n\u016f\u017e o velikosti 91 mm. Po\u010det funkc\u00ed 33<\/p>\n<p>velk\u00fd n\u016f\u017e<br \/>\nmal\u00fd n\u016f\u017e<br \/>\nv\u00fdvrtka<br \/>\notv\u00edr\u00e1k na konzervy s<br \/>\nmal\u00fdm \u0161roubov\u00e1kem<br \/>\notv\u00edr\u00e1k na l\u00e1hve se<br \/>\n\u0161roubov\u00e1kem<br \/>\nodstra\u0148ova\u010dem izolace z dr\u00e1t\u016f<br \/>\nv\u00fdstru\u017en\u00edk, pr\u016fbojn\u00edk<br \/>\nnerezov\u00fd krou\u017eek na kl\u00ed\u010de<br \/>\npinzeta<br \/>\np\u00e1r\u00e1tko<br \/>\nn\u016f\u017eky<br \/>\nv\u00edce\u00fa\u010delov\u00fd h\u00e1\u010dek<br \/>\npilka na d\u0159evo<br \/>\nodstra\u0148ova\u010d \u0161upin s<br \/>\nh\u00e1\u010dkem na vyvrhnut\u00ed<br \/>\nm\u011b\u0159\u00edtkem (v cm a palc\u00edch)<br \/>\npiln\u00ed\u010dek na nehty s<br \/>\npiln\u00edkem na kov<br \/>\n\u010disti\u010dem neht\u016f<br \/>\npilkou na kov<br \/>\njemn\u00fd \u0161roubov\u00e1k<br \/>\ndl\u00e1tko<br \/>\nkle\u0161t\u011b s<br \/>\nst\u0159iha\u010dem dr\u00e1t\u016f<br \/>\nn\u00e1strojem na lemov\u00e1n\u00ed dr\u00e1t\u016f<br \/>\nk\u0159\u00ed\u017eov\u00fd \u0161roubov\u00e1k<br \/>\nzv\u011bt\u0161ovac\u00ed sklo<br \/>\ntlakov\u00e9 kuli\u010dkov\u00e9 pero<br \/>\n\u0161pendl\u00edk z nerez oceli<br \/>\nmini-\u0161roubov\u00e1k (pat.)<br \/>\no\u010dko na \u0161it\u00ed<\/p>\n","protected":false},"excerpt":{"rendered":"<p>Zav\u00edrac\u00ed n\u016f\u017e.<\/p>\n","protected":false},"featured_media":204727,"comment_status":"open","ping_status":"closed","template":"","meta":[],"pwb-brand":[1175],"product_brand":[],"product_cat":[22,17],"product_tag":[],"class_list":{"0":"post-167914","1":"product","2":"type-product","3":"status-publish","4":"has-post-thumbnail","6":"pwb-brand-victorinox","7":"product_cat-zaviraci-noze","8":"product_cat-noze","10":"first","11":"outofstock","12":"taxable","13":"shipping-taxable","14":"purchasable","15":"product-type-simple"},"brands":[{"id":1175,"name":"Victorinox","slug":"victorinox"}],"_links":{"self":[{"href":"https:\/\/www.moskito.cz\/it\/wp-json\/wp\/v2\/product\/167914","targetHints":{"allow":["GET"]}}],"collection":[{"href":"https:\/\/www.moskito.cz\/it\/wp-json\/wp\/v2\/product"}],"about":[{"href":"https:\/\/www.moskito.cz\/it\/wp-json\/wp\/v2\/types\/product"}],"replies":[{"embeddable":true,"href":"https:\/\/www.moskito.cz\/it\/wp-json\/wp\/v2\/comments?post=167914"}],"wp:featuredmedia":[{"embeddable":true,"href":"https:\/\/www.moskito.cz\/it\/wp-json\/wp\/v2\/media\/204727"}],"wp:attachment":[{"href":"https:\/\/www.moskito.cz\/it\/wp-json\/wp\/v2\/media?parent=167914"}],"wp:term":[{"taxonomy":"pwb-brand","embeddable":true,"href":"https:\/\/www.moskito.cz\/it\/wp-json\/wp\/v2\/pwb-brand?post=167914"},{"taxonomy":"product_brand","embeddable":true,"href":"https:\/\/www.moskito.cz\/it\/wp-json\/wp\/v2\/product_brand?post=167914"},{"taxonomy":"product_cat","embeddable":true,"href":"https:\/\/www.moskito.cz\/it\/wp-json\/wp\/v2\/product_cat?post=167914"},{"taxonomy":"product_tag","embeddable":true,"href":"https:\/\/www.moskito.cz\/it\/wp-json\/wp\/v2\/product_tag?post=167914"}],"curies":[{"name":"wp","href":"https:\/\/api.w.org\/{rel}","templated":true}]}}