{"id":168383,"date":"2020-05-23T17:44:56","date_gmt":"2020-05-23T16:44:56","guid":{"rendered":"https:\/\/www.moskito.cz\/?post_type=product&#038;p=168383"},"modified":"2025-07-11T07:51:25","modified_gmt":"2025-07-11T06:51:25","slug":"zaviraci-nuz-tac-force-speedster","status":"publish","type":"product","link":"https:\/\/www.moskito.cz\/it\/produkt\/zaviraci-nuz-tac-force-speedster\/","title":{"rendered":"Zav\u00edrac\u00ed N\u016f\u017e Tac Force Speedster"},"content":{"rendered":"<p>Zav\u00edrac\u00ed N\u016f\u017e Tac Force Speedster.<\/p>\n<p>Tento neuv\u011b\u0159iteln\u011b cen\u011bn\u00fd n\u016f\u017e od Tac-Force m\u00e1 p\u0159ita\u017eliv\u00fd vzhled, kter\u00fd je v t\u00e9to cenov\u00e9 relaci vz\u00e1cn\u00fd.<\/p>\n<p>\u010cern\u00e9 d\u0159evo Pakkawood dod\u00e1v\u00e1 no\u017ei \u0161mrnc. Nerezov\u00e1 \u010depel m\u00e1 \u0161edou povrchovou \u00fapravu a je ve stylu bajonetov\u00e9ho no\u017ee. N\u016f\u017e m\u00e1 asistovan\u00e9 otv\u00edr\u00e1n\u00ed a klip. Celkov\u00e1 d\u00e9lka no\u017ee je 22 cm. D\u00e9lka \u010depele je 10 cm.<\/p>\n<p>&nbsp;<\/p>\n<div id=\"tw-target-text-container\" class=\"tw-ta-container hide-focus-ring tw-nfl\" tabindex=\"0\">\n<pre id=\"tw-target-text\" class=\"tw-data-text tw-text-large XcVN5d tw-ta\" dir=\"ltr\" data-placeholder=\"P\u0159eklad\"><span lang=\"cs\">i<\/span><\/pre>\n<\/div>\n<div id=\"tw-target-rmn-container\" class=\"tw-ta-container hide-focus-ring tw-nfl\">\n<pre id=\"tw-target-rmn\" class=\"tw-data-placeholder tw-text-small tw-ta\" dir=\"ltr\" data-placeholder=\"\"><\/pre>\n<\/div>\n","protected":false},"excerpt":{"rendered":"<p>Poloautomat.<\/p>\n","protected":false},"featured_media":168384,"comment_status":"open","ping_status":"closed","template":"","meta":[],"pwb-brand":[634],"product_brand":[],"product_cat":[22,17],"product_tag":[],"class_list":{"0":"post-168383","1":"product","2":"type-product","3":"status-publish","4":"has-post-thumbnail","6":"pwb-brand-tac-force","7":"product_cat-zaviraci-noze","8":"product_cat-noze","10":"first","11":"outofstock","12":"taxable","13":"shipping-taxable","14":"purchasable","15":"product-type-simple"},"brands":[{"id":634,"name":"Tac Force","slug":"tac-force"}],"_links":{"self":[{"href":"https:\/\/www.moskito.cz\/it\/wp-json\/wp\/v2\/product\/168383","targetHints":{"allow":["GET"]}}],"collection":[{"href":"https:\/\/www.moskito.cz\/it\/wp-json\/wp\/v2\/product"}],"about":[{"href":"https:\/\/www.moskito.cz\/it\/wp-json\/wp\/v2\/types\/product"}],"replies":[{"embeddable":true,"href":"https:\/\/www.moskito.cz\/it\/wp-json\/wp\/v2\/comments?post=168383"}],"wp:featuredmedia":[{"embeddable":true,"href":"https:\/\/www.moskito.cz\/it\/wp-json\/wp\/v2\/media\/168384"}],"wp:attachment":[{"href":"https:\/\/www.moskito.cz\/it\/wp-json\/wp\/v2\/media?parent=168383"}],"wp:term":[{"taxonomy":"pwb-brand","embeddable":true,"href":"https:\/\/www.moskito.cz\/it\/wp-json\/wp\/v2\/pwb-brand?post=168383"},{"taxonomy":"product_brand","embeddable":true,"href":"https:\/\/www.moskito.cz\/it\/wp-json\/wp\/v2\/product_brand?post=168383"},{"taxonomy":"product_cat","embeddable":true,"href":"https:\/\/www.moskito.cz\/it\/wp-json\/wp\/v2\/product_cat?post=168383"},{"taxonomy":"product_tag","embeddable":true,"href":"https:\/\/www.moskito.cz\/it\/wp-json\/wp\/v2\/product_tag?post=168383"}],"curies":[{"name":"wp","href":"https:\/\/api.w.org\/{rel}","templated":true}]}}