{"id":168591,"date":"2020-06-09T13:28:44","date_gmt":"2020-06-09T12:28:44","guid":{"rendered":"https:\/\/www.moskito.cz\/?post_type=product&#038;p=168591"},"modified":"2025-07-11T07:51:34","modified_gmt":"2025-07-11T06:51:34","slug":"samurajsky-mec-handforged-samurai-sword","status":"publish","type":"product","link":"https:\/\/www.moskito.cz\/it\/produkt\/samurajsky-mec-handforged-samurai-sword\/","title":{"rendered":"Samurajsk\u00fd Me\u010d Handforged Samurai Sword"},"content":{"rendered":"<p>Samurajsk\u00fd Me\u010d Handforged Samurai Sword.<\/p>\n<p>Celkov\u00e1 d\u00e9lka me\u010de je 102cm, \u010depel je dlouh\u00e1 68 cm vyroben\u00e1\u00a0 z uhl\u00edkov\u00e9 oceli s vyleptanou lebkou.Na rukojeti je b\u00edl\u00e1 imitace rejno\u010d\u00ed k\u016f\u017ee s \u010dernou omot\u00e1vkou.<\/p>\n<p>Pouzdro je d\u0159ev\u011bn\u00e9, \u010dern\u00e9 s vysok\u00fdm leskem.Sou\u010d\u00e1st\u00ed je \u010dern\u00fd obal na p\u0159en\u00e1\u0161en\u00ed.<\/p>\n<p>&nbsp;<\/p>\n<pre id=\"tw-target-text\" class=\"tw-data-text tw-text-large XcVN5d tw-ta\" dir=\"ltr\" data-placeholder=\"P\u0159eklad\"><span lang=\"cs\">\u00a0<\/span><\/pre>\n","protected":false},"excerpt":{"rendered":"<p>Samurai Sword.<\/p>\n","protected":false},"featured_media":168592,"comment_status":"open","ping_status":"closed","template":"","meta":[],"pwb-brand":[360],"product_brand":[],"product_cat":[24,1942],"product_tag":[],"class_list":{"0":"post-168591","1":"product","2":"type-product","3":"status-publish","4":"has-post-thumbnail","6":"pwb-brand-z-hunter","7":"product_cat-katany-a-mece","8":"product_cat-mece-dyky-repliky","10":"first","11":"outofstock","12":"taxable","13":"shipping-taxable","14":"purchasable","15":"product-type-simple"},"brands":[{"id":360,"name":"Z-Hunter","slug":"z-hunter"}],"_links":{"self":[{"href":"https:\/\/www.moskito.cz\/it\/wp-json\/wp\/v2\/product\/168591","targetHints":{"allow":["GET"]}}],"collection":[{"href":"https:\/\/www.moskito.cz\/it\/wp-json\/wp\/v2\/product"}],"about":[{"href":"https:\/\/www.moskito.cz\/it\/wp-json\/wp\/v2\/types\/product"}],"replies":[{"embeddable":true,"href":"https:\/\/www.moskito.cz\/it\/wp-json\/wp\/v2\/comments?post=168591"}],"wp:featuredmedia":[{"embeddable":true,"href":"https:\/\/www.moskito.cz\/it\/wp-json\/wp\/v2\/media\/168592"}],"wp:attachment":[{"href":"https:\/\/www.moskito.cz\/it\/wp-json\/wp\/v2\/media?parent=168591"}],"wp:term":[{"taxonomy":"pwb-brand","embeddable":true,"href":"https:\/\/www.moskito.cz\/it\/wp-json\/wp\/v2\/pwb-brand?post=168591"},{"taxonomy":"product_brand","embeddable":true,"href":"https:\/\/www.moskito.cz\/it\/wp-json\/wp\/v2\/product_brand?post=168591"},{"taxonomy":"product_cat","embeddable":true,"href":"https:\/\/www.moskito.cz\/it\/wp-json\/wp\/v2\/product_cat?post=168591"},{"taxonomy":"product_tag","embeddable":true,"href":"https:\/\/www.moskito.cz\/it\/wp-json\/wp\/v2\/product_tag?post=168591"}],"curies":[{"name":"wp","href":"https:\/\/api.w.org\/{rel}","templated":true}]}}