{"id":168596,"date":"2020-06-09T14:00:36","date_gmt":"2020-06-09T13:00:36","guid":{"rendered":"https:\/\/www.moskito.cz\/?post_type=product&#038;p=168596"},"modified":"2025-07-11T07:51:34","modified_gmt":"2025-07-11T06:51:34","slug":"samurajsky-mec-paul-chen-zatoichi-sword","status":"publish","type":"product","link":"https:\/\/www.moskito.cz\/it\/produkt\/samurajsky-mec-paul-chen-zatoichi-sword\/","title":{"rendered":"Samurajsk\u00fd Me\u010d CAS Hanwei Zatoichi Sword"},"content":{"rendered":"<p>Samurajsk\u00fd Me\u010d CAS Hanwei Zatoichi Sword.<\/p>\n<p>&#8211; \u010depel s vysok\u00fdm obsahem uhl\u00edku, naost\u0159ena<br \/>\n&#8211; rukoje\u0165 z \u010dern\u00e9ho tvrd\u00e9ho d\u0159eva<br \/>\n&#8211; pochva p\u0159\u00edrodn\u00ed d\u0159evo<br \/>\n&#8211; dod\u00e1v\u00e1no v\u010detn\u011b vaku pro ulo\u017een\u00ed<\/p>\n<p>Celkov\u00e1 d\u00e9lka: 99 cm<br \/>\nD\u00e9lka \u010depele: 72 cm<br \/>\nRukoje\u0165 d\u00e9lka: 27 cm<br \/>\nHmotnost: 681 g<\/p>\n","protected":false},"excerpt":{"rendered":"<p>Zatoichi Sword.<\/p>\n","protected":false},"featured_media":168597,"comment_status":"open","ping_status":"closed","template":"","meta":[],"pwb-brand":[194],"product_brand":[],"product_cat":[24,1942],"product_tag":[],"class_list":{"0":"post-168596","1":"product","2":"type-product","3":"status-publish","4":"has-post-thumbnail","6":"pwb-brand-cas-hanwei","7":"product_cat-katany-a-mece","8":"product_cat-mece-dyky-repliky","10":"first","11":"outofstock","12":"taxable","13":"shipping-taxable","14":"purchasable","15":"product-type-simple"},"brands":[{"id":194,"name":"CAS Hanwei","slug":"cas-hanwei"}],"_links":{"self":[{"href":"https:\/\/www.moskito.cz\/it\/wp-json\/wp\/v2\/product\/168596","targetHints":{"allow":["GET"]}}],"collection":[{"href":"https:\/\/www.moskito.cz\/it\/wp-json\/wp\/v2\/product"}],"about":[{"href":"https:\/\/www.moskito.cz\/it\/wp-json\/wp\/v2\/types\/product"}],"replies":[{"embeddable":true,"href":"https:\/\/www.moskito.cz\/it\/wp-json\/wp\/v2\/comments?post=168596"}],"wp:featuredmedia":[{"embeddable":true,"href":"https:\/\/www.moskito.cz\/it\/wp-json\/wp\/v2\/media\/168597"}],"wp:attachment":[{"href":"https:\/\/www.moskito.cz\/it\/wp-json\/wp\/v2\/media?parent=168596"}],"wp:term":[{"taxonomy":"pwb-brand","embeddable":true,"href":"https:\/\/www.moskito.cz\/it\/wp-json\/wp\/v2\/pwb-brand?post=168596"},{"taxonomy":"product_brand","embeddable":true,"href":"https:\/\/www.moskito.cz\/it\/wp-json\/wp\/v2\/product_brand?post=168596"},{"taxonomy":"product_cat","embeddable":true,"href":"https:\/\/www.moskito.cz\/it\/wp-json\/wp\/v2\/product_cat?post=168596"},{"taxonomy":"product_tag","embeddable":true,"href":"https:\/\/www.moskito.cz\/it\/wp-json\/wp\/v2\/product_tag?post=168596"}],"curies":[{"name":"wp","href":"https:\/\/api.w.org\/{rel}","templated":true}]}}