{"id":168677,"date":"2020-06-15T20:25:31","date_gmt":"2020-06-15T19:25:31","guid":{"rendered":"https:\/\/www.moskito.cz\/?post_type=product&#038;p=168677"},"modified":"2025-07-11T07:51:36","modified_gmt":"2025-07-11T06:51:36","slug":"zaviraci-nuz-ballistic","status":"publish","type":"product","link":"https:\/\/www.moskito.cz\/it\/produkt\/zaviraci-nuz-ballistic\/","title":{"rendered":"Zav\u00edrac\u00ed N\u016f\u017e Ballistic Grey"},"content":{"rendered":"<div dir=\"ltr\"><span id=\"result_box\" lang=\"cs\"><span class=\"hps\">Zav\u00edrac\u00ed N\u016f\u017e Ballistic Grey.<\/span><\/span><\/div>\n<div dir=\"ltr\"><span id=\"result_box\" lang=\"cs\"><span class=\"hps\">N\u016f\u017e m\u00e1 asistovan\u00e9 otev\u00edr\u00e1n\u00ed s pomocnou pru\u017einou.<\/span><br \/>\n<span class=\"hps\">D\u00e9lka \u010depele: 9 cm<\/span><\/span><\/div>\n<div dir=\"ltr\"><span id=\"result_box\" lang=\"cs\">S\u00edla \u010depele je 3 mm<\/span><\/div>\n<div dir=\"ltr\"><span id=\"result_box\" lang=\"cs\"><span class=\"hps\">Ocel: <\/span>440stainless steel &#8211; nerezov\u00e1 ocel<br \/>\n<span class=\"hps\">Nerezov\u00e1 rukoje\u0165 \u0161ed\u00e9 barvy.<\/span><br \/>\n<\/span><\/div>\n","protected":false},"excerpt":{"rendered":"<p>N\u016f\u017e s pojistkou.<\/p>\n","protected":false},"featured_media":168678,"comment_status":"open","ping_status":"closed","template":"","meta":[],"pwb-brand":[416],"product_brand":[],"product_cat":[22,17],"product_tag":[],"class_list":{"0":"post-168677","1":"product","2":"type-product","3":"status-publish","4":"has-post-thumbnail","6":"pwb-brand-mtech","7":"product_cat-zaviraci-noze","8":"product_cat-noze","10":"first","11":"outofstock","12":"taxable","13":"shipping-taxable","14":"purchasable","15":"product-type-simple"},"brands":[{"id":416,"name":"MTech","slug":"mtech"}],"_links":{"self":[{"href":"https:\/\/www.moskito.cz\/it\/wp-json\/wp\/v2\/product\/168677","targetHints":{"allow":["GET"]}}],"collection":[{"href":"https:\/\/www.moskito.cz\/it\/wp-json\/wp\/v2\/product"}],"about":[{"href":"https:\/\/www.moskito.cz\/it\/wp-json\/wp\/v2\/types\/product"}],"replies":[{"embeddable":true,"href":"https:\/\/www.moskito.cz\/it\/wp-json\/wp\/v2\/comments?post=168677"}],"wp:featuredmedia":[{"embeddable":true,"href":"https:\/\/www.moskito.cz\/it\/wp-json\/wp\/v2\/media\/168678"}],"wp:attachment":[{"href":"https:\/\/www.moskito.cz\/it\/wp-json\/wp\/v2\/media?parent=168677"}],"wp:term":[{"taxonomy":"pwb-brand","embeddable":true,"href":"https:\/\/www.moskito.cz\/it\/wp-json\/wp\/v2\/pwb-brand?post=168677"},{"taxonomy":"product_brand","embeddable":true,"href":"https:\/\/www.moskito.cz\/it\/wp-json\/wp\/v2\/product_brand?post=168677"},{"taxonomy":"product_cat","embeddable":true,"href":"https:\/\/www.moskito.cz\/it\/wp-json\/wp\/v2\/product_cat?post=168677"},{"taxonomy":"product_tag","embeddable":true,"href":"https:\/\/www.moskito.cz\/it\/wp-json\/wp\/v2\/product_tag?post=168677"}],"curies":[{"name":"wp","href":"https:\/\/api.w.org\/{rel}","templated":true}]}}