{"id":169073,"date":"2020-07-27T15:42:29","date_gmt":"2020-07-27T14:42:29","guid":{"rendered":"https:\/\/www.moskito.cz\/?post_type=product&#038;p=169073"},"modified":"2025-07-11T07:51:41","modified_gmt":"2025-07-11T06:51:41","slug":"vystrelovaci-nuz-microtech-dirac-225-12-mr","status":"publish","type":"product","link":"https:\/\/www.moskito.cz\/it\/produkt\/vystrelovaci-nuz-microtech-dirac-225-12-mr\/","title":{"rendered":"Vyst\u0159elovac\u00ed N\u016f\u017e Microtech DIRAC 225-12 MR"},"content":{"rendered":"<p>Vyst\u0159elovac\u00ed N\u016f\u017e <strong>Microtech<\/strong> DIRAC 225-12 MR.<br \/>\nDirac je prvn\u00ed dvoj\u010dinn\u00fd n\u016f\u017e Microtech s posuvnou pojistkou.Navr\u017een\u00e1 rukoje\u0165 s ergonomick\u00fdmi zak\u0159iven\u00fdmi \u010darami podobn\u00fdmi H.A.L.O. pro pon\u011bkud odli\u0161n\u00fd pocit, ve srovn\u00e1n\u00ed s ostatn\u00edmi \u00fachyty. Po prozkoum\u00e1n\u00ed tohoto konkr\u00e9tn\u00edho O.T.F. designu, <strong>Microtech <\/strong>aplikoval jejich podpis extr\u00e9mn\u011b vysok\u00e9 kvality, inova\u010dn\u00ed vnit\u0159n\u00ed mechanismus a rozb\u00edje\u010d skla. S Celkovou d\u00e9lkou 18.2 cm je zcela nov\u00fd Dirac vhodn\u00fd pro ka\u017edodenn\u00ed no\u0161en\u00ed.<br \/>\nOcel: M390.<\/p>\n<p><iframe title=\"Microtech Combat Troodon Torture Test\" width=\"800\" height=\"450\" src=\"https:\/\/www.youtube.com\/embed\/xE9TeOFYEjg?feature=oembed\" frameborder=\"0\" allow=\"accelerometer; autoplay; clipboard-write; encrypted-media; gyroscope; picture-in-picture; web-share\" allowfullscreen><\/iframe><\/p>\n<p>&nbsp;<\/p>\n","protected":false},"excerpt":{"rendered":"<p>V pr\u016fb\u011bhu let M<strong>icrotech\u00ae Knives<\/strong> naplnil v\u00e1\u0161n\u00ed a dovednost\u00ed v\u00fdrobu no\u017e\u016f, a\u017e z nich vytvo\u0159il t\u00e9m\u011b\u0159 um\u011bleck\u00e1 d\u00edla,kter\u00e9 jsou vrcholem funk\u010dnosti. V\u0161echny d\u00edly jsou vyrodeny v USA.<br \/>\n<strong>Na v\u0161echny no\u017ee Microtech je do\u017eivotn\u00ed z\u00e1ruka.<\/strong><\/p>\n","protected":false},"featured_media":177466,"comment_status":"open","ping_status":"closed","template":"","meta":[],"pwb-brand":[431],"product_brand":[],"product_cat":[2019,17],"product_tag":[3667],"class_list":{"0":"post-169073","1":"product","2":"type-product","3":"status-publish","4":"has-post-thumbnail","6":"pwb-brand-microtech","7":"product_cat-vystrelovaci-noze","8":"product_cat-noze","9":"product_tag-b2b","11":"first","12":"outofstock","13":"taxable","14":"shipping-taxable","15":"purchasable","16":"product-type-simple"},"brands":[{"id":431,"name":"Microtech","slug":"microtech"}],"_links":{"self":[{"href":"https:\/\/www.moskito.cz\/it\/wp-json\/wp\/v2\/product\/169073","targetHints":{"allow":["GET"]}}],"collection":[{"href":"https:\/\/www.moskito.cz\/it\/wp-json\/wp\/v2\/product"}],"about":[{"href":"https:\/\/www.moskito.cz\/it\/wp-json\/wp\/v2\/types\/product"}],"replies":[{"embeddable":true,"href":"https:\/\/www.moskito.cz\/it\/wp-json\/wp\/v2\/comments?post=169073"}],"wp:featuredmedia":[{"embeddable":true,"href":"https:\/\/www.moskito.cz\/it\/wp-json\/wp\/v2\/media\/177466"}],"wp:attachment":[{"href":"https:\/\/www.moskito.cz\/it\/wp-json\/wp\/v2\/media?parent=169073"}],"wp:term":[{"taxonomy":"pwb-brand","embeddable":true,"href":"https:\/\/www.moskito.cz\/it\/wp-json\/wp\/v2\/pwb-brand?post=169073"},{"taxonomy":"product_brand","embeddable":true,"href":"https:\/\/www.moskito.cz\/it\/wp-json\/wp\/v2\/product_brand?post=169073"},{"taxonomy":"product_cat","embeddable":true,"href":"https:\/\/www.moskito.cz\/it\/wp-json\/wp\/v2\/product_cat?post=169073"},{"taxonomy":"product_tag","embeddable":true,"href":"https:\/\/www.moskito.cz\/it\/wp-json\/wp\/v2\/product_tag?post=169073"}],"curies":[{"name":"wp","href":"https:\/\/api.w.org\/{rel}","templated":true}]}}