{"id":169203,"date":"2020-08-02T20:08:54","date_gmt":"2020-08-02T19:08:54","guid":{"rendered":"https:\/\/www.moskito.cz\/?post_type=product&#038;p=169203"},"modified":"2025-07-11T07:51:51","modified_gmt":"2025-07-11T06:51:51","slug":"vystrelovaci-nuz-microtech-dirac-225-10-od","status":"publish","type":"product","link":"https:\/\/www.moskito.cz\/it\/produkt\/vystrelovaci-nuz-microtech-dirac-225-10-od\/","title":{"rendered":"Vyst\u0159elovac\u00ed N\u016f\u017e Microtech DIRAC 225-10 OD"},"content":{"rendered":"<p>Vyst\u0159elovac\u00ed N\u016f\u017e <strong>Microtech <\/strong>DIRAC 225-10 OD.<br \/>\nDIRAC 225-10 OD je prvn\u00ed dvoj\u010dinn\u00fd n\u016f\u017e Microtech s posuvnou pojistkou.Navr\u017een\u00e1 rukoje\u0165 s ergonomick\u00fdmi zak\u0159iven\u00fdmi \u010darami podobn\u00fdmi H.A.L.O. pro pon\u011bkud odli\u0161n\u00fd pocit, ve srovn\u00e1n\u00ed s ostatn\u00edmi \u00fachyty. Po prozkoum\u00e1n\u00ed tohoto konkr\u00e9tn\u00edho O.T.F. designu, Microtech aplikoval jejich podpis extr\u00e9mn\u011b vysok\u00e9 kvality, inova\u010dn\u00ed vnit\u0159n\u00ed mechanismus a rozb\u00edje\u010d skla. S Celkovou d\u00e9lkou 18.2 cm je zcela nov\u00fd Dirac vhodn\u00fd pro ka\u017edodenn\u00ed no\u0161en\u00ed.<br \/>\nOcel: M390.<\/p>\n<p>The Dirac is the first <strong>Microtech <\/strong>double action knife with a cover firing slider. The extremely ergonomic chassis features curved lines similar to the HALO for a slightly different feel, compared to other handles. They researched this particular OTF design and applied their signature ultra-high tolerance Microtech features such as proprietary hardware, innovative internal mechanism, and glass breaker. With an overall length of 7.25 inches, the Dirac is just right for an everyday knife.<\/p>\n<p>Blade Length: 2.92&#8243;<br \/>\nCutting Edge: 2.625&#8243;<br \/>\nClosed Length: 4.33&#8243;<br \/>\nOverall Length: 7.25&#8243;<br \/>\nPlease note, blade steel cannot be specified as it can change depending on availability (information from <strong>Microtech<\/strong>)<br \/>\nBlade Thickness: 0.095&#8243;<br \/>\nBlade Style: Double Edge Dagger<br \/>\nBlade Grind: Flat<br \/>\nBlade Finish: Stonewash<br \/>\nHandle Material: 6061-T6 Aluminum, OD Green Mil-Spec Hard Coat Anodized<br \/>\nHandle Thickness: 0.42&#8243;<br \/>\nLocking Mechanism: Cover Slide<br \/>\nPocket Clip: 301 Stainless Steel (Tip-Down)<br \/>\nWeight: 2.2 oz.<br \/>\nDesigner: Tony Marfione<br \/>\nMade in the USA<\/p>\n","protected":false},"excerpt":{"rendered":"<p>V pr\u016fb\u011bhu let <strong>Microtech\u00ae Knives <\/strong>naplnil v\u00e1\u0161n\u00ed a dovednost\u00ed v\u00fdrobu no\u017e\u016f, a\u017e z nich vytvo\u0159il t\u00e9m\u011b\u0159 um\u011bleck\u00e1 d\u00edla,kter\u00e9 jsou vrcholem funk\u010dnosti. V\u0161echny d\u00edly jsou vyrodeny v USA.<br \/>\n<strong>Na v\u0161echny no\u017ee Microtech je do\u017eivotn\u00ed z\u00e1ruka.<\/strong><\/p>\n","protected":false},"featured_media":177409,"comment_status":"open","ping_status":"closed","template":"","meta":[],"pwb-brand":[431],"product_brand":[],"product_cat":[2019,17],"product_tag":[],"class_list":{"0":"post-169203","1":"product","2":"type-product","3":"status-publish","4":"has-post-thumbnail","6":"pwb-brand-microtech","7":"product_cat-vystrelovaci-noze","8":"product_cat-noze","10":"first","11":"outofstock","12":"taxable","13":"shipping-taxable","14":"purchasable","15":"product-type-simple"},"brands":[{"id":431,"name":"Microtech","slug":"microtech"}],"_links":{"self":[{"href":"https:\/\/www.moskito.cz\/it\/wp-json\/wp\/v2\/product\/169203","targetHints":{"allow":["GET"]}}],"collection":[{"href":"https:\/\/www.moskito.cz\/it\/wp-json\/wp\/v2\/product"}],"about":[{"href":"https:\/\/www.moskito.cz\/it\/wp-json\/wp\/v2\/types\/product"}],"replies":[{"embeddable":true,"href":"https:\/\/www.moskito.cz\/it\/wp-json\/wp\/v2\/comments?post=169203"}],"wp:featuredmedia":[{"embeddable":true,"href":"https:\/\/www.moskito.cz\/it\/wp-json\/wp\/v2\/media\/177409"}],"wp:attachment":[{"href":"https:\/\/www.moskito.cz\/it\/wp-json\/wp\/v2\/media?parent=169203"}],"wp:term":[{"taxonomy":"pwb-brand","embeddable":true,"href":"https:\/\/www.moskito.cz\/it\/wp-json\/wp\/v2\/pwb-brand?post=169203"},{"taxonomy":"product_brand","embeddable":true,"href":"https:\/\/www.moskito.cz\/it\/wp-json\/wp\/v2\/product_brand?post=169203"},{"taxonomy":"product_cat","embeddable":true,"href":"https:\/\/www.moskito.cz\/it\/wp-json\/wp\/v2\/product_cat?post=169203"},{"taxonomy":"product_tag","embeddable":true,"href":"https:\/\/www.moskito.cz\/it\/wp-json\/wp\/v2\/product_tag?post=169203"}],"curies":[{"name":"wp","href":"https:\/\/api.w.org\/{rel}","templated":true}]}}