{"id":169517,"date":"2020-08-31T20:56:28","date_gmt":"2020-08-31T19:56:28","guid":{"rendered":"https:\/\/www.moskito.cz\/?post_type=product&#038;p=169517"},"modified":"2025-07-11T07:52:13","modified_gmt":"2025-07-11T06:52:13","slug":"vystrelovaci-nuz-microtech-ultratech-zombie-122-1-z","status":"publish","type":"product","link":"https:\/\/www.moskito.cz\/it\/produkt\/vystrelovaci-nuz-microtech-ultratech-zombie-122-1-z\/","title":{"rendered":"Vyst\u0159elovac\u00ed N\u016f\u017e Microtech Ultratech Zombie 122-1 Z"},"content":{"rendered":"<p>Vyst\u0159elovac\u00ed N\u016f\u017e<strong> Microtech <\/strong>Ultratech Zombie 122-1 Z.<\/p>\n<p>Ultratech je bezpochyby vlajkovou lod\u00ed spole\u010dnosti <strong>Microtech <\/strong>od jej\u00edho uveden\u00ed na trh v roce 1999. V posledn\u00ed dob\u011b pro\u0161lo dal\u0161\u00edm estetick\u00fdm p\u0159epracov\u00e1n\u00edm po ohromuj\u00edc\u00edm \u00fasp\u011bchu a chv\u00e1le tradi\u010dn\u00edho stylu. Zat\u00edmco rozm\u011bry Ultratechu z\u016fst\u00e1vaj\u00ed nezm\u011bn\u011bny, rukoje\u0165 byla sta\u017eena zp\u011bt dol\u016f do sv\u00fdch p\u016fvodn\u00edch ko\u0159en\u016f \u2013 nyn\u00ed nab\u00edz\u00ed hladk\u00fd tvarovan\u00fd r\u00e1m, av\u0161ak st\u00e1le se m\u016f\u017ee pochlubit troj\u00fahlov\u00fdm hardwarem, p\u0159epracovanou pojistkou a rozb\u00edje\u010dem skla, kter\u00e9 nyn\u00ed zahrnuje lisovan\u00e9 kuli\u010dkov\u00e9 lo\u017eisko pro pohodln\u011bj\u0161\u00ed, ale st\u00e1le funk\u010dn\u00ed u\u017eivatelsk\u00fd z\u00e1\u017eitek. Ka\u017ed\u00fd n\u016f\u017e Microtech OTF m\u00e1 velmi sofistikovan\u00e9 vnit\u0159n\u00ed mechanismy, kter\u00e9 zlep\u0161uj\u00ed celkovou provozn\u00ed funk\u010dnost a spolehlivost. Tento speci\u00e1ln\u00ed model Zombie Tech se vyzna\u010duje tvarovanou zombie zelenou rukojet\u00ed dopln\u011bnou jedine\u010dn\u00fdm vzorem post\u0159\u00edkaj\u00edc\u00ed \u010derven\u00e9 krve, standardn\u00edm hardwarem a integrovanou funkc\u00ed rozb\u00edjen\u00ed skla spolu s d\u00fdkou ve stylu d\u00fdky s povrchovou \u00fapravou kamene. Klip je ozna\u010den \u201eZombie Tech\u201c a logem Microtech. Vyrobeno v USA.<\/p>\n<p>Celkov\u00e1 d\u00e9lka: 22 cm<br \/>\nD\u00e9lka \u010depele: 8.6 cm<br \/>\nMateri\u00e1l \u010depele: Bohler M390<br \/>\nStyl \u010depele: D\u00fdka<br \/>\nB\u0159itov\u00e9 desti\u010dky: Ploch\u00e9<br \/>\nMateri\u00e1l rukojeti: hlin\u00edk<br \/>\nHmotnost: 3,60 oz.<br \/>\nU\u017eivatel: Prav\u00e1 ruka<br \/>\nPocket Clip: Tip-Down<br \/>\nTyp no\u017ee: Double-Action OTF Automatic<br \/>\nOtv\u00edra\u010d: Thumb Slide<br \/>\nZna\u010dka: Microtech<br \/>\nModel: Ultratech<br \/>\n\u010c\u00edslo modelu: 122-1 Z<br \/>\nZem\u011b p\u016fvodu: USA<br \/>\nNejlep\u0161\u00ed pou\u017eit\u00ed: Ka\u017edodenn\u00ed<\/p>\n<p>The Ultratech, will forever set the standard for all out-the-front knives. Ultratech is <strong>Microtech\u2019s <\/strong>original dual action out-the-front knife, and has been the foundation of their entire OTF line. Over the years, it has gone through several modifications, each time becoming more efficient and reliable. This version has the improved contoured handle with texturing thumb slide for more positive purchase. The Ultratech&#8217;s spring remains in an &#8220;at rest&#8221; position at all times except when deployed. This ensures that the compressed spring will not become fatigued, assuring users that when the knife is fired, it will operate effectively. Ultratech can take many different forms; it can be topped with a standard machined aluminum top or a piece of carbon fiber. The Ultratech&#8217;s light weight, one handed open and close action, slim shape, and scalpel sharp blade make it a one of a kind knife, only available through <strong>Microtech<\/strong>. This knife has proven time and again that it can withstand any obstacle. Only time will tell what the next step will be for the Ultratech series.<br \/>\nSpecifications<br \/>\nAutomatic Opening\/Closing &#8211; Front Opener<br \/>\nAction: Dual Action &#8211; Auto Fire\/Retract<br \/>\nPlease note, blade steel cannot be specified as it can change depending on availability (information from <strong>Microtech<\/strong>)<br \/>\nBlade Length: 3.46&#8243;<br \/>\nBlade Style: Double Edge, Plain<br \/>\nHandle Thickness: 0.640&#8243;<br \/>\nHandle Material: 6061-T6 Aluminum with Zombie Green Mil-Spec Hard Coat Anodizing<br \/>\nLength Closed: 4.84&#8243;<br \/>\nLength Open: 8.30&#8243;<br \/>\nPocket Clip Material: 301 Stainless Full Hard<br \/>\nStandard Top: 6061-T6 AL Alloy<br \/>\nTrigger: 303 Stainless<br \/>\nWindow Breaker<br \/>\nMade in the USA<\/p>\n","protected":false},"excerpt":{"rendered":"<p>V pr\u016fb\u011bhu let <strong>Microtech\u00ae Knives <\/strong>naplnil v\u00e1\u0161n\u00ed a dovednost\u00ed v\u00fdrobu no\u017e\u016f, a\u017e z nich vytvo\u0159il t\u00e9m\u011b\u0159 um\u011bleck\u00e1 d\u00edla,kter\u00e9 jsou vrcholem funk\u010dnosti.V\u0161echny d\u00edly jsou vyrodeny v USA.<br \/>\n<strong>Na v\u0161echny no\u017ee Microtech je do\u017eivotn\u00ed z\u00e1ruka.<\/strong><\/p>\n","protected":false},"featured_media":177275,"comment_status":"open","ping_status":"closed","template":"","meta":[],"pwb-brand":[431],"product_brand":[],"product_cat":[2019,17],"product_tag":[],"class_list":{"0":"post-169517","1":"product","2":"type-product","3":"status-publish","4":"has-post-thumbnail","6":"pwb-brand-microtech","7":"product_cat-vystrelovaci-noze","8":"product_cat-noze","10":"first","11":"outofstock","12":"taxable","13":"shipping-taxable","14":"purchasable","15":"product-type-simple"},"brands":[{"id":431,"name":"Microtech","slug":"microtech"}],"_links":{"self":[{"href":"https:\/\/www.moskito.cz\/it\/wp-json\/wp\/v2\/product\/169517","targetHints":{"allow":["GET"]}}],"collection":[{"href":"https:\/\/www.moskito.cz\/it\/wp-json\/wp\/v2\/product"}],"about":[{"href":"https:\/\/www.moskito.cz\/it\/wp-json\/wp\/v2\/types\/product"}],"replies":[{"embeddable":true,"href":"https:\/\/www.moskito.cz\/it\/wp-json\/wp\/v2\/comments?post=169517"}],"wp:featuredmedia":[{"embeddable":true,"href":"https:\/\/www.moskito.cz\/it\/wp-json\/wp\/v2\/media\/177275"}],"wp:attachment":[{"href":"https:\/\/www.moskito.cz\/it\/wp-json\/wp\/v2\/media?parent=169517"}],"wp:term":[{"taxonomy":"pwb-brand","embeddable":true,"href":"https:\/\/www.moskito.cz\/it\/wp-json\/wp\/v2\/pwb-brand?post=169517"},{"taxonomy":"product_brand","embeddable":true,"href":"https:\/\/www.moskito.cz\/it\/wp-json\/wp\/v2\/product_brand?post=169517"},{"taxonomy":"product_cat","embeddable":true,"href":"https:\/\/www.moskito.cz\/it\/wp-json\/wp\/v2\/product_cat?post=169517"},{"taxonomy":"product_tag","embeddable":true,"href":"https:\/\/www.moskito.cz\/it\/wp-json\/wp\/v2\/product_tag?post=169517"}],"curies":[{"name":"wp","href":"https:\/\/api.w.org\/{rel}","templated":true}]}}