{"id":169548,"date":"2020-09-01T20:36:12","date_gmt":"2020-09-01T19:36:12","guid":{"rendered":"https:\/\/www.moskito.cz\/?post_type=product&#038;p=169548"},"modified":"2025-07-11T07:52:15","modified_gmt":"2025-07-11T06:52:15","slug":"zaviraci-nuz-microtech-socom-signature-series-160-1dlcs","status":"publish","type":"product","link":"https:\/\/www.moskito.cz\/it\/produkt\/zaviraci-nuz-microtech-socom-signature-series-160-1dlcs\/","title":{"rendered":"Zav\u00edrac\u00ed N\u016f\u017e Microtech Socom SIGNATURE SERIES 160-1DLCS"},"content":{"rendered":"<p>Zav\u00edrac\u00ed N\u016f\u017e <strong>Microtech<\/strong> Socom SIGNATURE SERIES 160-1DLCS.<br \/>\nSocom SIGNATURE SERIES 160-1DLCS nastavuje standard pro taktick\u00e9 no\u017ee. Od zalo\u017een\u00ed p\u016fvodn\u00edho Socomu v roce 1996 byl pr\u016fkopn\u00edkem cel\u00e9 na\u0161\u00ed \u0159ady zav\u00edrac\u00edch no\u017e\u016f. V pr\u016fb\u011bhu let do\u0161lo k vylep\u0161en\u00ed, d\u00edky kter\u00fdm se Socom p\u0159izp\u016fsobil r\u016fzn\u00fdm prost\u0159ed\u00edm. Ru\u010dn\u00ed nebo automobilov\u00e9 Socom m\u00e1 jedine\u010dn\u00fd tvar rukojeti, kter\u00fd padne do va\u0161\u00ed ruky. Ihned pozn\u00e1te \u017ee kupujete ten nejlep\u0161\u00ed n\u016f\u017e na trhu bez ohledu na to, kter\u00fd druh \u010depele si vyberete.<br \/>\nD\u00e9lka \u010depele 10 cm, celkov\u00e1 d\u00e9lka 23 cm, \u010depel ocel CTS 204 P, materi\u00e1l rukojeti je hlin\u00edk 6061 T6.<\/p>\n<p>While the Socom Elite has been made before, this model has been redesigned&#8211;now featuring an upgraded glassbreaker system in addition to a modified pocket clip, custom standoffs and a sub-frame lock design. Since the inaugural models debuted in 1996, the Socom line has been a standard for law enforcement, military personnel as well as the civilian sector or anyone else looking for a workhorse of a folder. Part of the Signature Series, this model features a black anodized aircraft-grade aluminum handle complete with grip-promoting inlays, standard bronze hardware, a clip point style blade, sporting the <strong>Microtech <\/strong>claw logo, in a DLC (Diamond Like Carbon) black finish and the pocket clip is statically designed for tip down carry only on the traditional side of the handle. Made in the USA.<\/p>\n<p>Please note that a production machining mark found on the interior of the lanyard hole will be present<\/p>\n<p>SPECIFICATIONS:<\/p>\n<p>Blade Length: 4&#8243;<br \/>\nOverall Length: 9.18&#8243;<br \/>\nBlade Material: M390 Stainless Steel<br \/>\nBlade Finish: DLC Black<br \/>\nHandle Length: 5.18&#8243;<br \/>\nHandle Material: 7075-T611 Aluminum<br \/>\nWeight: 5.25 oz.<\/p>\n","protected":false},"excerpt":{"rendered":"<p>V pr\u016fb\u011bhu let <strong>Microtech\u00ae Knives <\/strong>naplnil v\u00e1\u0161n\u00ed a dovednost\u00ed v\u00fdrobu no\u017e\u016f, a\u017e z nich vytvo\u0159il t\u00e9m\u011b\u0159 um\u011bleck\u00e1 d\u00edla,kter\u00e9 jsou vrcholem funk\u010dnosti.V\u0161echny d\u00edly jsou vyrodeny v USA.<br \/>\n<strong>Na v\u0161echny no\u017ee Microtech je do\u017eivotn\u00ed z\u00e1ruka.<\/strong><\/p>\n","protected":false},"featured_media":178896,"comment_status":"open","ping_status":"closed","template":"","meta":[],"pwb-brand":[431],"product_brand":[],"product_cat":[2019,17],"product_tag":[],"class_list":{"0":"post-169548","1":"product","2":"type-product","3":"status-publish","4":"has-post-thumbnail","6":"pwb-brand-microtech","7":"product_cat-vystrelovaci-noze","8":"product_cat-noze","10":"first","11":"outofstock","12":"taxable","13":"shipping-taxable","14":"purchasable","15":"product-type-simple"},"brands":[{"id":431,"name":"Microtech","slug":"microtech"}],"_links":{"self":[{"href":"https:\/\/www.moskito.cz\/it\/wp-json\/wp\/v2\/product\/169548","targetHints":{"allow":["GET"]}}],"collection":[{"href":"https:\/\/www.moskito.cz\/it\/wp-json\/wp\/v2\/product"}],"about":[{"href":"https:\/\/www.moskito.cz\/it\/wp-json\/wp\/v2\/types\/product"}],"replies":[{"embeddable":true,"href":"https:\/\/www.moskito.cz\/it\/wp-json\/wp\/v2\/comments?post=169548"}],"wp:featuredmedia":[{"embeddable":true,"href":"https:\/\/www.moskito.cz\/it\/wp-json\/wp\/v2\/media\/178896"}],"wp:attachment":[{"href":"https:\/\/www.moskito.cz\/it\/wp-json\/wp\/v2\/media?parent=169548"}],"wp:term":[{"taxonomy":"pwb-brand","embeddable":true,"href":"https:\/\/www.moskito.cz\/it\/wp-json\/wp\/v2\/pwb-brand?post=169548"},{"taxonomy":"product_brand","embeddable":true,"href":"https:\/\/www.moskito.cz\/it\/wp-json\/wp\/v2\/product_brand?post=169548"},{"taxonomy":"product_cat","embeddable":true,"href":"https:\/\/www.moskito.cz\/it\/wp-json\/wp\/v2\/product_cat?post=169548"},{"taxonomy":"product_tag","embeddable":true,"href":"https:\/\/www.moskito.cz\/it\/wp-json\/wp\/v2\/product_tag?post=169548"}],"curies":[{"name":"wp","href":"https:\/\/api.w.org\/{rel}","templated":true}]}}